{"id":2410,"date":"2025-01-21T09:28:48","date_gmt":"2025-01-21T19:28:48","guid":{"rendered":"https:\/\/mori-mana.com\/?page_id=2410"},"modified":"2025-02-09T08:57:20","modified_gmt":"2025-02-09T18:57:20","slug":"etudes-scientifiques","status":"publish","type":"page","link":"https:\/\/mori-mana.com\/index.php\/etudes-scientifiques\/","title":{"rendered":"ETUDES SCIENTIFIQUES"},"content":{"rendered":"\t\t<div data-elementor-type=\"wp-page\" data-elementor-id=\"2410\" class=\"elementor elementor-2410\">\n\t\t\t\t<div class=\"elementor-element elementor-element-418d7d3 e-flex e-con-boxed e-con e-parent\" data-id=\"418d7d3\" data-element_type=\"container\" data-e-type=\"container\" data-settings=\"{&quot;background_background&quot;:&quot;classic&quot;}\">\n\t\t\t\t\t<div class=\"e-con-inner\">\n\t\t\t\t<div class=\"elementor-element elementor-element-c82fdbf elementor-widget elementor-widget-heading\" data-id=\"c82fdbf\" data-element_type=\"widget\" data-e-type=\"widget\" data-widget_type=\"heading.default\">\n\t\t\t\t<div class=\"elementor-widget-container\">\n\t\t\t\t\t<h1 class=\"elementor-heading-title elementor-size-default\">Les \u00c9tudes Scientifiques<\/h1>\t\t\t\t<\/div>\n\t\t\t\t<\/div>\n\t\t\t\t\t<\/div>\n\t\t\t\t<\/div>\n\t\t<div class=\"elementor-element elementor-element-eac546d e-flex e-con-boxed e-con e-parent\" data-id=\"eac546d\" data-element_type=\"container\" data-e-type=\"container\">\n\t\t\t\t\t<div class=\"e-con-inner\">\n\t\t\t\t<div class=\"elementor-element elementor-element-3cf90a5 elementor-widget elementor-widget-spacer\" data-id=\"3cf90a5\" data-element_type=\"widget\" data-e-type=\"widget\" data-widget_type=\"spacer.default\">\n\t\t\t\t<div class=\"elementor-widget-container\">\n\t\t\t\t\t\t\t<div class=\"elementor-spacer\">\n\t\t\t<div class=\"elementor-spacer-inner\"><\/div>\n\t\t<\/div>\n\t\t\t\t\t\t<\/div>\n\t\t\t\t<\/div>\n\t\t\t\t<div class=\"elementor-element elementor-element-33733d6 elementor-widget elementor-widget-heading\" data-id=\"33733d6\" data-element_type=\"widget\" data-e-type=\"widget\" data-widget_type=\"heading.default\">\n\t\t\t\t<div class=\"elementor-widget-container\">\n\t\t\t\t\t<h3 class=\"elementor-heading-title elementor-size-default\">la luminoth\u00e9rapie pour le visage et le corps : <\/h3>\t\t\t\t<\/div>\n\t\t\t\t<\/div>\n\t\t\t\t<div class=\"elementor-element elementor-element-a114205 elementor-widget elementor-widget-text-editor\" data-id=\"a114205\" data-element_type=\"widget\" data-e-type=\"widget\" data-widget_type=\"text-editor.default\">\n\t\t\t\t<div class=\"elementor-widget-container\">\n\t\t\t\t\t\t\t\t\t<p>Cliquez sur les liens pour en savoir plus.<\/p>\t\t\t\t\t\t\t\t<\/div>\n\t\t\t\t<\/div>\n\t\t\t\t<div class=\"elementor-element elementor-element-783641d elementor-widget elementor-widget-text-editor\" data-id=\"783641d\" data-element_type=\"widget\" data-e-type=\"widget\" data-widget_type=\"text-editor.default\">\n\t\t\t\t<div class=\"elementor-widget-container\">\n\t\t\t\t\t\t\t\t\t<ul><li style=\"font-weight: 400;\" aria-level=\"1\"><span style=\"font-weight: 400;\">\u00c9tudes Clinique Light Tree Ventures \u2013 <\/span><a href=\"https:\/\/cdn.shopify.com\/s\/files\/1\/0616\/3995\/0544\/files\/fr-en_red-light.pdf?v=1676386206\"><span style=\"font-weight: 400;\">Th\u00e9rapie Anti-\u00e2ge Lumi\u00e8re rouge<\/span><\/a><span style=\"font-weight: 400;\"> &amp; <\/span><a href=\"https:\/\/cdn.shopify.com\/s\/files\/1\/0616\/3995\/0544\/files\/fr-en_red-and-infrared.pdf?v=1676386212\"><span style=\"font-weight: 400;\">Th\u00e9rapie Anti-\u00e2ge Lumi\u00e8re rouge et Infrarouge<\/span><\/a><span style=\"font-weight: 400;\">.<\/span><\/li><li style=\"font-weight: 400;\" aria-level=\"1\"><a href=\"https:\/\/www.ncbi.nlm.nih.gov\/pmc\/articles\/PMC5843358\/\"><span style=\"font-weight: 400;\">Phototh\u00e9rapie et applications<\/span><\/a><\/li><li style=\"font-weight: 400;\" aria-level=\"1\"><a href=\"https:\/\/www.ncbi.nlm.nih.gov\/pmc\/articles\/PMC4126803\"><span style=\"font-weight: 400;\">Luminoth\u00e9rapie : fonctionnement est b\u00e9n\u00e9fices<\/span><\/a><\/li><li style=\"font-weight: 400;\" aria-level=\"1\"><a href=\"https:\/\/onlinelibrary.wiley.com\/doi\/full\/10.1111\/j.1751-1097.2007.00286.x\"><span style=\"font-weight: 400;\">Effet de la lumi\u00e8re visible sur la peau<\/span><\/a><\/li><li style=\"font-weight: 400;\" aria-level=\"1\"><a href=\"https:\/\/link.springer.com\/content\/pdf\/10.1007\/s10103-018-2584-8.pdf\"><span style=\"font-weight: 400;\">Effets des LED en dermatologie<\/span><\/a><\/li><li style=\"font-weight: 400;\" aria-level=\"1\"><a href=\"https:\/\/pubmed.ncbi.nlm.nih.gov\/16144476\/\"><span style=\"font-weight: 400;\">Les spectres d&rsquo;action exacts pour les r\u00e9ponses cellulaires pertinentes \u00e0 la phototh\u00e9rapie<\/span><\/a><\/li><li style=\"font-weight: 400;\" aria-level=\"1\"><a href=\"https:\/\/gembared.com\/blogs\/musings\/how-deep-does-red-and-near-infrared-wavelengths-penetrate-into-the-body-marketing-vs-science\"><span style=\"font-weight: 400;\">\u00c0 quelle profondeur la lumi\u00e8re rouge et infrarouge p\u00e9n\u00e8tre-t-elle dans le corps ? Marketing contre Science<\/span><\/a><\/li><\/ul>\t\t\t\t\t\t\t\t<\/div>\n\t\t\t\t<\/div>\n\t\t\t\t<div class=\"elementor-element elementor-element-a167c8e elementor-widget elementor-widget-heading\" data-id=\"a167c8e\" data-element_type=\"widget\" data-e-type=\"widget\" data-widget_type=\"heading.default\">\n\t\t\t\t<div class=\"elementor-widget-container\">\n\t\t\t\t\t<h3 class=\"elementor-heading-title elementor-size-default\">LA LUMINOTH\u00c9RAPIE POUR LES CHEVEUX :<\/h3>\t\t\t\t<\/div>\n\t\t\t\t<\/div>\n\t\t\t\t<div class=\"elementor-element elementor-element-5fa4e29 elementor-widget elementor-widget-text-editor\" data-id=\"5fa4e29\" data-element_type=\"widget\" data-e-type=\"widget\" data-widget_type=\"text-editor.default\">\n\t\t\t\t<div class=\"elementor-widget-container\">\n\t\t\t\t\t\t\t\t\t<p>Cliquez sur les liens pour en savoir plus.<\/p>\t\t\t\t\t\t\t\t<\/div>\n\t\t\t\t<\/div>\n\t\t\t\t<div class=\"elementor-element elementor-element-8d526cc elementor-widget elementor-widget-text-editor\" data-id=\"8d526cc\" data-element_type=\"widget\" data-e-type=\"widget\" data-widget_type=\"text-editor.default\">\n\t\t\t\t<div class=\"elementor-widget-container\">\n\t\t\t\t\t\t\t\t\t<ul><li style=\"font-weight: 400;\" aria-level=\"1\"><a href=\"https:\/\/onlinelibrary.wiley.com\/doi\/full\/10.1111\/phpp.12649\"><span style=\"font-weight: 400;\">\u00c9tude sur l\u2019efficacit\u00e9 des LEDs et lasers sur la pousse des cheveux<\/span><\/a><\/li><li style=\"font-weight: 400;\" aria-level=\"1\"><a href=\"https:\/\/www.ncbi.nlm.nih.gov\/pmc\/articles\/PMC8906269\/\"><span style=\"font-weight: 400;\">Role of Low-Level Light Therapy (LLLT) in Androgenetic Alopecia (2021)<\/span><\/a><\/li><li style=\"font-weight: 400;\" aria-level=\"1\"><a href=\"https:\/\/link.springer.com\/article\/10.1007\/s10103-020-03157-1\"><span style=\"font-weight: 400;\">Comparison of low-level light therapy in the treatment of female pattern hair loss (2020)<\/span><\/a><\/li><li style=\"font-weight: 400;\" aria-level=\"1\"><a href=\"https:\/\/onlinelibrary.wiley.com\/doi\/10.1111\/phpp.12649\"><span style=\"font-weight: 400;\">Photobiomodulation for the management of hair loss (2020)<\/span><\/a><\/li><li style=\"font-weight: 400;\" aria-level=\"1\"><a href=\"https:\/\/www.sciencedirect.com\/science\/article\/abs\/pii\/S073386352100022X?via%3Dihub;\"><span style=\"font-weight: 400;\">Energy-based Devices for Hair Loss (2021)<\/span><\/a><\/li><li style=\"font-weight: 400;\" aria-level=\"1\"><a href=\"https:\/\/pubmed.ncbi.nlm.nih.gov\/32790116\/\"><span style=\"font-weight: 400;\">Factors influencing the effect of photobiomodulation in the treatment of androgenetic alopecia: A systematic review and analyses of summary-level data (2020)<\/span><\/a><\/li><li style=\"font-weight: 400;\" aria-level=\"1\"><a href=\"https:\/\/pubmed.ncbi.nlm.nih.gov\/29270707\/%C2%A0\"><span style=\"font-weight: 400;\">Low-level laser therapy for the treatment of androgenic alopecia: a review (2018)<\/span><\/a><\/li><li style=\"font-weight: 400;\" aria-level=\"1\"><a href=\"https:\/\/www.ncbi.nlm.nih.gov\/pmc\/articles\/PMC3944668\"><span style=\"font-weight: 400;\">Low-Level Laser (Light) Therapy (LLLT) for Treatment of Hair Loss 2015<\/span><\/a><\/li><li style=\"font-weight: 400;\" aria-level=\"1\"><a href=\"https:\/\/link.springer.com\/content\/pdf\/10.1007\/s10103-018-2584-8.pdf\"><span style=\"font-weight: 400;\">Effets des LED en dermatologie<\/span><\/a><\/li><li style=\"font-weight: 400;\" aria-level=\"1\"><a href=\"https:\/\/www.researchgate.net\/publication\/319652066_Effect_of_wavelength_and_beam_width_on_penetration_in_light-tissue_interaction_using_computational_methods\"><span style=\"font-weight: 400;\">Effet de la longueur d&rsquo;onde et de la largeur du faisceau sur la p\u00e9n\u00e9tration dans l&rsquo;interaction lumi\u00e8re-tissu \u00e0 l&rsquo;aide de m\u00e9thodes num\u00e9riques<\/span><\/a><\/li><\/ul>\t\t\t\t\t\t\t\t<\/div>\n\t\t\t\t<\/div>\n\t\t\t\t<div class=\"elementor-element elementor-element-7740df1 elementor-widget elementor-widget-spacer\" data-id=\"7740df1\" data-element_type=\"widget\" data-e-type=\"widget\" data-widget_type=\"spacer.default\">\n\t\t\t\t<div class=\"elementor-widget-container\">\n\t\t\t\t\t\t\t<div class=\"elementor-spacer\">\n\t\t\t<div class=\"elementor-spacer-inner\"><\/div>\n\t\t<\/div>\n\t\t\t\t\t\t<\/div>\n\t\t\t\t<\/div>\n\t\t\t\t\t<\/div>\n\t\t\t\t<\/div>\n\t\t<div class=\"elementor-element elementor-element-4f87b28 e-flex e-con-boxed e-con e-parent\" data-id=\"4f87b28\" data-element_type=\"container\" data-e-type=\"container\" data-settings=\"{&quot;background_background&quot;:&quot;gradient&quot;}\">\n\t\t\t\t\t<div class=\"e-con-inner\">\n\t\t<div class=\"elementor-element elementor-element-b11b0f2 e-con-full e-flex e-con e-child\" data-id=\"b11b0f2\" data-element_type=\"container\" data-e-type=\"container\" data-settings=\"{&quot;background_background&quot;:&quot;gradient&quot;}\">\n\t\t<div class=\"elementor-element elementor-element-861d0d3 e-con-full e-flex e-con e-child\" data-id=\"861d0d3\" data-element_type=\"container\" data-e-type=\"container\" data-settings=\"{&quot;background_background&quot;:&quot;gradient&quot;}\">\n\t\t<div class=\"elementor-element elementor-element-6ac532e e-con-full e-flex e-con e-child\" data-id=\"6ac532e\" data-element_type=\"container\" data-e-type=\"container\">\n\t\t\t\t<div class=\"elementor-element elementor-element-86d3e0d elementor-widget elementor-widget-heading\" data-id=\"86d3e0d\" data-element_type=\"widget\" data-e-type=\"widget\" data-widget_type=\"heading.default\">\n\t\t\t\t<div class=\"elementor-widget-container\">\n\t\t\t\t\t<h2 class=\"elementor-heading-title elementor-size-default\">Sublimez-vous, <\/h2>\t\t\t\t<\/div>\n\t\t\t\t<\/div>\n\t\t\t\t<div class=\"elementor-element elementor-element-712d22f elementor-widget elementor-widget-heading\" data-id=\"712d22f\" data-element_type=\"widget\" data-e-type=\"widget\" data-widget_type=\"heading.default\">\n\t\t\t\t<div class=\"elementor-widget-container\">\n\t\t\t\t\t<h2 class=\"elementor-heading-title elementor-size-default\">NATURELLEMENT !\u200b<\/h2>\t\t\t\t<\/div>\n\t\t\t\t<\/div>\n\t\t\t\t<div class=\"elementor-element elementor-element-76ad8d9 elementor-widget elementor-widget-text-editor\" data-id=\"76ad8d9\" data-element_type=\"widget\" data-e-type=\"widget\" data-widget_type=\"text-editor.default\">\n\t\t\t\t<div class=\"elementor-widget-container\">\n\t\t\t\t\t\t\t\t\t<p>D\u00e9couvrez notre collection exclusive de produits d\u00e9di\u00e9s \u00e0 la Beaut\u00e9 et au Bien-\u00eatre, con\u00e7us pour sublimer votre quotidien.<\/p>\t\t\t\t\t\t\t\t<\/div>\n\t\t\t\t<\/div>\n\t\t\t\t<div class=\"elementor-element elementor-element-a15924a elementor-align-center elementor-widget elementor-widget-button\" data-id=\"a15924a\" data-element_type=\"widget\" data-e-type=\"widget\" data-widget_type=\"button.default\">\n\t\t\t\t<div class=\"elementor-widget-container\">\n\t\t\t\t\t\t\t\t\t<div class=\"elementor-button-wrapper\">\n\t\t\t\t\t<a class=\"elementor-button elementor-button-link elementor-size-sm\" href=\"https:\/\/mori-mana.com\/index.php\/produits__trashed\/tous-nos-produits\/\">\n\t\t\t\t\t\t<span class=\"elementor-button-content-wrapper\">\n\t\t\t\t\t\t\t\t\t<span class=\"elementor-button-text\">NOS PRODUITS<\/span>\n\t\t\t\t\t<\/span>\n\t\t\t\t\t<\/a>\n\t\t\t\t<\/div>\n\t\t\t\t\t\t\t\t<\/div>\n\t\t\t\t<\/div>\n\t\t\t\t<\/div>\n\t\t<div class=\"elementor-element elementor-element-dc8a4de e-con-full e-flex e-con e-child\" data-id=\"dc8a4de\" data-element_type=\"container\" data-e-type=\"container\">\n\t\t\t\t<div class=\"elementor-element elementor-element-0bc677a elementor-widget__width-initial elementor-widget elementor-widget-image\" data-id=\"0bc677a\" data-element_type=\"widget\" data-e-type=\"widget\" data-widget_type=\"image.default\">\n\t\t\t\t<div class=\"elementor-widget-container\">\n\t\t\t\t\t\t\t\t\t\t\t\t\t\t\t<img fetchpriority=\"high\" decoding=\"async\" width=\"1120\" height=\"1080\" src=\"https:\/\/mori-mana.com\/wp-content\/uploads\/2025\/01\/img-_-ori-mana-2-e1736392148661.png\" class=\"attachment-2048x2048 size-2048x2048 wp-image-1453\" alt=\"\" srcset=\"https:\/\/mori-mana.com\/wp-content\/uploads\/2025\/01\/img-_-ori-mana-2-e1736392148661.png 1120w, https:\/\/mori-mana.com\/wp-content\/uploads\/2025\/01\/img-_-ori-mana-2-e1736392148661-300x289.png 300w, https:\/\/mori-mana.com\/wp-content\/uploads\/2025\/01\/img-_-ori-mana-2-e1736392148661-1024x987.png 1024w, https:\/\/mori-mana.com\/wp-content\/uploads\/2025\/01\/img-_-ori-mana-2-e1736392148661-768x741.png 768w, https:\/\/mori-mana.com\/wp-content\/uploads\/2025\/01\/img-_-ori-mana-2-e1736392148661-600x579.png 600w\" sizes=\"(max-width: 1120px) 100vw, 1120px\" \/>\t\t\t\t\t\t\t\t\t\t\t\t\t\t\t<\/div>\n\t\t\t\t<\/div>\n\t\t\t\t<\/div>\n\t\t\t\t<\/div>\n\t\t\t\t<\/div>\n\t\t\t\t\t<\/div>\n\t\t\t\t<\/div>\n\t\t\t\t<\/div>\n\t\t","protected":false},"excerpt":{"rendered":"<p>Les \u00c9tudes Scientifiques la luminoth\u00e9rapie pour le visage et le corps : Cliquez sur les liens pour en savoir plus. \u00c9tudes Clinique Light Tree Ventures \u2013 Th\u00e9rapie Anti-\u00e2ge Lumi\u00e8re rouge &amp; Th\u00e9rapie Anti-\u00e2ge Lumi\u00e8re rouge et Infrarouge. Phototh\u00e9rapie et applications Luminoth\u00e9rapie : fonctionnement est b\u00e9n\u00e9fices Effet de la lumi\u00e8re visible sur la peau Effets des [&hellip;]<\/p>\n","protected":false},"author":1,"featured_media":0,"parent":0,"menu_order":0,"comment_status":"closed","ping_status":"closed","template":"","meta":{"_eb_attr":"","ocean_post_layout":"full-screen","ocean_both_sidebars_style":"","ocean_both_sidebars_content_width":0,"ocean_both_sidebars_sidebars_width":0,"ocean_sidebar":"","ocean_second_sidebar":"","ocean_disable_margins":"enable","ocean_add_body_class":"","ocean_shortcode_before_top_bar":"","ocean_shortcode_after_top_bar":"","ocean_shortcode_before_header":"","ocean_shortcode_after_header":"","ocean_has_shortcode":"","ocean_shortcode_after_title":"","ocean_shortcode_before_footer_widgets":"","ocean_shortcode_after_footer_widgets":"","ocean_shortcode_before_footer_bottom":"","ocean_shortcode_after_footer_bottom":"","ocean_display_top_bar":"default","ocean_display_header":"default","ocean_header_style":"","ocean_center_header_left_menu":"","ocean_custom_header_template":"","ocean_custom_logo":0,"ocean_custom_retina_logo":0,"ocean_custom_logo_max_width":0,"ocean_custom_logo_tablet_max_width":0,"ocean_custom_logo_mobile_max_width":0,"ocean_custom_logo_max_height":0,"ocean_custom_logo_tablet_max_height":0,"ocean_custom_logo_mobile_max_height":0,"ocean_header_custom_menu":"","ocean_menu_typo_font_family":"","ocean_menu_typo_font_subset":"","ocean_menu_typo_font_size":0,"ocean_menu_typo_font_size_tablet":0,"ocean_menu_typo_font_size_mobile":0,"ocean_menu_typo_font_size_unit":"px","ocean_menu_typo_font_weight":"","ocean_menu_typo_font_weight_tablet":"","ocean_menu_typo_font_weight_mobile":"","ocean_menu_typo_transform":"","ocean_menu_typo_transform_tablet":"","ocean_menu_typo_transform_mobile":"","ocean_menu_typo_line_height":0,"ocean_menu_typo_line_height_tablet":0,"ocean_menu_typo_line_height_mobile":0,"ocean_menu_typo_line_height_unit":"","ocean_menu_typo_spacing":0,"ocean_menu_typo_spacing_tablet":0,"ocean_menu_typo_spacing_mobile":0,"ocean_menu_typo_spacing_unit":"","ocean_menu_link_color":"","ocean_menu_link_color_hover":"","ocean_menu_link_color_active":"","ocean_menu_link_background":"","ocean_menu_link_hover_background":"","ocean_menu_link_active_background":"","ocean_menu_social_links_bg":"","ocean_menu_social_hover_links_bg":"","ocean_menu_social_links_color":"","ocean_menu_social_hover_links_color":"","ocean_disable_title":"default","ocean_disable_heading":"default","ocean_post_title":"","ocean_post_subheading":"","ocean_post_title_style":"","ocean_post_title_background_color":"","ocean_post_title_background":0,"ocean_post_title_bg_image_position":"","ocean_post_title_bg_image_attachment":"","ocean_post_title_bg_image_repeat":"","ocean_post_title_bg_image_size":"","ocean_post_title_height":0,"ocean_post_title_bg_overlay":0.5,"ocean_post_title_bg_overlay_color":"","ocean_disable_breadcrumbs":"default","ocean_breadcrumbs_color":"","ocean_breadcrumbs_separator_color":"","ocean_breadcrumbs_links_color":"","ocean_breadcrumbs_links_hover_color":"","ocean_display_footer_widgets":"default","ocean_display_footer_bottom":"default","ocean_custom_footer_template":"","footnotes":""},"class_list":["post-2410","page","type-page","status-publish","hentry","entry","owp-thumbs-layout-horizontal","owp-btn-big","owp-tabs-layout-horizontal","has-no-thumbnails"],"yoast_head":"<!-- This site is optimized with the Yoast SEO plugin v27.2 - https:\/\/yoast.com\/product\/yoast-seo-wordpress\/ -->\n<title>\u00c9tudes Scientifiques - Mori Mana<\/title>\n<meta name=\"description\" content=\"Consultez des \u00e9tudes scientifiques sur la luminoth\u00e9rapie et ses applications pour la peau, les cheveux et le bien-\u00eatre g\u00e9n\u00e9ral.\" \/>\n<meta name=\"robots\" content=\"index, follow, max-snippet:-1, max-image-preview:large, max-video-preview:-1\" \/>\n<link rel=\"canonical\" href=\"https:\/\/mori-mana.com\/index.php\/etudes-scientifiques\/\" \/>\n<meta property=\"og:locale\" content=\"fr_FR\" \/>\n<meta property=\"og:type\" content=\"article\" \/>\n<meta property=\"og:title\" content=\"\u00c9tudes Scientifiques - Mori Mana\" \/>\n<meta property=\"og:description\" content=\"Consultez des \u00e9tudes scientifiques sur la luminoth\u00e9rapie et ses applications pour la peau, les cheveux et le bien-\u00eatre g\u00e9n\u00e9ral.\" \/>\n<meta property=\"og:url\" content=\"https:\/\/mori-mana.com\/index.php\/etudes-scientifiques\/\" \/>\n<meta property=\"og:site_name\" content=\"mori-mana.com\" \/>\n<meta property=\"article:publisher\" content=\"https:\/\/www.facebook.com\/share\/1ETiANG9SL\/?mibextid=wwXIfr\" \/>\n<meta property=\"article:modified_time\" content=\"2025-02-09T18:57:20+00:00\" \/>\n<meta property=\"og:image\" content=\"https:\/\/mori-mana.com\/wp-content\/uploads\/2025\/01\/img-_-ori-mana-2-e1736392148661.png\" \/>\n<meta name=\"twitter:card\" content=\"summary_large_image\" \/>\n<meta name=\"twitter:label1\" content=\"Dur\u00e9e de lecture estim\u00e9e\" \/>\n\t<meta name=\"twitter:data1\" content=\"2 minutes\" \/>\n<script type=\"application\/ld+json\" class=\"yoast-schema-graph\">{\"@context\":\"https:\/\/schema.org\",\"@graph\":[{\"@type\":\"WebPage\",\"@id\":\"https:\/\/mori-mana.com\/index.php\/etudes-scientifiques\/\",\"url\":\"https:\/\/mori-mana.com\/index.php\/etudes-scientifiques\/\",\"name\":\"\u00c9tudes Scientifiques - Mori Mana\",\"isPartOf\":{\"@id\":\"https:\/\/mori-mana.com\/#website\"},\"primaryImageOfPage\":{\"@id\":\"https:\/\/mori-mana.com\/index.php\/etudes-scientifiques\/#primaryimage\"},\"image\":{\"@id\":\"https:\/\/mori-mana.com\/index.php\/etudes-scientifiques\/#primaryimage\"},\"thumbnailUrl\":\"https:\/\/mori-mana.com\/wp-content\/uploads\/2025\/01\/img-_-ori-mana-2-e1736392148661.png\",\"datePublished\":\"2025-01-21T19:28:48+00:00\",\"dateModified\":\"2025-02-09T18:57:20+00:00\",\"description\":\"Consultez des \u00e9tudes scientifiques sur la luminoth\u00e9rapie et ses applications pour la peau, les cheveux et le bien-\u00eatre g\u00e9n\u00e9ral.\",\"breadcrumb\":{\"@id\":\"https:\/\/mori-mana.com\/index.php\/etudes-scientifiques\/#breadcrumb\"},\"inLanguage\":\"fr-FR\",\"potentialAction\":[{\"@type\":\"ReadAction\",\"target\":[\"https:\/\/mori-mana.com\/index.php\/etudes-scientifiques\/\"]}]},{\"@type\":\"ImageObject\",\"inLanguage\":\"fr-FR\",\"@id\":\"https:\/\/mori-mana.com\/index.php\/etudes-scientifiques\/#primaryimage\",\"url\":\"https:\/\/mori-mana.com\/wp-content\/uploads\/2025\/01\/img-_-ori-mana-2-e1736392148661.png\",\"contentUrl\":\"https:\/\/mori-mana.com\/wp-content\/uploads\/2025\/01\/img-_-ori-mana-2-e1736392148661.png\",\"width\":1120,\"height\":1080},{\"@type\":\"BreadcrumbList\",\"@id\":\"https:\/\/mori-mana.com\/index.php\/etudes-scientifiques\/#breadcrumb\",\"itemListElement\":[{\"@type\":\"ListItem\",\"position\":1,\"name\":\"Home\",\"item\":\"https:\/\/mori-mana.com\/\"},{\"@type\":\"ListItem\",\"position\":2,\"name\":\"ETUDES SCIENTIFIQUES\"}]},{\"@type\":\"WebSite\",\"@id\":\"https:\/\/mori-mana.com\/#website\",\"url\":\"https:\/\/mori-mana.com\/\",\"name\":\"mori-mana.com\",\"description\":\"Le bien \u00eatre dans le corps et l\u2019esprit par la lumi\u00e8re.\",\"publisher\":{\"@id\":\"https:\/\/mori-mana.com\/#organization\"},\"potentialAction\":[{\"@type\":\"SearchAction\",\"target\":{\"@type\":\"EntryPoint\",\"urlTemplate\":\"https:\/\/mori-mana.com\/?s={search_term_string}\"},\"query-input\":{\"@type\":\"PropertyValueSpecification\",\"valueRequired\":true,\"valueName\":\"search_term_string\"}}],\"inLanguage\":\"fr-FR\"},{\"@type\":\"Organization\",\"@id\":\"https:\/\/mori-mana.com\/#organization\",\"name\":\"mori-mana.com\",\"url\":\"https:\/\/mori-mana.com\/\",\"logo\":{\"@type\":\"ImageObject\",\"inLanguage\":\"fr-FR\",\"@id\":\"https:\/\/mori-mana.com\/#\/schema\/logo\/image\/\",\"url\":\"https:\/\/mori-mana.com\/wp-content\/uploads\/2024\/10\/cropped-Icone-blanc-MORI-MANA.png\",\"contentUrl\":\"https:\/\/mori-mana.com\/wp-content\/uploads\/2024\/10\/cropped-Icone-blanc-MORI-MANA.png\",\"width\":512,\"height\":512,\"caption\":\"mori-mana.com\"},\"image\":{\"@id\":\"https:\/\/mori-mana.com\/#\/schema\/logo\/image\/\"},\"sameAs\":[\"https:\/\/www.facebook.com\/share\/1ETiANG9SL\/?mibextid=wwXIfr\"]}]}<\/script>\n<!-- \/ Yoast SEO plugin. -->","yoast_head_json":{"title":"\u00c9tudes Scientifiques - Mori Mana","description":"Consultez des \u00e9tudes scientifiques sur la luminoth\u00e9rapie et ses applications pour la peau, les cheveux et le bien-\u00eatre g\u00e9n\u00e9ral.","robots":{"index":"index","follow":"follow","max-snippet":"max-snippet:-1","max-image-preview":"max-image-preview:large","max-video-preview":"max-video-preview:-1"},"canonical":"https:\/\/mori-mana.com\/index.php\/etudes-scientifiques\/","og_locale":"fr_FR","og_type":"article","og_title":"\u00c9tudes Scientifiques - Mori Mana","og_description":"Consultez des \u00e9tudes scientifiques sur la luminoth\u00e9rapie et ses applications pour la peau, les cheveux et le bien-\u00eatre g\u00e9n\u00e9ral.","og_url":"https:\/\/mori-mana.com\/index.php\/etudes-scientifiques\/","og_site_name":"mori-mana.com","article_publisher":"https:\/\/www.facebook.com\/share\/1ETiANG9SL\/?mibextid=wwXIfr","article_modified_time":"2025-02-09T18:57:20+00:00","og_image":[{"url":"https:\/\/mori-mana.com\/wp-content\/uploads\/2025\/01\/img-_-ori-mana-2-e1736392148661.png","type":"","width":"","height":""}],"twitter_card":"summary_large_image","twitter_misc":{"Dur\u00e9e de lecture estim\u00e9e":"2 minutes"},"schema":{"@context":"https:\/\/schema.org","@graph":[{"@type":"WebPage","@id":"https:\/\/mori-mana.com\/index.php\/etudes-scientifiques\/","url":"https:\/\/mori-mana.com\/index.php\/etudes-scientifiques\/","name":"\u00c9tudes Scientifiques - Mori Mana","isPartOf":{"@id":"https:\/\/mori-mana.com\/#website"},"primaryImageOfPage":{"@id":"https:\/\/mori-mana.com\/index.php\/etudes-scientifiques\/#primaryimage"},"image":{"@id":"https:\/\/mori-mana.com\/index.php\/etudes-scientifiques\/#primaryimage"},"thumbnailUrl":"https:\/\/mori-mana.com\/wp-content\/uploads\/2025\/01\/img-_-ori-mana-2-e1736392148661.png","datePublished":"2025-01-21T19:28:48+00:00","dateModified":"2025-02-09T18:57:20+00:00","description":"Consultez des \u00e9tudes scientifiques sur la luminoth\u00e9rapie et ses applications pour la peau, les cheveux et le bien-\u00eatre g\u00e9n\u00e9ral.","breadcrumb":{"@id":"https:\/\/mori-mana.com\/index.php\/etudes-scientifiques\/#breadcrumb"},"inLanguage":"fr-FR","potentialAction":[{"@type":"ReadAction","target":["https:\/\/mori-mana.com\/index.php\/etudes-scientifiques\/"]}]},{"@type":"ImageObject","inLanguage":"fr-FR","@id":"https:\/\/mori-mana.com\/index.php\/etudes-scientifiques\/#primaryimage","url":"https:\/\/mori-mana.com\/wp-content\/uploads\/2025\/01\/img-_-ori-mana-2-e1736392148661.png","contentUrl":"https:\/\/mori-mana.com\/wp-content\/uploads\/2025\/01\/img-_-ori-mana-2-e1736392148661.png","width":1120,"height":1080},{"@type":"BreadcrumbList","@id":"https:\/\/mori-mana.com\/index.php\/etudes-scientifiques\/#breadcrumb","itemListElement":[{"@type":"ListItem","position":1,"name":"Home","item":"https:\/\/mori-mana.com\/"},{"@type":"ListItem","position":2,"name":"ETUDES SCIENTIFIQUES"}]},{"@type":"WebSite","@id":"https:\/\/mori-mana.com\/#website","url":"https:\/\/mori-mana.com\/","name":"mori-mana.com","description":"Le bien \u00eatre dans le corps et l\u2019esprit par la lumi\u00e8re.","publisher":{"@id":"https:\/\/mori-mana.com\/#organization"},"potentialAction":[{"@type":"SearchAction","target":{"@type":"EntryPoint","urlTemplate":"https:\/\/mori-mana.com\/?s={search_term_string}"},"query-input":{"@type":"PropertyValueSpecification","valueRequired":true,"valueName":"search_term_string"}}],"inLanguage":"fr-FR"},{"@type":"Organization","@id":"https:\/\/mori-mana.com\/#organization","name":"mori-mana.com","url":"https:\/\/mori-mana.com\/","logo":{"@type":"ImageObject","inLanguage":"fr-FR","@id":"https:\/\/mori-mana.com\/#\/schema\/logo\/image\/","url":"https:\/\/mori-mana.com\/wp-content\/uploads\/2024\/10\/cropped-Icone-blanc-MORI-MANA.png","contentUrl":"https:\/\/mori-mana.com\/wp-content\/uploads\/2024\/10\/cropped-Icone-blanc-MORI-MANA.png","width":512,"height":512,"caption":"mori-mana.com"},"image":{"@id":"https:\/\/mori-mana.com\/#\/schema\/logo\/image\/"},"sameAs":["https:\/\/www.facebook.com\/share\/1ETiANG9SL\/?mibextid=wwXIfr"]}]}},"jetpack_sharing_enabled":true,"_links":{"self":[{"href":"https:\/\/mori-mana.com\/index.php\/wp-json\/wp\/v2\/pages\/2410","targetHints":{"allow":["GET"]}}],"collection":[{"href":"https:\/\/mori-mana.com\/index.php\/wp-json\/wp\/v2\/pages"}],"about":[{"href":"https:\/\/mori-mana.com\/index.php\/wp-json\/wp\/v2\/types\/page"}],"author":[{"embeddable":true,"href":"https:\/\/mori-mana.com\/index.php\/wp-json\/wp\/v2\/users\/1"}],"replies":[{"embeddable":true,"href":"https:\/\/mori-mana.com\/index.php\/wp-json\/wp\/v2\/comments?post=2410"}],"version-history":[{"count":19,"href":"https:\/\/mori-mana.com\/index.php\/wp-json\/wp\/v2\/pages\/2410\/revisions"}],"predecessor-version":[{"id":2431,"href":"https:\/\/mori-mana.com\/index.php\/wp-json\/wp\/v2\/pages\/2410\/revisions\/2431"}],"wp:attachment":[{"href":"https:\/\/mori-mana.com\/index.php\/wp-json\/wp\/v2\/media?parent=2410"}],"curies":[{"name":"wp","href":"https:\/\/api.w.org\/{rel}","templated":true}]}}