{"id":2560,"date":"2025-02-13T10:46:22","date_gmt":"2025-02-13T20:46:22","guid":{"rendered":"https:\/\/mori-mana.com\/?post_type=product&#038;p=2560"},"modified":"2025-02-13T10:47:16","modified_gmt":"2025-02-13T20:47:16","slug":"accessoires-uv-pour-montre-de-therapie-au-laser-led","status":"publish","type":"product","link":"https:\/\/mori-mana.com\/index.php\/produit\/accessoires-uv-pour-montre-de-therapie-au-laser-led\/","title":{"rendered":"ACCESSOIRES UV (pour montre de th\u00e9rapie au laser LED)"},"content":{"rendered":"<p><span class=\"OYPEnA font-feature-liga-off font-feature-clig-off font-feature-calt-off text-decoration-none text-strikethrough-none\">Applicateurs UV Bleu pour le nez et la bouche\/gorge sont con\u00e7us pour une application cibl\u00e9e de la lumi\u00e8re bleue et UV. Ces applicateurs sont id\u00e9als pour apporter une sensation de puret\u00e9 et de fra\u00eecheur, contribuer au confort g\u00e9n\u00e9ral et soutenir une approche naturelle du bien-\u00eatre. Ces produits sont \u00e0 utiliser avec la Montre de th\u00e9rapie au laser LED (R\u00e9f\u00e9rence produit : VB-001). L\u00e9ger et ergonomique, chaque applicateur est sp\u00e9cialement con\u00e7u pour s\u2019adapter confortablement \u00e0 son utilisation respective : l\u2019embout nasal pour une diffusion efficace \u00e0 l\u2019int\u00e9rieur des voies nasales et l\u2019embout bouche\/gorge pour une action localis\u00e9e dans la cavit\u00e9 buccale. Leur utilisation est simple et rapide, s\u2019int\u00e9grant facilement dans une routine de bien-\u00eatre quotidienne.<\/span><\/p>\n<ul>\n<li><span class=\"OYPEnA font-feature-liga-off font-feature-clig-off font-feature-calt-off text-decoration-none text-strikethrough-none\">Applicateur buccal : La forme incurv\u00e9e permet une irradiation profonde dans la gorge pour une activation cibl\u00e9e du photosensibilisateur. Il est compos\u00e9 de 28 diodes de 5 mW (milliwatts) : 14 diodes bleues (447 nm*) et 14 diodes UV (370 nm).<\/span><\/li>\n<li><span class=\"OYPEnA font-feature-liga-off font-feature-clig-off font-feature-calt-off text-decoration-none text-strikethrough-none\">Applicateur nasal : Permet une stimulation cibl\u00e9e du photosensibilisateur dans le nez. Il est compos\u00e9 d\u2019un systh\u00e8me sans les mains (fonction de clip pratique), 1 diode bleue (447 nm) et 1 diode UV (370 nm). Fonctionnement simultan\u00e9 avec montre laser.<\/span><\/li>\n<\/ul>\n<p>&nbsp;<\/p>\n<p><span style=\"text-decoration: underline;\"><strong>FONCTION<\/strong><\/span> :<\/p>\n<ul>\n<li><span class=\"OYPEnA font-feature-liga-off font-feature-clig-off font-feature-calt-off text-decoration-none text-strikethrough-none\">Favorise une sensation de puret\u00e9 et de fra\u00eecheur gr\u00e2ce \u00e0 la lumi\u00e8re bleue et UV.<\/span><\/li>\n<li><span class=\"OYPEnA font-feature-liga-off font-feature-clig-off font-feature-calt-off text-decoration-none text-strikethrough-none\">Soutient une approche naturelle du bien-\u00eatre en compl\u00e9ment d\u2019un mode de vie \u00e9quilibr\u00e9.<\/span><\/li>\n<li><span class=\"OYPEnA font-feature-liga-off font-feature-clig-off font-feature-calt-off text-decoration-none text-strikethrough-none\">Application cibl\u00e9e et efficace gr\u00e2ce aux embouts sp\u00e9cialement con\u00e7us pour le nez et la bouche\/gorge.<\/span><\/li>\n<li><span class=\"OYPEnA font-feature-liga-off font-feature-clig-off font-feature-calt-off text-decoration-none text-strikethrough-none\">Utilisation simultan\u00e9e ou individuelle selon les besoins, avec c\u00e2ble en Y inclus.<\/span><\/li>\n<\/ul>\n","protected":false},"excerpt":{"rendered":"<p><span class=\"OYPEnA font-feature-liga-off font-feature-clig-off font-feature-calt-off text-decoration-none text-strikethrough-none\">Applicateurs UV Bleu pour le nez et la bouche\/gorge sont con\u00e7us pour une application cibl\u00e9e de la lumi\u00e8re bleue et UV. Ces applicateurs sont id\u00e9als pour apporter une sensation de puret\u00e9 et de fra\u00eecheur, contribuer au confort g\u00e9n\u00e9ral et soutenir une approche naturelle du bien-\u00eatre. Ces produits sont \u00e0 utiliser avec la Montre de th\u00e9rapie au laser LED (R\u00e9f\u00e9rence produit : VB-001). L\u00e9ger et ergonomique, chaque applicateur est sp\u00e9cialement con\u00e7u pour s\u2019adapter confortablement \u00e0 son utilisation respective : l\u2019embout nasal pour une diffusion efficace \u00e0 l\u2019int\u00e9rieur des voies nasales et l\u2019embout bouche\/gorge pour une action localis\u00e9e dans la cavit\u00e9 buccale. Leur utilisation est simple et rapide, s\u2019int\u00e9grant facilement dans une routine de bien-\u00eatre quotidienne.<\/span><\/p>\n<ul>\n<li><span class=\"OYPEnA font-feature-liga-off font-feature-clig-off font-feature-calt-off text-decoration-none text-strikethrough-none\">Applicateur buccal : La forme incurv\u00e9e permet une irradiation profonde dans la gorge pour une activation cibl\u00e9e du photosensibilisateur. Il est compos\u00e9 de 28 diodes de 5 mW (milliwatts) : 14 diodes bleues (447 nm*) et 14 diodes UV (370 nm).<\/span><\/li>\n<li><span class=\"OYPEnA font-feature-liga-off font-feature-clig-off font-feature-calt-off text-decoration-none text-strikethrough-none\">Applicateur nasal : Permet une stimulation cibl\u00e9e du photosensibilisateur dans le nez. Il est compos\u00e9 d\u2019un systh\u00e8me sans les mains (fonction de clip pratique), 1 diode bleue (447 nm) et 1 diode UV (370 nm). Fonctionnement simultan\u00e9 avec montre laser.<\/span><\/li>\n<\/ul>\n","protected":false},"featured_media":2561,"template":"","meta":{"_eb_attr":"","ocean_post_layout":"","ocean_both_sidebars_style":"","ocean_both_sidebars_content_width":0,"ocean_both_sidebars_sidebars_width":0,"ocean_sidebar":"0","ocean_second_sidebar":"0","ocean_disable_margins":"enable","ocean_add_body_class":"","ocean_shortcode_before_top_bar":"","ocean_shortcode_after_top_bar":"","ocean_shortcode_before_header":"","ocean_shortcode_after_header":"","ocean_has_shortcode":"","ocean_shortcode_after_title":"","ocean_shortcode_before_footer_widgets":"","ocean_shortcode_after_footer_widgets":"","ocean_shortcode_before_footer_bottom":"","ocean_shortcode_after_footer_bottom":"","ocean_display_top_bar":"default","ocean_display_header":"default","ocean_header_style":"","ocean_center_header_left_menu":"0","ocean_custom_header_template":"0","ocean_custom_logo":0,"ocean_custom_retina_logo":0,"ocean_custom_logo_max_width":0,"ocean_custom_logo_tablet_max_width":0,"ocean_custom_logo_mobile_max_width":0,"ocean_custom_logo_max_height":0,"ocean_custom_logo_tablet_max_height":0,"ocean_custom_logo_mobile_max_height":0,"ocean_header_custom_menu":"0","ocean_menu_typo_font_family":"0","ocean_menu_typo_font_subset":"","ocean_menu_typo_font_size":0,"ocean_menu_typo_font_size_tablet":0,"ocean_menu_typo_font_size_mobile":0,"ocean_menu_typo_font_size_unit":"px","ocean_menu_typo_font_weight":"","ocean_menu_typo_font_weight_tablet":"","ocean_menu_typo_font_weight_mobile":"","ocean_menu_typo_transform":"","ocean_menu_typo_transform_tablet":"","ocean_menu_typo_transform_mobile":"","ocean_menu_typo_line_height":0,"ocean_menu_typo_line_height_tablet":0,"ocean_menu_typo_line_height_mobile":0,"ocean_menu_typo_line_height_unit":"","ocean_menu_typo_spacing":0,"ocean_menu_typo_spacing_tablet":0,"ocean_menu_typo_spacing_mobile":0,"ocean_menu_typo_spacing_unit":"","ocean_menu_link_color":"","ocean_menu_link_color_hover":"","ocean_menu_link_color_active":"","ocean_menu_link_background":"","ocean_menu_link_hover_background":"","ocean_menu_link_active_background":"","ocean_menu_social_links_bg":"","ocean_menu_social_hover_links_bg":"","ocean_menu_social_links_color":"","ocean_menu_social_hover_links_color":"","ocean_disable_title":"default","ocean_disable_heading":"default","ocean_post_title":"","ocean_post_subheading":"","ocean_post_title_style":"","ocean_post_title_background_color":"","ocean_post_title_background":0,"ocean_post_title_bg_image_position":"","ocean_post_title_bg_image_attachment":"","ocean_post_title_bg_image_repeat":"","ocean_post_title_bg_image_size":"","ocean_post_title_height":0,"ocean_post_title_bg_overlay":0.5,"ocean_post_title_bg_overlay_color":"","ocean_disable_breadcrumbs":"default","ocean_breadcrumbs_color":"","ocean_breadcrumbs_separator_color":"","ocean_breadcrumbs_links_color":"","ocean_breadcrumbs_links_hover_color":"","ocean_display_footer_widgets":"default","ocean_display_footer_bottom":"default","ocean_custom_footer_template":"0"},"product_brand":[],"product_cat":[28],"product_tag":[],"class_list":{"0":"post-2560","1":"product","2":"type-product","3":"status-publish","4":"has-post-thumbnail","6":"product_cat-vitalite-bien-etre","8":"entry","9":"has-media","11":"first","12":"instock","13":"taxable","14":"shipping-taxable","15":"purchasable","16":"product-type-simple","17":"col","18":"span_1_of_4","19":"owp-content-center","20":"owp-thumbs-layout-horizontal","21":"owp-btn-big","22":"owp-tabs-layout-horizontal","23":"has-no-thumbnails"},"yoast_head":"<!-- This site is optimized with the Yoast SEO plugin v27.2 - https:\/\/yoast.com\/product\/yoast-seo-wordpress\/ -->\n<title>ACCESSOIRES UV (pour montre de th\u00e9rapie au laser LED) - mori-mana.com<\/title>\n<meta name=\"description\" content=\"Prenez soin de vous naturellement avec ces applicateurs UV\/Bleu, simple et innovante pour int\u00e9grer la luminoth\u00e9rapie \u00e0 votre routine bien-\u00eatre !\" \/>\n<meta name=\"robots\" content=\"index, follow, max-snippet:-1, max-image-preview:large, max-video-preview:-1\" \/>\n<link rel=\"canonical\" href=\"https:\/\/mori-mana.com\/index.php\/produit\/accessoires-uv-pour-montre-de-therapie-au-laser-led\/\" \/>\n<meta property=\"og:locale\" content=\"fr_FR\" \/>\n<meta property=\"og:type\" content=\"article\" \/>\n<meta property=\"og:title\" content=\"ACCESSOIRES UV (pour montre de th\u00e9rapie au laser LED) - mori-mana.com\" \/>\n<meta property=\"og:description\" content=\"Prenez soin de vous naturellement avec ces applicateurs UV\/Bleu, simple et innovante pour int\u00e9grer la luminoth\u00e9rapie \u00e0 votre routine bien-\u00eatre !\" \/>\n<meta property=\"og:url\" content=\"https:\/\/mori-mana.com\/index.php\/produit\/accessoires-uv-pour-montre-de-therapie-au-laser-led\/\" \/>\n<meta property=\"og:site_name\" content=\"mori-mana.com\" \/>\n<meta property=\"article:publisher\" content=\"https:\/\/www.facebook.com\/share\/1ETiANG9SL\/?mibextid=wwXIfr\" \/>\n<meta property=\"article:modified_time\" content=\"2025-02-13T20:47:16+00:00\" \/>\n<meta property=\"og:image\" content=\"https:\/\/mori-mana.com\/wp-content\/uploads\/2025\/02\/Capture-decran-2025-02-13-a-10.45.58.png\" \/>\n\t<meta property=\"og:image:width\" content=\"692\" \/>\n\t<meta property=\"og:image:height\" content=\"764\" \/>\n\t<meta property=\"og:image:type\" content=\"image\/png\" \/>\n<meta name=\"twitter:card\" content=\"summary_large_image\" \/>\n<meta name=\"twitter:label1\" content=\"Dur\u00e9e de lecture estim\u00e9e\" \/>\n\t<meta name=\"twitter:data1\" content=\"2 minutes\" \/>\n<script type=\"application\/ld+json\" class=\"yoast-schema-graph\">{\"@context\":\"https:\/\/schema.org\",\"@graph\":[{\"@type\":\"WebPage\",\"@id\":\"https:\/\/mori-mana.com\/index.php\/produit\/accessoires-uv-pour-montre-de-therapie-au-laser-led\/\",\"url\":\"https:\/\/mori-mana.com\/index.php\/produit\/accessoires-uv-pour-montre-de-therapie-au-laser-led\/\",\"name\":\"ACCESSOIRES UV (pour montre de th\u00e9rapie au laser LED) - mori-mana.com\",\"isPartOf\":{\"@id\":\"https:\/\/mori-mana.com\/#website\"},\"primaryImageOfPage\":{\"@id\":\"https:\/\/mori-mana.com\/index.php\/produit\/accessoires-uv-pour-montre-de-therapie-au-laser-led\/#primaryimage\"},\"image\":{\"@id\":\"https:\/\/mori-mana.com\/index.php\/produit\/accessoires-uv-pour-montre-de-therapie-au-laser-led\/#primaryimage\"},\"thumbnailUrl\":\"https:\/\/mori-mana.com\/wp-content\/uploads\/2025\/02\/Capture-decran-2025-02-13-a-10.45.58.png\",\"datePublished\":\"2025-02-13T20:46:22+00:00\",\"dateModified\":\"2025-02-13T20:47:16+00:00\",\"description\":\"Prenez soin de vous naturellement avec ces applicateurs UV\/Bleu, simple et innovante pour int\u00e9grer la luminoth\u00e9rapie \u00e0 votre routine bien-\u00eatre !\",\"breadcrumb\":{\"@id\":\"https:\/\/mori-mana.com\/index.php\/produit\/accessoires-uv-pour-montre-de-therapie-au-laser-led\/#breadcrumb\"},\"inLanguage\":\"fr-FR\",\"potentialAction\":[{\"@type\":\"ReadAction\",\"target\":[\"https:\/\/mori-mana.com\/index.php\/produit\/accessoires-uv-pour-montre-de-therapie-au-laser-led\/\"]}]},{\"@type\":\"ImageObject\",\"inLanguage\":\"fr-FR\",\"@id\":\"https:\/\/mori-mana.com\/index.php\/produit\/accessoires-uv-pour-montre-de-therapie-au-laser-led\/#primaryimage\",\"url\":\"https:\/\/mori-mana.com\/wp-content\/uploads\/2025\/02\/Capture-decran-2025-02-13-a-10.45.58.png\",\"contentUrl\":\"https:\/\/mori-mana.com\/wp-content\/uploads\/2025\/02\/Capture-decran-2025-02-13-a-10.45.58.png\",\"width\":692,\"height\":764},{\"@type\":\"BreadcrumbList\",\"@id\":\"https:\/\/mori-mana.com\/index.php\/produit\/accessoires-uv-pour-montre-de-therapie-au-laser-led\/#breadcrumb\",\"itemListElement\":[{\"@type\":\"ListItem\",\"position\":1,\"name\":\"Home\",\"item\":\"https:\/\/mori-mana.com\/\"},{\"@type\":\"ListItem\",\"position\":2,\"name\":\"NOS PRODUITS\",\"item\":\"https:\/\/mori-mana.com\/index.php\/nos-produits\/\"},{\"@type\":\"ListItem\",\"position\":3,\"name\":\"ACCESSOIRES UV (pour montre de th\u00e9rapie au laser LED)\"}]},{\"@type\":\"WebSite\",\"@id\":\"https:\/\/mori-mana.com\/#website\",\"url\":\"https:\/\/mori-mana.com\/\",\"name\":\"mori-mana.com\",\"description\":\"Le bien \u00eatre dans le corps et l\u2019esprit par la lumi\u00e8re.\",\"publisher\":{\"@id\":\"https:\/\/mori-mana.com\/#organization\"},\"potentialAction\":[{\"@type\":\"SearchAction\",\"target\":{\"@type\":\"EntryPoint\",\"urlTemplate\":\"https:\/\/mori-mana.com\/?s={search_term_string}\"},\"query-input\":{\"@type\":\"PropertyValueSpecification\",\"valueRequired\":true,\"valueName\":\"search_term_string\"}}],\"inLanguage\":\"fr-FR\"},{\"@type\":\"Organization\",\"@id\":\"https:\/\/mori-mana.com\/#organization\",\"name\":\"mori-mana.com\",\"url\":\"https:\/\/mori-mana.com\/\",\"logo\":{\"@type\":\"ImageObject\",\"inLanguage\":\"fr-FR\",\"@id\":\"https:\/\/mori-mana.com\/#\/schema\/logo\/image\/\",\"url\":\"https:\/\/mori-mana.com\/wp-content\/uploads\/2024\/10\/cropped-Icone-blanc-MORI-MANA.png\",\"contentUrl\":\"https:\/\/mori-mana.com\/wp-content\/uploads\/2024\/10\/cropped-Icone-blanc-MORI-MANA.png\",\"width\":512,\"height\":512,\"caption\":\"mori-mana.com\"},\"image\":{\"@id\":\"https:\/\/mori-mana.com\/#\/schema\/logo\/image\/\"},\"sameAs\":[\"https:\/\/www.facebook.com\/share\/1ETiANG9SL\/?mibextid=wwXIfr\"]}]}<\/script>\n<!-- \/ Yoast SEO plugin. -->","yoast_head_json":{"title":"ACCESSOIRES UV (pour montre de th\u00e9rapie au laser LED) - mori-mana.com","description":"Prenez soin de vous naturellement avec ces applicateurs UV\/Bleu, simple et innovante pour int\u00e9grer la luminoth\u00e9rapie \u00e0 votre routine bien-\u00eatre !","robots":{"index":"index","follow":"follow","max-snippet":"max-snippet:-1","max-image-preview":"max-image-preview:large","max-video-preview":"max-video-preview:-1"},"canonical":"https:\/\/mori-mana.com\/index.php\/produit\/accessoires-uv-pour-montre-de-therapie-au-laser-led\/","og_locale":"fr_FR","og_type":"article","og_title":"ACCESSOIRES UV (pour montre de th\u00e9rapie au laser LED) - mori-mana.com","og_description":"Prenez soin de vous naturellement avec ces applicateurs UV\/Bleu, simple et innovante pour int\u00e9grer la luminoth\u00e9rapie \u00e0 votre routine bien-\u00eatre !","og_url":"https:\/\/mori-mana.com\/index.php\/produit\/accessoires-uv-pour-montre-de-therapie-au-laser-led\/","og_site_name":"mori-mana.com","article_publisher":"https:\/\/www.facebook.com\/share\/1ETiANG9SL\/?mibextid=wwXIfr","article_modified_time":"2025-02-13T20:47:16+00:00","og_image":[{"width":692,"height":764,"url":"https:\/\/mori-mana.com\/wp-content\/uploads\/2025\/02\/Capture-decran-2025-02-13-a-10.45.58.png","type":"image\/png"}],"twitter_card":"summary_large_image","twitter_misc":{"Dur\u00e9e de lecture estim\u00e9e":"2 minutes"},"schema":{"@context":"https:\/\/schema.org","@graph":[{"@type":"WebPage","@id":"https:\/\/mori-mana.com\/index.php\/produit\/accessoires-uv-pour-montre-de-therapie-au-laser-led\/","url":"https:\/\/mori-mana.com\/index.php\/produit\/accessoires-uv-pour-montre-de-therapie-au-laser-led\/","name":"ACCESSOIRES UV (pour montre de th\u00e9rapie au laser LED) - mori-mana.com","isPartOf":{"@id":"https:\/\/mori-mana.com\/#website"},"primaryImageOfPage":{"@id":"https:\/\/mori-mana.com\/index.php\/produit\/accessoires-uv-pour-montre-de-therapie-au-laser-led\/#primaryimage"},"image":{"@id":"https:\/\/mori-mana.com\/index.php\/produit\/accessoires-uv-pour-montre-de-therapie-au-laser-led\/#primaryimage"},"thumbnailUrl":"https:\/\/mori-mana.com\/wp-content\/uploads\/2025\/02\/Capture-decran-2025-02-13-a-10.45.58.png","datePublished":"2025-02-13T20:46:22+00:00","dateModified":"2025-02-13T20:47:16+00:00","description":"Prenez soin de vous naturellement avec ces applicateurs UV\/Bleu, simple et innovante pour int\u00e9grer la luminoth\u00e9rapie \u00e0 votre routine bien-\u00eatre !","breadcrumb":{"@id":"https:\/\/mori-mana.com\/index.php\/produit\/accessoires-uv-pour-montre-de-therapie-au-laser-led\/#breadcrumb"},"inLanguage":"fr-FR","potentialAction":[{"@type":"ReadAction","target":["https:\/\/mori-mana.com\/index.php\/produit\/accessoires-uv-pour-montre-de-therapie-au-laser-led\/"]}]},{"@type":"ImageObject","inLanguage":"fr-FR","@id":"https:\/\/mori-mana.com\/index.php\/produit\/accessoires-uv-pour-montre-de-therapie-au-laser-led\/#primaryimage","url":"https:\/\/mori-mana.com\/wp-content\/uploads\/2025\/02\/Capture-decran-2025-02-13-a-10.45.58.png","contentUrl":"https:\/\/mori-mana.com\/wp-content\/uploads\/2025\/02\/Capture-decran-2025-02-13-a-10.45.58.png","width":692,"height":764},{"@type":"BreadcrumbList","@id":"https:\/\/mori-mana.com\/index.php\/produit\/accessoires-uv-pour-montre-de-therapie-au-laser-led\/#breadcrumb","itemListElement":[{"@type":"ListItem","position":1,"name":"Home","item":"https:\/\/mori-mana.com\/"},{"@type":"ListItem","position":2,"name":"NOS PRODUITS","item":"https:\/\/mori-mana.com\/index.php\/nos-produits\/"},{"@type":"ListItem","position":3,"name":"ACCESSOIRES UV (pour montre de th\u00e9rapie au laser LED)"}]},{"@type":"WebSite","@id":"https:\/\/mori-mana.com\/#website","url":"https:\/\/mori-mana.com\/","name":"mori-mana.com","description":"Le bien \u00eatre dans le corps et l\u2019esprit par la lumi\u00e8re.","publisher":{"@id":"https:\/\/mori-mana.com\/#organization"},"potentialAction":[{"@type":"SearchAction","target":{"@type":"EntryPoint","urlTemplate":"https:\/\/mori-mana.com\/?s={search_term_string}"},"query-input":{"@type":"PropertyValueSpecification","valueRequired":true,"valueName":"search_term_string"}}],"inLanguage":"fr-FR"},{"@type":"Organization","@id":"https:\/\/mori-mana.com\/#organization","name":"mori-mana.com","url":"https:\/\/mori-mana.com\/","logo":{"@type":"ImageObject","inLanguage":"fr-FR","@id":"https:\/\/mori-mana.com\/#\/schema\/logo\/image\/","url":"https:\/\/mori-mana.com\/wp-content\/uploads\/2024\/10\/cropped-Icone-blanc-MORI-MANA.png","contentUrl":"https:\/\/mori-mana.com\/wp-content\/uploads\/2024\/10\/cropped-Icone-blanc-MORI-MANA.png","width":512,"height":512,"caption":"mori-mana.com"},"image":{"@id":"https:\/\/mori-mana.com\/#\/schema\/logo\/image\/"},"sameAs":["https:\/\/www.facebook.com\/share\/1ETiANG9SL\/?mibextid=wwXIfr"]}]}},"jetpack_sharing_enabled":true,"_links":{"self":[{"href":"https:\/\/mori-mana.com\/index.php\/wp-json\/wp\/v2\/product\/2560","targetHints":{"allow":["GET"]}}],"collection":[{"href":"https:\/\/mori-mana.com\/index.php\/wp-json\/wp\/v2\/product"}],"about":[{"href":"https:\/\/mori-mana.com\/index.php\/wp-json\/wp\/v2\/types\/product"}],"wp:featuredmedia":[{"embeddable":true,"href":"https:\/\/mori-mana.com\/index.php\/wp-json\/wp\/v2\/media\/2561"}],"wp:attachment":[{"href":"https:\/\/mori-mana.com\/index.php\/wp-json\/wp\/v2\/media?parent=2560"}],"wp:term":[{"taxonomy":"product_brand","embeddable":true,"href":"https:\/\/mori-mana.com\/index.php\/wp-json\/wp\/v2\/product_brand?post=2560"},{"taxonomy":"product_cat","embeddable":true,"href":"https:\/\/mori-mana.com\/index.php\/wp-json\/wp\/v2\/product_cat?post=2560"},{"taxonomy":"product_tag","embeddable":true,"href":"https:\/\/mori-mana.com\/index.php\/wp-json\/wp\/v2\/product_tag?post=2560"}],"curies":[{"name":"wp","href":"https:\/\/api.w.org\/{rel}","templated":true}]}}