{"id":583,"date":"2024-12-27T23:09:47","date_gmt":"2024-12-27T23:09:47","guid":{"rendered":"https:\/\/mori-mana.com\/?post_type=product&#038;p=583"},"modified":"2025-02-12T10:56:02","modified_gmt":"2025-02-12T20:56:02","slug":"kit-2-coussins-luminotherapie-avec-controleur","status":"publish","type":"product","link":"https:\/\/mori-mana.com\/index.php\/produit\/kit-2-coussins-luminotherapie-avec-controleur\/","title":{"rendered":"KIT 2 COUSSINS LUMINOTH\u00c9RAPIE AVEC CONTR\u00d4LEUR"},"content":{"rendered":"<p><span class=\"OYPEnA font-feature-liga-off font-feature-clig-off font-feature-calt-off text-decoration-none text-strikethrough-none\">2 PAD de luminoth\u00e9rapie \u00e0 LED, compos\u00e9 de 4 types de sources lumineuses (rouge, infrarouge, bleu et jaune). Ce pad complet agit en profondeur pour r\u00e9g\u00e9n\u00e9rer les cellules, tout en contribuant \u00e0 la r\u00e9gulation du syst\u00e8me immunitaire. Il offre \u00e9galement une action blanchissante sur la peau, aidant \u00e0 att\u00e9nuer les marques d\u2019acn\u00e9 et les taches de rousseur pour un teint plus uniforme. Gr\u00e2ce \u00e0 ses propri\u00e9t\u00e9s r\u00e9paratrices, il favorise la cicatrisation des plaies et am\u00e9liore la microcirculation sanguine, permettant \u00e0 la peau de mieux se renouveler. Enfin, il aide \u00e0 r\u00e9duire l&rsquo;inflammation et l&rsquo;enflure, pour un visage visiblement apais\u00e9 et revitalis\u00e9.<\/span><\/p>\n<ul>\n<li><span class=\"OYPEnA font-feature-liga-off font-feature-clig-off font-feature-calt-off text-decoration-none text-strikethrough-none\">Dimensions : 32 x 24 cm (1 pad),<\/span><\/li>\n<li><span class=\"OYPEnA font-feature-liga-off font-feature-clig-off font-feature-calt-off text-decoration-none text-strikethrough-none\">8 modes d\u2019utilisation,<\/span><\/li>\n<li><span class=\"OYPEnA font-feature-liga-off font-feature-clig-off font-feature-calt-off text-decoration-none text-strikethrough-none\">Contr\u00f4leur avec \u00e9cran tactile,<\/span><\/li>\n<li><span class=\"OYPEnA font-feature-liga-off font-feature-clig-off font-feature-calt-off text-decoration-none text-strikethrough-none\">Fr\u00e9quence et minuterie personnalisable.<\/span><\/li>\n<\/ul>\n<p>&nbsp;<\/p>\n<p><span style=\"text-decoration: underline;\"><strong>FONCTION<\/strong><\/span> :<\/p>\n<ul>\n<li><span class=\"OYPEnA font-feature-liga-off font-feature-clig-off font-feature-calt-off text-decoration-none text-strikethrough-none\">La lumi\u00e8re rouge 660 nm : permet d\u2019am\u00e9liorer l\u2019activit\u00e9 cellulaire, acc\u00e9l\u00e9rer le m\u00e9tabolisme et favoriser la formation de collag\u00e8ne. Cette couleur agit sur les taches, les rides, l\u2019\u00e9lasticit\u00e9 de la peau, la peau endommag\u00e9e, les pores dilat\u00e9s et le vieillissement.<\/span><\/li>\n<li><span class=\"OYPEnA font-feature-liga-off font-feature-clig-off font-feature-calt-off text-decoration-none text-strikethrough-none\">La lumi\u00e8re infrarouge 850nm : Stimule la circulation sanguine, soulage les douleurs musculaires et articulaires, et favorise la r\u00e9g\u00e9n\u00e9ration des tissus endommag\u00e9s. Ces effets b\u00e9n\u00e9fiques en font un outil pr\u00e9cieux dans le domaine de la th\u00e9rapie physique.<\/span><\/li>\n<li><span class=\"OYPEnA font-feature-liga-off font-feature-clig-off font-feature-calt-off text-decoration-none text-strikethrough-none\">La lumi\u00e8re bleu 470 nm : se concentre sur l&rsquo;\u00e9piderme. Elle est connue pour ses bienfaits contre l&rsquo;acn\u00e9 et son action bact\u00e9ricide. Elle permet aussi de calmer les inflammations.<\/span><\/li>\n<li><span class=\"OYPEnA font-feature-liga-off font-feature-clig-off font-feature-calt-off text-decoration-none text-strikethrough-none\">Lumi\u00e8re jaune 590 nm : permet de recharger l&rsquo;\u00e9nergie des cellules de la peau, d\u00e9composer les pigments, favoriser le drainage lymphatique, am\u00e9liorer la texture de la peau et r\u00e9duire les rides, traiter les rougeurs, la fi\u00e8vre, et la teigne, tout en renfor\u00e7ant l&rsquo;immunit\u00e9.<\/span><\/li>\n<\/ul>\n<p>&nbsp;<\/p>\n<p><span class=\"OYPEnA font-feature-liga-off font-feature-clig-off font-feature-calt-off text-decoration-underline text-strikethrough-none\"><span style=\"text-decoration: underline;\"><strong>ACCESSOIRES<\/strong><\/span>\u00a0:\u00a0<\/span><\/p>\n<ul>\n<li><span class=\"OYPEnA font-feature-liga-off font-feature-clig-off font-feature-calt-off text-decoration-none text-strikethrough-none\">2 coussins LED<\/span><\/li>\n<li><span class=\"OYPEnA font-feature-liga-off font-feature-clig-off font-feature-calt-off text-decoration-none text-strikethrough-none\">4 syst\u00e8me de fixation compos\u00e9 de bandes textiles,<\/span><\/li>\n<li><span class=\"OYPEnA font-feature-liga-off font-feature-clig-off font-feature-calt-off text-decoration-none text-strikethrough-none\">2 adaptateur et 1 fil d\u2019alimentation,<\/span><\/li>\n<li><span class=\"OYPEnA font-feature-liga-off font-feature-clig-off font-feature-calt-off text-decoration-none text-strikethrough-none\">Contr\u00f4leur (avec \u00e9cran tactile).<\/span><\/li>\n<\/ul>\n<p>&nbsp;<\/p>\n<p><span style=\"font-size: 14px;\"><em><span class=\"OYPEnA font-feature-liga-off font-feature-clig-off font-feature-calt-off text-decoration-none text-strikethrough-none\">*En luminoth\u00e9rapie, \u00ab nm \u00bb signifie nanom\u00e8tre, une unit\u00e9 de mesure utilis\u00e9e pour d\u00e9crire la longueur d\u2019onde de la lumi\u00e8re.<\/span><\/em><\/span><\/p>\n","protected":false},"excerpt":{"rendered":"<p><span class=\"OYPEnA font-feature-liga-off font-feature-clig-off font-feature-calt-off text-decoration-none text-strikethrough-none\">2 PAD de luminoth\u00e9rapie \u00e0 LED, compos\u00e9 de 4 types de sources lumineuses (rouge, infrarouge, bleu et jaune). Ce pad complet agit en profondeur pour r\u00e9g\u00e9n\u00e9rer les cellules, tout en contribuant \u00e0 la r\u00e9gulation du syst\u00e8me immunitaire. Il offre \u00e9galement une action blanchissante sur la peau, aidant \u00e0 att\u00e9nuer les marques d\u2019acn\u00e9 et les taches de rousseur pour un teint plus uniforme. Gr\u00e2ce \u00e0 ses propri\u00e9t\u00e9s r\u00e9paratrices, il favorise la cicatrisation des plaies et am\u00e9liore la microcirculation sanguine, permettant \u00e0 la peau de mieux se renouveler. Enfin, il aide \u00e0 r\u00e9duire l&rsquo;inflammation et l&rsquo;enflure, pour un visage visiblement apais\u00e9 et revitalis\u00e9.<\/span><\/p>\n<ul>\n<li><span class=\"OYPEnA font-feature-liga-off font-feature-clig-off font-feature-calt-off text-decoration-none text-strikethrough-none\">Dimensions : 32 x 24 cm (1 pad),<\/span><\/li>\n<li><span class=\"OYPEnA font-feature-liga-off font-feature-clig-off font-feature-calt-off text-decoration-none text-strikethrough-none\">8 modes d\u2019utilisation,<\/span><\/li>\n<li><span class=\"OYPEnA font-feature-liga-off font-feature-clig-off font-feature-calt-off text-decoration-none text-strikethrough-none\">Contr\u00f4leur avec \u00e9cran tactile,<\/span><\/li>\n<li><span class=\"OYPEnA font-feature-liga-off font-feature-clig-off font-feature-calt-off text-decoration-none text-strikethrough-none\">Fr\u00e9quence et minuterie personnalisable.<\/span><\/li>\n<\/ul>\n","protected":false},"featured_media":1296,"template":"","meta":{"_eb_attr":"","ocean_post_layout":"","ocean_both_sidebars_style":"","ocean_both_sidebars_content_width":0,"ocean_both_sidebars_sidebars_width":0,"ocean_sidebar":"0","ocean_second_sidebar":"0","ocean_disable_margins":"enable","ocean_add_body_class":"","ocean_shortcode_before_top_bar":"","ocean_shortcode_after_top_bar":"","ocean_shortcode_before_header":"","ocean_shortcode_after_header":"","ocean_has_shortcode":"","ocean_shortcode_after_title":"","ocean_shortcode_before_footer_widgets":"","ocean_shortcode_after_footer_widgets":"","ocean_shortcode_before_footer_bottom":"","ocean_shortcode_after_footer_bottom":"","ocean_display_top_bar":"default","ocean_display_header":"default","ocean_header_style":"","ocean_center_header_left_menu":"0","ocean_custom_header_template":"0","ocean_custom_logo":0,"ocean_custom_retina_logo":0,"ocean_custom_logo_max_width":0,"ocean_custom_logo_tablet_max_width":0,"ocean_custom_logo_mobile_max_width":0,"ocean_custom_logo_max_height":0,"ocean_custom_logo_tablet_max_height":0,"ocean_custom_logo_mobile_max_height":0,"ocean_header_custom_menu":"0","ocean_menu_typo_font_family":"0","ocean_menu_typo_font_subset":"","ocean_menu_typo_font_size":0,"ocean_menu_typo_font_size_tablet":0,"ocean_menu_typo_font_size_mobile":0,"ocean_menu_typo_font_size_unit":"px","ocean_menu_typo_font_weight":"","ocean_menu_typo_font_weight_tablet":"","ocean_menu_typo_font_weight_mobile":"","ocean_menu_typo_transform":"","ocean_menu_typo_transform_tablet":"","ocean_menu_typo_transform_mobile":"","ocean_menu_typo_line_height":0,"ocean_menu_typo_line_height_tablet":0,"ocean_menu_typo_line_height_mobile":0,"ocean_menu_typo_line_height_unit":"","ocean_menu_typo_spacing":0,"ocean_menu_typo_spacing_tablet":0,"ocean_menu_typo_spacing_mobile":0,"ocean_menu_typo_spacing_unit":"","ocean_menu_link_color":"","ocean_menu_link_color_hover":"","ocean_menu_link_color_active":"","ocean_menu_link_background":"","ocean_menu_link_hover_background":"","ocean_menu_link_active_background":"","ocean_menu_social_links_bg":"","ocean_menu_social_hover_links_bg":"","ocean_menu_social_links_color":"","ocean_menu_social_hover_links_color":"","ocean_disable_title":"default","ocean_disable_heading":"default","ocean_post_title":"","ocean_post_subheading":"","ocean_post_title_style":"","ocean_post_title_background_color":"","ocean_post_title_background":0,"ocean_post_title_bg_image_position":"","ocean_post_title_bg_image_attachment":"","ocean_post_title_bg_image_repeat":"","ocean_post_title_bg_image_size":"","ocean_post_title_height":0,"ocean_post_title_bg_overlay":0.5,"ocean_post_title_bg_overlay_color":"","ocean_disable_breadcrumbs":"default","ocean_breadcrumbs_color":"","ocean_breadcrumbs_separator_color":"","ocean_breadcrumbs_links_color":"","ocean_breadcrumbs_links_hover_color":"","ocean_display_footer_widgets":"default","ocean_display_footer_bottom":"default","ocean_custom_footer_template":"0"},"product_brand":[],"product_cat":[27],"product_tag":[],"class_list":{"0":"post-583","1":"product","2":"type-product","3":"status-publish","4":"has-post-thumbnail","6":"product_cat-beaute-bien-etre","8":"entry","9":"has-media","11":"first","12":"onbackorder","13":"taxable","14":"shipping-taxable","15":"purchasable","16":"product-type-simple","17":"col","18":"span_1_of_4","19":"owp-content-center","20":"owp-thumbs-layout-horizontal","21":"owp-btn-big","22":"owp-tabs-layout-horizontal"},"yoast_head":"<!-- This site is optimized with the Yoast SEO plugin v27.2 - https:\/\/yoast.com\/product\/yoast-seo-wordpress\/ -->\n<title>KIT 2 COUSSINS LUMINOTH\u00c9RAPIE AVEC CONTR\u00d4LEUR - mori-mana.com<\/title>\n<meta name=\"description\" content=\"Obtenez un confort optimal avec le kit de 2 COUSSINS LUMINOTH\u00c9RAPIE, livr\u00e9 avec un contr\u00f4leur pour une utilisation facile et moderne.\" \/>\n<meta name=\"robots\" content=\"index, follow, max-snippet:-1, max-image-preview:large, max-video-preview:-1\" \/>\n<link rel=\"canonical\" href=\"https:\/\/mori-mana.com\/index.php\/produit\/kit-2-coussins-luminotherapie-avec-controleur\/\" \/>\n<meta property=\"og:locale\" content=\"fr_FR\" \/>\n<meta property=\"og:type\" content=\"article\" \/>\n<meta property=\"og:title\" content=\"KIT 2 COUSSINS LUMINOTH\u00c9RAPIE AVEC CONTR\u00d4LEUR - mori-mana.com\" \/>\n<meta property=\"og:description\" content=\"Obtenez un confort optimal avec le kit de 2 COUSSINS LUMINOTH\u00c9RAPIE, livr\u00e9 avec un contr\u00f4leur pour une utilisation facile et moderne.\" \/>\n<meta property=\"og:url\" content=\"https:\/\/mori-mana.com\/index.php\/produit\/kit-2-coussins-luminotherapie-avec-controleur\/\" \/>\n<meta property=\"og:site_name\" content=\"mori-mana.com\" \/>\n<meta property=\"article:publisher\" content=\"https:\/\/www.facebook.com\/share\/1ETiANG9SL\/?mibextid=wwXIfr\" \/>\n<meta property=\"article:modified_time\" content=\"2025-02-12T20:56:02+00:00\" \/>\n<meta property=\"og:image\" content=\"https:\/\/mori-mana.com\/wp-content\/uploads\/2025\/01\/10.png\" \/>\n\t<meta property=\"og:image:width\" content=\"1000\" \/>\n\t<meta property=\"og:image:height\" content=\"1000\" \/>\n\t<meta property=\"og:image:type\" content=\"image\/png\" \/>\n<meta name=\"twitter:card\" content=\"summary_large_image\" \/>\n<meta name=\"twitter:label1\" content=\"Dur\u00e9e de lecture estim\u00e9e\" \/>\n\t<meta name=\"twitter:data1\" content=\"2 minutes\" \/>\n<script type=\"application\/ld+json\" class=\"yoast-schema-graph\">{\"@context\":\"https:\/\/schema.org\",\"@graph\":[{\"@type\":\"WebPage\",\"@id\":\"https:\/\/mori-mana.com\/index.php\/produit\/kit-2-coussins-luminotherapie-avec-controleur\/\",\"url\":\"https:\/\/mori-mana.com\/index.php\/produit\/kit-2-coussins-luminotherapie-avec-controleur\/\",\"name\":\"KIT 2 COUSSINS LUMINOTH\u00c9RAPIE AVEC CONTR\u00d4LEUR - mori-mana.com\",\"isPartOf\":{\"@id\":\"https:\/\/mori-mana.com\/#website\"},\"primaryImageOfPage\":{\"@id\":\"https:\/\/mori-mana.com\/index.php\/produit\/kit-2-coussins-luminotherapie-avec-controleur\/#primaryimage\"},\"image\":{\"@id\":\"https:\/\/mori-mana.com\/index.php\/produit\/kit-2-coussins-luminotherapie-avec-controleur\/#primaryimage\"},\"thumbnailUrl\":\"https:\/\/mori-mana.com\/wp-content\/uploads\/2025\/01\/10.png\",\"datePublished\":\"2024-12-27T23:09:47+00:00\",\"dateModified\":\"2025-02-12T20:56:02+00:00\",\"description\":\"Obtenez un confort optimal avec le kit de 2 COUSSINS LUMINOTH\u00c9RAPIE, livr\u00e9 avec un contr\u00f4leur pour une utilisation facile et moderne.\",\"breadcrumb\":{\"@id\":\"https:\/\/mori-mana.com\/index.php\/produit\/kit-2-coussins-luminotherapie-avec-controleur\/#breadcrumb\"},\"inLanguage\":\"fr-FR\",\"potentialAction\":[{\"@type\":\"ReadAction\",\"target\":[\"https:\/\/mori-mana.com\/index.php\/produit\/kit-2-coussins-luminotherapie-avec-controleur\/\"]}]},{\"@type\":\"ImageObject\",\"inLanguage\":\"fr-FR\",\"@id\":\"https:\/\/mori-mana.com\/index.php\/produit\/kit-2-coussins-luminotherapie-avec-controleur\/#primaryimage\",\"url\":\"https:\/\/mori-mana.com\/wp-content\/uploads\/2025\/01\/10.png\",\"contentUrl\":\"https:\/\/mori-mana.com\/wp-content\/uploads\/2025\/01\/10.png\",\"width\":1000,\"height\":1000},{\"@type\":\"BreadcrumbList\",\"@id\":\"https:\/\/mori-mana.com\/index.php\/produit\/kit-2-coussins-luminotherapie-avec-controleur\/#breadcrumb\",\"itemListElement\":[{\"@type\":\"ListItem\",\"position\":1,\"name\":\"Home\",\"item\":\"https:\/\/mori-mana.com\/\"},{\"@type\":\"ListItem\",\"position\":2,\"name\":\"NOS PRODUITS\",\"item\":\"https:\/\/mori-mana.com\/index.php\/nos-produits\/\"},{\"@type\":\"ListItem\",\"position\":3,\"name\":\"KIT 2 COUSSINS LUMINOTH\u00c9RAPIE AVEC CONTR\u00d4LEUR\"}]},{\"@type\":\"WebSite\",\"@id\":\"https:\/\/mori-mana.com\/#website\",\"url\":\"https:\/\/mori-mana.com\/\",\"name\":\"mori-mana.com\",\"description\":\"Le bien \u00eatre dans le corps et l\u2019esprit par la lumi\u00e8re.\",\"publisher\":{\"@id\":\"https:\/\/mori-mana.com\/#organization\"},\"potentialAction\":[{\"@type\":\"SearchAction\",\"target\":{\"@type\":\"EntryPoint\",\"urlTemplate\":\"https:\/\/mori-mana.com\/?s={search_term_string}\"},\"query-input\":{\"@type\":\"PropertyValueSpecification\",\"valueRequired\":true,\"valueName\":\"search_term_string\"}}],\"inLanguage\":\"fr-FR\"},{\"@type\":\"Organization\",\"@id\":\"https:\/\/mori-mana.com\/#organization\",\"name\":\"mori-mana.com\",\"url\":\"https:\/\/mori-mana.com\/\",\"logo\":{\"@type\":\"ImageObject\",\"inLanguage\":\"fr-FR\",\"@id\":\"https:\/\/mori-mana.com\/#\/schema\/logo\/image\/\",\"url\":\"https:\/\/mori-mana.com\/wp-content\/uploads\/2024\/10\/cropped-Icone-blanc-MORI-MANA.png\",\"contentUrl\":\"https:\/\/mori-mana.com\/wp-content\/uploads\/2024\/10\/cropped-Icone-blanc-MORI-MANA.png\",\"width\":512,\"height\":512,\"caption\":\"mori-mana.com\"},\"image\":{\"@id\":\"https:\/\/mori-mana.com\/#\/schema\/logo\/image\/\"},\"sameAs\":[\"https:\/\/www.facebook.com\/share\/1ETiANG9SL\/?mibextid=wwXIfr\"]}]}<\/script>\n<!-- \/ Yoast SEO plugin. -->","yoast_head_json":{"title":"KIT 2 COUSSINS LUMINOTH\u00c9RAPIE AVEC CONTR\u00d4LEUR - mori-mana.com","description":"Obtenez un confort optimal avec le kit de 2 COUSSINS LUMINOTH\u00c9RAPIE, livr\u00e9 avec un contr\u00f4leur pour une utilisation facile et moderne.","robots":{"index":"index","follow":"follow","max-snippet":"max-snippet:-1","max-image-preview":"max-image-preview:large","max-video-preview":"max-video-preview:-1"},"canonical":"https:\/\/mori-mana.com\/index.php\/produit\/kit-2-coussins-luminotherapie-avec-controleur\/","og_locale":"fr_FR","og_type":"article","og_title":"KIT 2 COUSSINS LUMINOTH\u00c9RAPIE AVEC CONTR\u00d4LEUR - mori-mana.com","og_description":"Obtenez un confort optimal avec le kit de 2 COUSSINS LUMINOTH\u00c9RAPIE, livr\u00e9 avec un contr\u00f4leur pour une utilisation facile et moderne.","og_url":"https:\/\/mori-mana.com\/index.php\/produit\/kit-2-coussins-luminotherapie-avec-controleur\/","og_site_name":"mori-mana.com","article_publisher":"https:\/\/www.facebook.com\/share\/1ETiANG9SL\/?mibextid=wwXIfr","article_modified_time":"2025-02-12T20:56:02+00:00","og_image":[{"width":1000,"height":1000,"url":"https:\/\/mori-mana.com\/wp-content\/uploads\/2025\/01\/10.png","type":"image\/png"}],"twitter_card":"summary_large_image","twitter_misc":{"Dur\u00e9e de lecture estim\u00e9e":"2 minutes"},"schema":{"@context":"https:\/\/schema.org","@graph":[{"@type":"WebPage","@id":"https:\/\/mori-mana.com\/index.php\/produit\/kit-2-coussins-luminotherapie-avec-controleur\/","url":"https:\/\/mori-mana.com\/index.php\/produit\/kit-2-coussins-luminotherapie-avec-controleur\/","name":"KIT 2 COUSSINS LUMINOTH\u00c9RAPIE AVEC CONTR\u00d4LEUR - mori-mana.com","isPartOf":{"@id":"https:\/\/mori-mana.com\/#website"},"primaryImageOfPage":{"@id":"https:\/\/mori-mana.com\/index.php\/produit\/kit-2-coussins-luminotherapie-avec-controleur\/#primaryimage"},"image":{"@id":"https:\/\/mori-mana.com\/index.php\/produit\/kit-2-coussins-luminotherapie-avec-controleur\/#primaryimage"},"thumbnailUrl":"https:\/\/mori-mana.com\/wp-content\/uploads\/2025\/01\/10.png","datePublished":"2024-12-27T23:09:47+00:00","dateModified":"2025-02-12T20:56:02+00:00","description":"Obtenez un confort optimal avec le kit de 2 COUSSINS LUMINOTH\u00c9RAPIE, livr\u00e9 avec un contr\u00f4leur pour une utilisation facile et moderne.","breadcrumb":{"@id":"https:\/\/mori-mana.com\/index.php\/produit\/kit-2-coussins-luminotherapie-avec-controleur\/#breadcrumb"},"inLanguage":"fr-FR","potentialAction":[{"@type":"ReadAction","target":["https:\/\/mori-mana.com\/index.php\/produit\/kit-2-coussins-luminotherapie-avec-controleur\/"]}]},{"@type":"ImageObject","inLanguage":"fr-FR","@id":"https:\/\/mori-mana.com\/index.php\/produit\/kit-2-coussins-luminotherapie-avec-controleur\/#primaryimage","url":"https:\/\/mori-mana.com\/wp-content\/uploads\/2025\/01\/10.png","contentUrl":"https:\/\/mori-mana.com\/wp-content\/uploads\/2025\/01\/10.png","width":1000,"height":1000},{"@type":"BreadcrumbList","@id":"https:\/\/mori-mana.com\/index.php\/produit\/kit-2-coussins-luminotherapie-avec-controleur\/#breadcrumb","itemListElement":[{"@type":"ListItem","position":1,"name":"Home","item":"https:\/\/mori-mana.com\/"},{"@type":"ListItem","position":2,"name":"NOS PRODUITS","item":"https:\/\/mori-mana.com\/index.php\/nos-produits\/"},{"@type":"ListItem","position":3,"name":"KIT 2 COUSSINS LUMINOTH\u00c9RAPIE AVEC CONTR\u00d4LEUR"}]},{"@type":"WebSite","@id":"https:\/\/mori-mana.com\/#website","url":"https:\/\/mori-mana.com\/","name":"mori-mana.com","description":"Le bien \u00eatre dans le corps et l\u2019esprit par la lumi\u00e8re.","publisher":{"@id":"https:\/\/mori-mana.com\/#organization"},"potentialAction":[{"@type":"SearchAction","target":{"@type":"EntryPoint","urlTemplate":"https:\/\/mori-mana.com\/?s={search_term_string}"},"query-input":{"@type":"PropertyValueSpecification","valueRequired":true,"valueName":"search_term_string"}}],"inLanguage":"fr-FR"},{"@type":"Organization","@id":"https:\/\/mori-mana.com\/#organization","name":"mori-mana.com","url":"https:\/\/mori-mana.com\/","logo":{"@type":"ImageObject","inLanguage":"fr-FR","@id":"https:\/\/mori-mana.com\/#\/schema\/logo\/image\/","url":"https:\/\/mori-mana.com\/wp-content\/uploads\/2024\/10\/cropped-Icone-blanc-MORI-MANA.png","contentUrl":"https:\/\/mori-mana.com\/wp-content\/uploads\/2024\/10\/cropped-Icone-blanc-MORI-MANA.png","width":512,"height":512,"caption":"mori-mana.com"},"image":{"@id":"https:\/\/mori-mana.com\/#\/schema\/logo\/image\/"},"sameAs":["https:\/\/www.facebook.com\/share\/1ETiANG9SL\/?mibextid=wwXIfr"]}]}},"jetpack_sharing_enabled":true,"_links":{"self":[{"href":"https:\/\/mori-mana.com\/index.php\/wp-json\/wp\/v2\/product\/583","targetHints":{"allow":["GET"]}}],"collection":[{"href":"https:\/\/mori-mana.com\/index.php\/wp-json\/wp\/v2\/product"}],"about":[{"href":"https:\/\/mori-mana.com\/index.php\/wp-json\/wp\/v2\/types\/product"}],"wp:featuredmedia":[{"embeddable":true,"href":"https:\/\/mori-mana.com\/index.php\/wp-json\/wp\/v2\/media\/1296"}],"wp:attachment":[{"href":"https:\/\/mori-mana.com\/index.php\/wp-json\/wp\/v2\/media?parent=583"}],"wp:term":[{"taxonomy":"product_brand","embeddable":true,"href":"https:\/\/mori-mana.com\/index.php\/wp-json\/wp\/v2\/product_brand?post=583"},{"taxonomy":"product_cat","embeddable":true,"href":"https:\/\/mori-mana.com\/index.php\/wp-json\/wp\/v2\/product_cat?post=583"},{"taxonomy":"product_tag","embeddable":true,"href":"https:\/\/mori-mana.com\/index.php\/wp-json\/wp\/v2\/product_tag?post=583"}],"curies":[{"name":"wp","href":"https:\/\/api.w.org\/{rel}","templated":true}]}}