{"id":589,"date":"2024-12-27T23:08:05","date_gmt":"2024-12-27T23:08:05","guid":{"rendered":"https:\/\/mori-mana.com\/?post_type=product&#038;p=589"},"modified":"2025-03-17T15:24:59","modified_gmt":"2025-03-18T01:24:59","slug":"casquette-repousse-cheveux","status":"publish","type":"product","link":"https:\/\/mori-mana.com\/index.php\/produit\/casquette-repousse-cheveux\/","title":{"rendered":"CASQUE CHEVEUX BEAUT\u00c9 ET REPOUSSE"},"content":{"rendered":"<p class=\"cvGsUA direction-ltr align-justify para-style-body\"><span class=\"OYPEnA font-feature-liga-off font-feature-clig-off font-feature-calt-off text-decoration-none text-strikethrough-none\">La casquette de luminoth\u00e9rapie pour les cheveux utilise la technologie de la lumi\u00e8re rouge et infrarouge pour stimuler la repousse et am\u00e9liorer la sant\u00e9 capillaire. Elle lutte contre la chute des cheveux, am\u00e9liore la qualit\u00e9 du cheveu, stimule la circulation sanguine du cuir chevelu, r\u00e9duit les inflammations et irritations, soutient les traitements contre la calvitie et offre une solution 100% indolore et naturelle.<\/span><\/p>\n<p>&nbsp;<\/p>\n<p class=\"cvGsUA direction-ltr align-justify para-style-body\"><span class=\"OYPEnA font-feature-liga-off font-feature-clig-off font-feature-calt-off text-decoration-none text-strikethrough-none\">La th\u00e9rapie par lumi\u00e8re rouge 650 nm*, comportant 200 diodes (chacune avec une puissance de 5 mW), stimule la circulation sanguine dans le cuir chevelu en augmentant l&rsquo;apport en globules rouges. Cela fournit oxyg\u00e8ne et nutriments essentiels, cr\u00e9ant un environnement favorable \u00e0 la croissance des cheveux. Les cheveux peuvent ainsi para\u00eetre plus \u00e9pais, fort et r\u00e9sistant<\/span><\/p>\n<ul>\n<li><span class=\"OYPEnA font-feature-liga-off font-feature-clig-off font-feature-calt-off text-decoration-none text-strikethrough-none\">Utilisation 30 minutes, 2 \u00e0 3 fois par semaine,<\/span><\/li>\n<li><span class=\"OYPEnA font-feature-liga-off font-feature-clig-off font-feature-calt-off text-decoration-none text-strikethrough-none\">Adapt\u00e9 aux hommes et aux femmes et ajustable,<\/span><\/li>\n<li><span class=\"OYPEnA font-feature-liga-off font-feature-clig-off font-feature-calt-off text-decoration-none text-strikethrough-none\">Fourni avec une casquette en tissus.\u00a0<\/span><\/li>\n<\/ul>\n<p>&nbsp;<\/p>\n<p class=\"cvGsUA direction-ltr align-justify para-style-body\"><span style=\"text-decoration: underline;\"><strong>FONCTION<\/strong><\/span> :<\/p>\n<ul>\n<li><span class=\"OYPEnA font-feature-liga-off font-feature-clig-off font-feature-calt-off text-decoration-none text-strikethrough-none\">Stimule intens\u00e9ment la croissance de nouveaux cheveux,<\/span><\/li>\n<li><span class=\"OYPEnA font-feature-liga-off font-feature-clig-off font-feature-calt-off text-decoration-none text-strikethrough-none\">Augmente visiblement le diam\u00e8tre et la force de chaque cheveu,<\/span><\/li>\n<li><span class=\"OYPEnA font-feature-liga-off font-feature-clig-off font-feature-calt-off text-decoration-none text-strikethrough-none\">Am\u00e9liore la sant\u00e9 g\u00e9n\u00e9rale du cuir chevelu pour une croissance saine et forte,<\/span><\/li>\n<li><span class=\"OYPEnA font-feature-liga-off font-feature-clig-off font-feature-calt-off text-decoration-none text-strikethrough-none\">Aide \u00e0 r\u00e9duire l\u2019inflammation du cuir chevelu qui peut \u00eatre une cause de la perte de cheveux,<\/span><\/li>\n<li><span class=\"OYPEnA font-feature-liga-off font-feature-clig-off font-feature-calt-off text-decoration-none text-strikethrough-none\">R\u00e9duit significativement la perte capillaire quotidienne.<\/span><\/li>\n<\/ul>\n<p>&nbsp;<\/p>\n<p><span class=\"OYPEnA font-feature-liga-off font-feature-clig-off font-feature-calt-off text-decoration-underline text-strikethrough-none\"><span style=\"text-decoration: underline;\"><strong>ACCESSOIRES<\/strong><\/span>\u00a0:\u00a0<\/span><\/p>\n<ul>\n<li><span class=\"OYPEnA font-feature-liga-off font-feature-clig-off font-feature-calt-off text-decoration-none text-strikethrough-none\">L\u2019appareil,<\/span><\/li>\n<li><span class=\"OYPEnA font-feature-liga-off font-feature-clig-off font-feature-calt-off text-decoration-none text-strikethrough-none\">Casquette en tissus,<\/span><\/li>\n<li><span class=\"OYPEnA font-feature-liga-off font-feature-clig-off font-feature-calt-off text-decoration-none text-strikethrough-none\">Sac de rangement et de voyage,<\/span><\/li>\n<li><span class=\"OYPEnA font-feature-liga-off font-feature-clig-off font-feature-calt-off text-decoration-none text-strikethrough-none\">Fil d\u2019alimentation et adaptateur.<\/span><\/li>\n<\/ul>\n<p>&nbsp;<\/p>\n<p><span style=\"font-size: 14px;\"><em><span class=\"OYPEnA font-feature-liga-off font-feature-clig-off font-feature-calt-off text-decoration-none text-strikethrough-none\">*En luminoth\u00e9rapie, \u00ab nm \u00bb signifie nanom\u00e8tre, une unit\u00e9 de mesure utilis\u00e9e pour d\u00e9crire la longueur d\u2019onde de la lumi\u00e8re.<\/span><\/em><\/span><\/p>\n","protected":false},"excerpt":{"rendered":"<p class=\"cvGsUA direction-ltr align-justify para-style-body\"><span class=\"OYPEnA font-feature-liga-off font-feature-clig-off font-feature-calt-off text-decoration-none text-strikethrough-none\">La casquette de luminoth\u00e9rapie pour les cheveux utilise la technologie de la lumi\u00e8re rouge et infrarouge pour stimuler la repousse et am\u00e9liorer la sant\u00e9 capillaire. Elle lutte contre la chute des cheveux, am\u00e9liore la qualit\u00e9 du cheveu, stimule la circulation sanguine du cuir chevelu, r\u00e9duit les inflammations et irritations, soutient les traitements contre la calvitie et offre une solution 100% indolore et naturelle.<\/span><\/p>\n<ul>\n<li><span class=\"OYPEnA font-feature-liga-off font-feature-clig-off font-feature-calt-off text-decoration-none text-strikethrough-none\">Utilisation 30 minutes, 2 \u00e0 3 fois par semaine,<\/span><\/li>\n<li><span class=\"OYPEnA font-feature-liga-off font-feature-clig-off font-feature-calt-off text-decoration-none text-strikethrough-none\">Adapt\u00e9 aux hommes et aux femmes et ajustable,<\/span><\/li>\n<li><span class=\"OYPEnA font-feature-liga-off font-feature-clig-off font-feature-calt-off text-decoration-none text-strikethrough-none\">Fourni avec une casquette en tissus.\u00a0<\/span><\/li>\n<\/ul>\n","protected":false},"featured_media":1287,"template":"","meta":{"_eb_attr":"","ocean_post_layout":"","ocean_both_sidebars_style":"","ocean_both_sidebars_content_width":0,"ocean_both_sidebars_sidebars_width":0,"ocean_sidebar":"0","ocean_second_sidebar":"0","ocean_disable_margins":"enable","ocean_add_body_class":"","ocean_shortcode_before_top_bar":"","ocean_shortcode_after_top_bar":"","ocean_shortcode_before_header":"","ocean_shortcode_after_header":"","ocean_has_shortcode":"","ocean_shortcode_after_title":"","ocean_shortcode_before_footer_widgets":"","ocean_shortcode_after_footer_widgets":"","ocean_shortcode_before_footer_bottom":"","ocean_shortcode_after_footer_bottom":"","ocean_display_top_bar":"default","ocean_display_header":"default","ocean_header_style":"","ocean_center_header_left_menu":"0","ocean_custom_header_template":"0","ocean_custom_logo":0,"ocean_custom_retina_logo":0,"ocean_custom_logo_max_width":0,"ocean_custom_logo_tablet_max_width":0,"ocean_custom_logo_mobile_max_width":0,"ocean_custom_logo_max_height":0,"ocean_custom_logo_tablet_max_height":0,"ocean_custom_logo_mobile_max_height":0,"ocean_header_custom_menu":"0","ocean_menu_typo_font_family":"0","ocean_menu_typo_font_subset":"","ocean_menu_typo_font_size":0,"ocean_menu_typo_font_size_tablet":0,"ocean_menu_typo_font_size_mobile":0,"ocean_menu_typo_font_size_unit":"px","ocean_menu_typo_font_weight":"","ocean_menu_typo_font_weight_tablet":"","ocean_menu_typo_font_weight_mobile":"","ocean_menu_typo_transform":"","ocean_menu_typo_transform_tablet":"","ocean_menu_typo_transform_mobile":"","ocean_menu_typo_line_height":0,"ocean_menu_typo_line_height_tablet":0,"ocean_menu_typo_line_height_mobile":0,"ocean_menu_typo_line_height_unit":"","ocean_menu_typo_spacing":0,"ocean_menu_typo_spacing_tablet":0,"ocean_menu_typo_spacing_mobile":0,"ocean_menu_typo_spacing_unit":"","ocean_menu_link_color":"","ocean_menu_link_color_hover":"","ocean_menu_link_color_active":"","ocean_menu_link_background":"","ocean_menu_link_hover_background":"","ocean_menu_link_active_background":"","ocean_menu_social_links_bg":"","ocean_menu_social_hover_links_bg":"","ocean_menu_social_links_color":"","ocean_menu_social_hover_links_color":"","ocean_disable_title":"default","ocean_disable_heading":"default","ocean_post_title":"","ocean_post_subheading":"","ocean_post_title_style":"","ocean_post_title_background_color":"","ocean_post_title_background":0,"ocean_post_title_bg_image_position":"","ocean_post_title_bg_image_attachment":"","ocean_post_title_bg_image_repeat":"","ocean_post_title_bg_image_size":"","ocean_post_title_height":0,"ocean_post_title_bg_overlay":0.5,"ocean_post_title_bg_overlay_color":"","ocean_disable_breadcrumbs":"default","ocean_breadcrumbs_color":"","ocean_breadcrumbs_separator_color":"","ocean_breadcrumbs_links_color":"","ocean_breadcrumbs_links_hover_color":"","ocean_display_footer_widgets":"default","ocean_display_footer_bottom":"default","ocean_custom_footer_template":"0"},"product_brand":[],"product_cat":[27],"product_tag":[],"class_list":{"0":"post-589","1":"product","2":"type-product","3":"status-publish","4":"has-post-thumbnail","6":"product_cat-beaute-bien-etre","8":"entry","9":"has-media","11":"first","12":"instock","13":"taxable","14":"shipping-taxable","15":"purchasable","16":"product-type-simple","17":"col","18":"span_1_of_4","19":"owp-content-center","20":"owp-thumbs-layout-horizontal","21":"owp-btn-big","22":"owp-tabs-layout-horizontal"},"yoast_head":"<!-- This site is optimized with the Yoast SEO plugin v27.2 - https:\/\/yoast.com\/product\/yoast-seo-wordpress\/ -->\n<title>CASQUE CHEVEUX BEAUT\u00c9 ET REPOUSSE - mori-mana.com<\/title>\n<meta name=\"description\" content=\"Stimulez la croissance de vos cheveux avec le casque cheveux beaut\u00e9 et repousse, utilisant la luminoth\u00e9rapie pour des r\u00e9sultats efficaces et visibles.\" \/>\n<meta name=\"robots\" content=\"index, follow, max-snippet:-1, max-image-preview:large, max-video-preview:-1\" \/>\n<link rel=\"canonical\" href=\"https:\/\/mori-mana.com\/index.php\/produit\/casquette-repousse-cheveux\/\" \/>\n<meta property=\"og:locale\" content=\"fr_FR\" \/>\n<meta property=\"og:type\" content=\"article\" \/>\n<meta property=\"og:title\" content=\"CASQUE CHEVEUX BEAUT\u00c9 ET REPOUSSE - mori-mana.com\" \/>\n<meta property=\"og:description\" content=\"Stimulez la croissance de vos cheveux avec le casque cheveux beaut\u00e9 et repousse, utilisant la luminoth\u00e9rapie pour des r\u00e9sultats efficaces et visibles.\" \/>\n<meta property=\"og:url\" content=\"https:\/\/mori-mana.com\/index.php\/produit\/casquette-repousse-cheveux\/\" \/>\n<meta property=\"og:site_name\" content=\"mori-mana.com\" \/>\n<meta property=\"article:publisher\" content=\"https:\/\/www.facebook.com\/share\/1ETiANG9SL\/?mibextid=wwXIfr\" \/>\n<meta property=\"article:modified_time\" content=\"2025-03-18T01:24:59+00:00\" \/>\n<meta property=\"og:image\" content=\"https:\/\/mori-mana.com\/wp-content\/uploads\/2025\/01\/19.png\" \/>\n\t<meta property=\"og:image:width\" content=\"1000\" \/>\n\t<meta property=\"og:image:height\" content=\"1000\" \/>\n\t<meta property=\"og:image:type\" content=\"image\/png\" \/>\n<meta name=\"twitter:card\" content=\"summary_large_image\" \/>\n<meta name=\"twitter:label1\" content=\"Dur\u00e9e de lecture estim\u00e9e\" \/>\n\t<meta name=\"twitter:data1\" content=\"2 minutes\" \/>\n<script type=\"application\/ld+json\" class=\"yoast-schema-graph\">{\"@context\":\"https:\/\/schema.org\",\"@graph\":[{\"@type\":\"WebPage\",\"@id\":\"https:\/\/mori-mana.com\/index.php\/produit\/casquette-repousse-cheveux\/\",\"url\":\"https:\/\/mori-mana.com\/index.php\/produit\/casquette-repousse-cheveux\/\",\"name\":\"CASQUE CHEVEUX BEAUT\u00c9 ET REPOUSSE - mori-mana.com\",\"isPartOf\":{\"@id\":\"https:\/\/mori-mana.com\/#website\"},\"primaryImageOfPage\":{\"@id\":\"https:\/\/mori-mana.com\/index.php\/produit\/casquette-repousse-cheveux\/#primaryimage\"},\"image\":{\"@id\":\"https:\/\/mori-mana.com\/index.php\/produit\/casquette-repousse-cheveux\/#primaryimage\"},\"thumbnailUrl\":\"https:\/\/mori-mana.com\/wp-content\/uploads\/2025\/01\/19.png\",\"datePublished\":\"2024-12-27T23:08:05+00:00\",\"dateModified\":\"2025-03-18T01:24:59+00:00\",\"description\":\"Stimulez la croissance de vos cheveux avec le casque cheveux beaut\u00e9 et repousse, utilisant la luminoth\u00e9rapie pour des r\u00e9sultats efficaces et visibles.\",\"breadcrumb\":{\"@id\":\"https:\/\/mori-mana.com\/index.php\/produit\/casquette-repousse-cheveux\/#breadcrumb\"},\"inLanguage\":\"fr-FR\",\"potentialAction\":[{\"@type\":\"ReadAction\",\"target\":[\"https:\/\/mori-mana.com\/index.php\/produit\/casquette-repousse-cheveux\/\"]}]},{\"@type\":\"ImageObject\",\"inLanguage\":\"fr-FR\",\"@id\":\"https:\/\/mori-mana.com\/index.php\/produit\/casquette-repousse-cheveux\/#primaryimage\",\"url\":\"https:\/\/mori-mana.com\/wp-content\/uploads\/2025\/01\/19.png\",\"contentUrl\":\"https:\/\/mori-mana.com\/wp-content\/uploads\/2025\/01\/19.png\",\"width\":1000,\"height\":1000},{\"@type\":\"BreadcrumbList\",\"@id\":\"https:\/\/mori-mana.com\/index.php\/produit\/casquette-repousse-cheveux\/#breadcrumb\",\"itemListElement\":[{\"@type\":\"ListItem\",\"position\":1,\"name\":\"Home\",\"item\":\"https:\/\/mori-mana.com\/\"},{\"@type\":\"ListItem\",\"position\":2,\"name\":\"NOS PRODUITS\",\"item\":\"https:\/\/mori-mana.com\/index.php\/nos-produits\/\"},{\"@type\":\"ListItem\",\"position\":3,\"name\":\"CASQUE CHEVEUX BEAUT\u00c9 ET REPOUSSE\"}]},{\"@type\":\"WebSite\",\"@id\":\"https:\/\/mori-mana.com\/#website\",\"url\":\"https:\/\/mori-mana.com\/\",\"name\":\"mori-mana.com\",\"description\":\"Le bien \u00eatre dans le corps et l\u2019esprit par la lumi\u00e8re.\",\"publisher\":{\"@id\":\"https:\/\/mori-mana.com\/#organization\"},\"potentialAction\":[{\"@type\":\"SearchAction\",\"target\":{\"@type\":\"EntryPoint\",\"urlTemplate\":\"https:\/\/mori-mana.com\/?s={search_term_string}\"},\"query-input\":{\"@type\":\"PropertyValueSpecification\",\"valueRequired\":true,\"valueName\":\"search_term_string\"}}],\"inLanguage\":\"fr-FR\"},{\"@type\":\"Organization\",\"@id\":\"https:\/\/mori-mana.com\/#organization\",\"name\":\"mori-mana.com\",\"url\":\"https:\/\/mori-mana.com\/\",\"logo\":{\"@type\":\"ImageObject\",\"inLanguage\":\"fr-FR\",\"@id\":\"https:\/\/mori-mana.com\/#\/schema\/logo\/image\/\",\"url\":\"https:\/\/mori-mana.com\/wp-content\/uploads\/2024\/10\/cropped-Icone-blanc-MORI-MANA.png\",\"contentUrl\":\"https:\/\/mori-mana.com\/wp-content\/uploads\/2024\/10\/cropped-Icone-blanc-MORI-MANA.png\",\"width\":512,\"height\":512,\"caption\":\"mori-mana.com\"},\"image\":{\"@id\":\"https:\/\/mori-mana.com\/#\/schema\/logo\/image\/\"},\"sameAs\":[\"https:\/\/www.facebook.com\/share\/1ETiANG9SL\/?mibextid=wwXIfr\"]}]}<\/script>\n<!-- \/ Yoast SEO plugin. -->","yoast_head_json":{"title":"CASQUE CHEVEUX BEAUT\u00c9 ET REPOUSSE - mori-mana.com","description":"Stimulez la croissance de vos cheveux avec le casque cheveux beaut\u00e9 et repousse, utilisant la luminoth\u00e9rapie pour des r\u00e9sultats efficaces et visibles.","robots":{"index":"index","follow":"follow","max-snippet":"max-snippet:-1","max-image-preview":"max-image-preview:large","max-video-preview":"max-video-preview:-1"},"canonical":"https:\/\/mori-mana.com\/index.php\/produit\/casquette-repousse-cheveux\/","og_locale":"fr_FR","og_type":"article","og_title":"CASQUE CHEVEUX BEAUT\u00c9 ET REPOUSSE - mori-mana.com","og_description":"Stimulez la croissance de vos cheveux avec le casque cheveux beaut\u00e9 et repousse, utilisant la luminoth\u00e9rapie pour des r\u00e9sultats efficaces et visibles.","og_url":"https:\/\/mori-mana.com\/index.php\/produit\/casquette-repousse-cheveux\/","og_site_name":"mori-mana.com","article_publisher":"https:\/\/www.facebook.com\/share\/1ETiANG9SL\/?mibextid=wwXIfr","article_modified_time":"2025-03-18T01:24:59+00:00","og_image":[{"width":1000,"height":1000,"url":"https:\/\/mori-mana.com\/wp-content\/uploads\/2025\/01\/19.png","type":"image\/png"}],"twitter_card":"summary_large_image","twitter_misc":{"Dur\u00e9e de lecture estim\u00e9e":"2 minutes"},"schema":{"@context":"https:\/\/schema.org","@graph":[{"@type":"WebPage","@id":"https:\/\/mori-mana.com\/index.php\/produit\/casquette-repousse-cheveux\/","url":"https:\/\/mori-mana.com\/index.php\/produit\/casquette-repousse-cheveux\/","name":"CASQUE CHEVEUX BEAUT\u00c9 ET REPOUSSE - mori-mana.com","isPartOf":{"@id":"https:\/\/mori-mana.com\/#website"},"primaryImageOfPage":{"@id":"https:\/\/mori-mana.com\/index.php\/produit\/casquette-repousse-cheveux\/#primaryimage"},"image":{"@id":"https:\/\/mori-mana.com\/index.php\/produit\/casquette-repousse-cheveux\/#primaryimage"},"thumbnailUrl":"https:\/\/mori-mana.com\/wp-content\/uploads\/2025\/01\/19.png","datePublished":"2024-12-27T23:08:05+00:00","dateModified":"2025-03-18T01:24:59+00:00","description":"Stimulez la croissance de vos cheveux avec le casque cheveux beaut\u00e9 et repousse, utilisant la luminoth\u00e9rapie pour des r\u00e9sultats efficaces et visibles.","breadcrumb":{"@id":"https:\/\/mori-mana.com\/index.php\/produit\/casquette-repousse-cheveux\/#breadcrumb"},"inLanguage":"fr-FR","potentialAction":[{"@type":"ReadAction","target":["https:\/\/mori-mana.com\/index.php\/produit\/casquette-repousse-cheveux\/"]}]},{"@type":"ImageObject","inLanguage":"fr-FR","@id":"https:\/\/mori-mana.com\/index.php\/produit\/casquette-repousse-cheveux\/#primaryimage","url":"https:\/\/mori-mana.com\/wp-content\/uploads\/2025\/01\/19.png","contentUrl":"https:\/\/mori-mana.com\/wp-content\/uploads\/2025\/01\/19.png","width":1000,"height":1000},{"@type":"BreadcrumbList","@id":"https:\/\/mori-mana.com\/index.php\/produit\/casquette-repousse-cheveux\/#breadcrumb","itemListElement":[{"@type":"ListItem","position":1,"name":"Home","item":"https:\/\/mori-mana.com\/"},{"@type":"ListItem","position":2,"name":"NOS PRODUITS","item":"https:\/\/mori-mana.com\/index.php\/nos-produits\/"},{"@type":"ListItem","position":3,"name":"CASQUE CHEVEUX BEAUT\u00c9 ET REPOUSSE"}]},{"@type":"WebSite","@id":"https:\/\/mori-mana.com\/#website","url":"https:\/\/mori-mana.com\/","name":"mori-mana.com","description":"Le bien \u00eatre dans le corps et l\u2019esprit par la lumi\u00e8re.","publisher":{"@id":"https:\/\/mori-mana.com\/#organization"},"potentialAction":[{"@type":"SearchAction","target":{"@type":"EntryPoint","urlTemplate":"https:\/\/mori-mana.com\/?s={search_term_string}"},"query-input":{"@type":"PropertyValueSpecification","valueRequired":true,"valueName":"search_term_string"}}],"inLanguage":"fr-FR"},{"@type":"Organization","@id":"https:\/\/mori-mana.com\/#organization","name":"mori-mana.com","url":"https:\/\/mori-mana.com\/","logo":{"@type":"ImageObject","inLanguage":"fr-FR","@id":"https:\/\/mori-mana.com\/#\/schema\/logo\/image\/","url":"https:\/\/mori-mana.com\/wp-content\/uploads\/2024\/10\/cropped-Icone-blanc-MORI-MANA.png","contentUrl":"https:\/\/mori-mana.com\/wp-content\/uploads\/2024\/10\/cropped-Icone-blanc-MORI-MANA.png","width":512,"height":512,"caption":"mori-mana.com"},"image":{"@id":"https:\/\/mori-mana.com\/#\/schema\/logo\/image\/"},"sameAs":["https:\/\/www.facebook.com\/share\/1ETiANG9SL\/?mibextid=wwXIfr"]}]}},"jetpack_sharing_enabled":true,"_links":{"self":[{"href":"https:\/\/mori-mana.com\/index.php\/wp-json\/wp\/v2\/product\/589","targetHints":{"allow":["GET"]}}],"collection":[{"href":"https:\/\/mori-mana.com\/index.php\/wp-json\/wp\/v2\/product"}],"about":[{"href":"https:\/\/mori-mana.com\/index.php\/wp-json\/wp\/v2\/types\/product"}],"wp:featuredmedia":[{"embeddable":true,"href":"https:\/\/mori-mana.com\/index.php\/wp-json\/wp\/v2\/media\/1287"}],"wp:attachment":[{"href":"https:\/\/mori-mana.com\/index.php\/wp-json\/wp\/v2\/media?parent=589"}],"wp:term":[{"taxonomy":"product_brand","embeddable":true,"href":"https:\/\/mori-mana.com\/index.php\/wp-json\/wp\/v2\/product_brand?post=589"},{"taxonomy":"product_cat","embeddable":true,"href":"https:\/\/mori-mana.com\/index.php\/wp-json\/wp\/v2\/product_cat?post=589"},{"taxonomy":"product_tag","embeddable":true,"href":"https:\/\/mori-mana.com\/index.php\/wp-json\/wp\/v2\/product_tag?post=589"}],"curies":[{"name":"wp","href":"https:\/\/api.w.org\/{rel}","templated":true}]}}