{"id":590,"date":"2024-12-27T23:07:33","date_gmt":"2024-12-27T23:07:33","guid":{"rendered":"https:\/\/mori-mana.com\/?post_type=product&#038;p=590"},"modified":"2025-02-12T11:01:07","modified_gmt":"2025-02-12T21:01:07","slug":"lampe-luminotherapie-4-couleurs","status":"publish","type":"product","link":"https:\/\/mori-mana.com\/index.php\/produit\/lampe-luminotherapie-4-couleurs\/","title":{"rendered":"LAMPE LUMINOTH\u00c9RAPIE &#8211; 4 COULEURS"},"content":{"rendered":"<p class=\"cvGsUA direction-ltr align-justify para-style-body\"><span class=\"OYPEnA font-feature-liga-off font-feature-clig-off font-feature-calt-off text-decoration-none text-strikethrough-none\">Cette lampe de luminoth\u00e9rapie LED b\u00e9n\u00e9ficie d\u2019une technologie scientifiquement reconnue pour<\/span><span class=\"OYPEnA font-feature-liga-off font-feature-clig-off font-feature-calt-off text-decoration-none text-strikethrough-none white-space-prewrap\">\u00a0<\/span><span class=\"OYPEnA font-feature-liga-off font-feature-clig-off font-feature-calt-off text-decoration-none text-strikethrough-none\">am\u00e9liorer simultan\u00e9ment divers probl\u00e8mes de peau. Gr\u00e2ce \u00e0 ses larges panneaux d&rsquo;\u00e9clairage facial et ses 4 couleurs LED (rouge, bleu, jaune et vert), et jusqu\u2019\u00e0 8 couleurs disponibles avec les m\u00e9langes, cet appareil \u00e9met une lumi\u00e8re froide puls\u00e9e, favorisant la r\u00e9g\u00e9n\u00e9ration cellulaire de la peau.<\/span><\/p>\n<ul>\n<li><span class=\"OYPEnA font-feature-liga-off font-feature-clig-off font-feature-calt-off text-decoration-none text-strikethrough-none\">Dimensions : 420 x 320 x 310 mm,<\/span><\/li>\n<li><span class=\"OYPEnA font-feature-liga-off font-feature-clig-off font-feature-calt-off text-decoration-none text-strikethrough-none\">\u00c9cran tactile intelligent,<\/span><\/li>\n<li><span class=\"OYPEnA font-feature-liga-off font-feature-clig-off font-feature-calt-off text-decoration-none text-strikethrough-none\">Mode automatique,<\/span><\/li>\n<li><span class=\"OYPEnA font-feature-liga-off font-feature-clig-off font-feature-calt-off text-decoration-none text-strikethrough-none\">R\u00e9glage de la temp\u00e9rature et de la dur\u00e9e (arr\u00eat automatique).<\/span><\/li>\n<\/ul>\n<p>&nbsp;<\/p>\n<p><span style=\"text-decoration: underline;\"><strong>FONCTION<\/strong><\/span> :<\/p>\n<p class=\"cvGsUA direction-ltr align-justify para-style-body\"><span class=\"OYPEnA font-feature-liga-off font-feature-clig-off font-feature-calt-off text-decoration-none text-strikethrough-none\">Pour s&rsquo;adapter \u00e0 l&rsquo;ensemble des pr\u00e9occupations cutan\u00e9es, cette lampe de luminoth\u00e9rapie propose 4 couleurs LED distinctes :<\/span><\/p>\n<ul>\n<li><span class=\"OYPEnA font-feature-liga-off font-feature-clig-off font-feature-calt-off text-decoration-none text-strikethrough-none\">La lumi\u00e8re rouge 660 nm : P\u00e9n\u00e8tre efficacement en profondeur dans les tissus cutan\u00e9s, favorisant la microcirculation et r\u00e9duisant \u00e0 la fois l&rsquo;inflammation et l&rsquo;enflure.<\/span><\/li>\n<li><span class=\"OYPEnA font-feature-liga-off font-feature-clig-off font-feature-calt-off text-decoration-none text-strikethrough-none\">La lumi\u00e8re bleu 423 nm : agit sur les probl\u00e8mes d\u2019acn\u00e9 et la r\u00e9gulation du s\u00e9bum gr\u00e2ce \u00e0 ses propri\u00e9t\u00e9s bact\u00e9ricides.<\/span><\/li>\n<li><span class=\"OYPEnA font-feature-liga-off font-feature-clig-off font-feature-calt-off text-decoration-none text-strikethrough-none\">La lumi\u00e8re verte 532 nm : \u00e9claircit les taches d\u2019hyperpigmentation et booste le teint. R\u00e9duit la production de s\u00e9bum, \u00e9quilibre la peau, soulage la tension, stimule la circulation lymphatique et diminue les gonflements. Il apaise les peaux sensibles, soulage la fatigue cutan\u00e9e et calme \u00e0 la fois le corps et l&rsquo;esprit.\u00a0\u00bba fois le corps et l&rsquo;esprit. Il calme la peau tout en soulageant la fatigue cutan\u00e9e.<\/span><\/li>\n<li><span class=\"OYPEnA font-feature-liga-off font-feature-clig-off font-feature-calt-off text-decoration-none text-strikethrough-none\">Lumi\u00e8re jaune 590 nm : permet de recharger l&rsquo;\u00e9nergie des cellules de la peau, d\u00e9composer les pigments, favoriser le drainage lymphatique, am\u00e9liorer la texture de la peau et r\u00e9duire les rides, traiter les rougeurs, la fi\u00e8vre, et la teigne, tout en renfor\u00e7ant l&rsquo;immunit\u00e9.<\/span><\/li>\n<\/ul>\n<p>&nbsp;<\/p>\n<p><span class=\"OYPEnA font-feature-liga-off font-feature-clig-off font-feature-calt-off text-decoration-underline text-strikethrough-none\"><span style=\"text-decoration: underline;\"><strong>ACCESSOIRES<\/strong><\/span>\u00a0:\u00a0<\/span><\/p>\n<ul>\n<li><span class=\"OYPEnA font-feature-liga-off font-feature-clig-off font-feature-calt-off text-decoration-none text-strikethrough-none\">Appareil,<\/span><\/li>\n<li><span class=\"OYPEnA font-feature-liga-off font-feature-clig-off font-feature-calt-off text-decoration-none text-strikethrough-none\">Lunettes de protection,<\/span><\/li>\n<li><span class=\"OYPEnA font-feature-liga-off font-feature-clig-off font-feature-calt-off text-decoration-none text-strikethrough-none\">Manuel d\u2019utilisation,<\/span><\/li>\n<li><span class=\"OYPEnA font-feature-liga-off font-feature-clig-off font-feature-calt-off text-decoration-none text-strikethrough-none\">Cable d\u2019alimentation.<\/span><\/li>\n<\/ul>\n<p>&nbsp;<\/p>\n<p><span style=\"font-size: 14px;\"><em><span class=\"OYPEnA font-feature-liga-off font-feature-clig-off font-feature-calt-off text-decoration-none text-strikethrough-none\">*En luminoth\u00e9rapie, \u00ab nm \u00bb signifie nanom\u00e8tre, une unit\u00e9 de mesure utilis\u00e9e pour d\u00e9crire la longueur d\u2019onde de la lumi\u00e8re.<\/span><\/em><\/span><\/p>\n","protected":false},"excerpt":{"rendered":"<p class=\"cvGsUA direction-ltr align-justify para-style-body\"><span class=\"OYPEnA font-feature-liga-off font-feature-clig-off font-feature-calt-off text-decoration-none text-strikethrough-none\">Cette lampe de luminoth\u00e9rapie LED b\u00e9n\u00e9ficie d\u2019une technologie scientifiquement reconnue pour<\/span><span class=\"OYPEnA font-feature-liga-off font-feature-clig-off font-feature-calt-off text-decoration-none text-strikethrough-none white-space-prewrap\">\u00a0<\/span><span class=\"OYPEnA font-feature-liga-off font-feature-clig-off font-feature-calt-off text-decoration-none text-strikethrough-none\">am\u00e9liorer simultan\u00e9ment divers probl\u00e8mes de peau. Gr\u00e2ce \u00e0 ses larges panneaux d&rsquo;\u00e9clairage facial et ses 4 couleurs LED (rouge, bleu, jaune et vert), et jusqu\u2019\u00e0 8 couleurs disponibles avec les m\u00e9langes, cet appareil \u00e9met une lumi\u00e8re froide puls\u00e9e, favorisant la r\u00e9g\u00e9n\u00e9ration cellulaire de la peau.<\/span><\/p>\n<ul>\n<li><span class=\"OYPEnA font-feature-liga-off font-feature-clig-off font-feature-calt-off text-decoration-none text-strikethrough-none\">Dimensions : 420 x 320 x 310 mm,<\/span><\/li>\n<li><span class=\"OYPEnA font-feature-liga-off font-feature-clig-off font-feature-calt-off text-decoration-none text-strikethrough-none\">\u00c9cran tactile intelligent,<\/span><\/li>\n<li><span class=\"OYPEnA font-feature-liga-off font-feature-clig-off font-feature-calt-off text-decoration-none text-strikethrough-none\">Mode automatique,<\/span><\/li>\n<li><span class=\"OYPEnA font-feature-liga-off font-feature-clig-off font-feature-calt-off text-decoration-none text-strikethrough-none\">R\u00e9glage de la temp\u00e9rature et de la dur\u00e9e (arr\u00eat automatique).<\/span><\/li>\n<\/ul>\n","protected":false},"featured_media":1283,"template":"","meta":{"_eb_attr":"","ocean_post_layout":"","ocean_both_sidebars_style":"","ocean_both_sidebars_content_width":0,"ocean_both_sidebars_sidebars_width":0,"ocean_sidebar":"0","ocean_second_sidebar":"0","ocean_disable_margins":"enable","ocean_add_body_class":"","ocean_shortcode_before_top_bar":"","ocean_shortcode_after_top_bar":"","ocean_shortcode_before_header":"","ocean_shortcode_after_header":"","ocean_has_shortcode":"","ocean_shortcode_after_title":"","ocean_shortcode_before_footer_widgets":"","ocean_shortcode_after_footer_widgets":"","ocean_shortcode_before_footer_bottom":"","ocean_shortcode_after_footer_bottom":"","ocean_display_top_bar":"default","ocean_display_header":"default","ocean_header_style":"","ocean_center_header_left_menu":"0","ocean_custom_header_template":"0","ocean_custom_logo":0,"ocean_custom_retina_logo":0,"ocean_custom_logo_max_width":0,"ocean_custom_logo_tablet_max_width":0,"ocean_custom_logo_mobile_max_width":0,"ocean_custom_logo_max_height":0,"ocean_custom_logo_tablet_max_height":0,"ocean_custom_logo_mobile_max_height":0,"ocean_header_custom_menu":"0","ocean_menu_typo_font_family":"0","ocean_menu_typo_font_subset":"","ocean_menu_typo_font_size":0,"ocean_menu_typo_font_size_tablet":0,"ocean_menu_typo_font_size_mobile":0,"ocean_menu_typo_font_size_unit":"px","ocean_menu_typo_font_weight":"","ocean_menu_typo_font_weight_tablet":"","ocean_menu_typo_font_weight_mobile":"","ocean_menu_typo_transform":"","ocean_menu_typo_transform_tablet":"","ocean_menu_typo_transform_mobile":"","ocean_menu_typo_line_height":0,"ocean_menu_typo_line_height_tablet":0,"ocean_menu_typo_line_height_mobile":0,"ocean_menu_typo_line_height_unit":"","ocean_menu_typo_spacing":0,"ocean_menu_typo_spacing_tablet":0,"ocean_menu_typo_spacing_mobile":0,"ocean_menu_typo_spacing_unit":"","ocean_menu_link_color":"","ocean_menu_link_color_hover":"","ocean_menu_link_color_active":"","ocean_menu_link_background":"","ocean_menu_link_hover_background":"","ocean_menu_link_active_background":"","ocean_menu_social_links_bg":"","ocean_menu_social_hover_links_bg":"","ocean_menu_social_links_color":"","ocean_menu_social_hover_links_color":"","ocean_disable_title":"default","ocean_disable_heading":"default","ocean_post_title":"","ocean_post_subheading":"","ocean_post_title_style":"","ocean_post_title_background_color":"","ocean_post_title_background":0,"ocean_post_title_bg_image_position":"","ocean_post_title_bg_image_attachment":"","ocean_post_title_bg_image_repeat":"","ocean_post_title_bg_image_size":"","ocean_post_title_height":0,"ocean_post_title_bg_overlay":0.5,"ocean_post_title_bg_overlay_color":"","ocean_disable_breadcrumbs":"default","ocean_breadcrumbs_color":"","ocean_breadcrumbs_separator_color":"","ocean_breadcrumbs_links_color":"","ocean_breadcrumbs_links_hover_color":"","ocean_display_footer_widgets":"default","ocean_display_footer_bottom":"default","ocean_custom_footer_template":"0"},"product_brand":[],"product_cat":[27],"product_tag":[],"class_list":{"0":"post-590","1":"product","2":"type-product","3":"status-publish","4":"has-post-thumbnail","6":"product_cat-beaute-bien-etre","8":"entry","9":"has-media","11":"first","12":"instock","13":"taxable","14":"shipping-taxable","15":"purchasable","16":"product-type-simple","17":"col","18":"span_1_of_4","19":"owp-content-center","20":"owp-thumbs-layout-horizontal","21":"owp-btn-big","22":"owp-tabs-layout-horizontal"},"yoast_head":"<!-- This site is optimized with the Yoast SEO plugin v27.2 - https:\/\/yoast.com\/product\/yoast-seo-wordpress\/ -->\n<title>LAMPE LUMINOTH\u00c9RAPIE - 4 COULEURS - mori-mana.com<\/title>\n<meta name=\"description\" content=\"D\u00e9couvrez une gamme \u00e9tendue de soins avec la LAMPE LUMINOTH\u00c9RAPIE \u2013 4 COULEURS, offrant des options personnalis\u00e9es pour votre bien-\u00eatre.\" \/>\n<meta name=\"robots\" content=\"index, follow, max-snippet:-1, max-image-preview:large, max-video-preview:-1\" \/>\n<link rel=\"canonical\" href=\"https:\/\/mori-mana.com\/index.php\/produit\/lampe-luminotherapie-4-couleurs\/\" \/>\n<meta property=\"og:locale\" content=\"fr_FR\" \/>\n<meta property=\"og:type\" content=\"article\" \/>\n<meta property=\"og:title\" content=\"LAMPE LUMINOTH\u00c9RAPIE - 4 COULEURS - mori-mana.com\" \/>\n<meta property=\"og:description\" content=\"D\u00e9couvrez une gamme \u00e9tendue de soins avec la LAMPE LUMINOTH\u00c9RAPIE \u2013 4 COULEURS, offrant des options personnalis\u00e9es pour votre bien-\u00eatre.\" \/>\n<meta property=\"og:url\" content=\"https:\/\/mori-mana.com\/index.php\/produit\/lampe-luminotherapie-4-couleurs\/\" \/>\n<meta property=\"og:site_name\" content=\"mori-mana.com\" \/>\n<meta property=\"article:publisher\" content=\"https:\/\/www.facebook.com\/share\/1ETiANG9SL\/?mibextid=wwXIfr\" \/>\n<meta property=\"article:modified_time\" content=\"2025-02-12T21:01:07+00:00\" \/>\n<meta property=\"og:image\" content=\"https:\/\/mori-mana.com\/wp-content\/uploads\/2025\/01\/23.png\" \/>\n\t<meta property=\"og:image:width\" content=\"1000\" \/>\n\t<meta property=\"og:image:height\" content=\"1000\" \/>\n\t<meta property=\"og:image:type\" content=\"image\/png\" \/>\n<meta name=\"twitter:card\" content=\"summary_large_image\" \/>\n<meta name=\"twitter:label1\" content=\"Dur\u00e9e de lecture estim\u00e9e\" \/>\n\t<meta name=\"twitter:data1\" content=\"2 minutes\" \/>\n<script type=\"application\/ld+json\" class=\"yoast-schema-graph\">{\"@context\":\"https:\/\/schema.org\",\"@graph\":[{\"@type\":\"WebPage\",\"@id\":\"https:\/\/mori-mana.com\/index.php\/produit\/lampe-luminotherapie-4-couleurs\/\",\"url\":\"https:\/\/mori-mana.com\/index.php\/produit\/lampe-luminotherapie-4-couleurs\/\",\"name\":\"LAMPE LUMINOTH\u00c9RAPIE - 4 COULEURS - mori-mana.com\",\"isPartOf\":{\"@id\":\"https:\/\/mori-mana.com\/#website\"},\"primaryImageOfPage\":{\"@id\":\"https:\/\/mori-mana.com\/index.php\/produit\/lampe-luminotherapie-4-couleurs\/#primaryimage\"},\"image\":{\"@id\":\"https:\/\/mori-mana.com\/index.php\/produit\/lampe-luminotherapie-4-couleurs\/#primaryimage\"},\"thumbnailUrl\":\"https:\/\/mori-mana.com\/wp-content\/uploads\/2025\/01\/23.png\",\"datePublished\":\"2024-12-27T23:07:33+00:00\",\"dateModified\":\"2025-02-12T21:01:07+00:00\",\"description\":\"D\u00e9couvrez une gamme \u00e9tendue de soins avec la LAMPE LUMINOTH\u00c9RAPIE \u2013 4 COULEURS, offrant des options personnalis\u00e9es pour votre bien-\u00eatre.\",\"breadcrumb\":{\"@id\":\"https:\/\/mori-mana.com\/index.php\/produit\/lampe-luminotherapie-4-couleurs\/#breadcrumb\"},\"inLanguage\":\"fr-FR\",\"potentialAction\":[{\"@type\":\"ReadAction\",\"target\":[\"https:\/\/mori-mana.com\/index.php\/produit\/lampe-luminotherapie-4-couleurs\/\"]}]},{\"@type\":\"ImageObject\",\"inLanguage\":\"fr-FR\",\"@id\":\"https:\/\/mori-mana.com\/index.php\/produit\/lampe-luminotherapie-4-couleurs\/#primaryimage\",\"url\":\"https:\/\/mori-mana.com\/wp-content\/uploads\/2025\/01\/23.png\",\"contentUrl\":\"https:\/\/mori-mana.com\/wp-content\/uploads\/2025\/01\/23.png\",\"width\":1000,\"height\":1000},{\"@type\":\"BreadcrumbList\",\"@id\":\"https:\/\/mori-mana.com\/index.php\/produit\/lampe-luminotherapie-4-couleurs\/#breadcrumb\",\"itemListElement\":[{\"@type\":\"ListItem\",\"position\":1,\"name\":\"Home\",\"item\":\"https:\/\/mori-mana.com\/\"},{\"@type\":\"ListItem\",\"position\":2,\"name\":\"NOS PRODUITS\",\"item\":\"https:\/\/mori-mana.com\/index.php\/nos-produits\/\"},{\"@type\":\"ListItem\",\"position\":3,\"name\":\"LAMPE LUMINOTH\u00c9RAPIE &#8211; 4 COULEURS\"}]},{\"@type\":\"WebSite\",\"@id\":\"https:\/\/mori-mana.com\/#website\",\"url\":\"https:\/\/mori-mana.com\/\",\"name\":\"mori-mana.com\",\"description\":\"Le bien \u00eatre dans le corps et l\u2019esprit par la lumi\u00e8re.\",\"publisher\":{\"@id\":\"https:\/\/mori-mana.com\/#organization\"},\"potentialAction\":[{\"@type\":\"SearchAction\",\"target\":{\"@type\":\"EntryPoint\",\"urlTemplate\":\"https:\/\/mori-mana.com\/?s={search_term_string}\"},\"query-input\":{\"@type\":\"PropertyValueSpecification\",\"valueRequired\":true,\"valueName\":\"search_term_string\"}}],\"inLanguage\":\"fr-FR\"},{\"@type\":\"Organization\",\"@id\":\"https:\/\/mori-mana.com\/#organization\",\"name\":\"mori-mana.com\",\"url\":\"https:\/\/mori-mana.com\/\",\"logo\":{\"@type\":\"ImageObject\",\"inLanguage\":\"fr-FR\",\"@id\":\"https:\/\/mori-mana.com\/#\/schema\/logo\/image\/\",\"url\":\"https:\/\/mori-mana.com\/wp-content\/uploads\/2024\/10\/cropped-Icone-blanc-MORI-MANA.png\",\"contentUrl\":\"https:\/\/mori-mana.com\/wp-content\/uploads\/2024\/10\/cropped-Icone-blanc-MORI-MANA.png\",\"width\":512,\"height\":512,\"caption\":\"mori-mana.com\"},\"image\":{\"@id\":\"https:\/\/mori-mana.com\/#\/schema\/logo\/image\/\"},\"sameAs\":[\"https:\/\/www.facebook.com\/share\/1ETiANG9SL\/?mibextid=wwXIfr\"]}]}<\/script>\n<!-- \/ Yoast SEO plugin. -->","yoast_head_json":{"title":"LAMPE LUMINOTH\u00c9RAPIE - 4 COULEURS - mori-mana.com","description":"D\u00e9couvrez une gamme \u00e9tendue de soins avec la LAMPE LUMINOTH\u00c9RAPIE \u2013 4 COULEURS, offrant des options personnalis\u00e9es pour votre bien-\u00eatre.","robots":{"index":"index","follow":"follow","max-snippet":"max-snippet:-1","max-image-preview":"max-image-preview:large","max-video-preview":"max-video-preview:-1"},"canonical":"https:\/\/mori-mana.com\/index.php\/produit\/lampe-luminotherapie-4-couleurs\/","og_locale":"fr_FR","og_type":"article","og_title":"LAMPE LUMINOTH\u00c9RAPIE - 4 COULEURS - mori-mana.com","og_description":"D\u00e9couvrez une gamme \u00e9tendue de soins avec la LAMPE LUMINOTH\u00c9RAPIE \u2013 4 COULEURS, offrant des options personnalis\u00e9es pour votre bien-\u00eatre.","og_url":"https:\/\/mori-mana.com\/index.php\/produit\/lampe-luminotherapie-4-couleurs\/","og_site_name":"mori-mana.com","article_publisher":"https:\/\/www.facebook.com\/share\/1ETiANG9SL\/?mibextid=wwXIfr","article_modified_time":"2025-02-12T21:01:07+00:00","og_image":[{"width":1000,"height":1000,"url":"https:\/\/mori-mana.com\/wp-content\/uploads\/2025\/01\/23.png","type":"image\/png"}],"twitter_card":"summary_large_image","twitter_misc":{"Dur\u00e9e de lecture estim\u00e9e":"2 minutes"},"schema":{"@context":"https:\/\/schema.org","@graph":[{"@type":"WebPage","@id":"https:\/\/mori-mana.com\/index.php\/produit\/lampe-luminotherapie-4-couleurs\/","url":"https:\/\/mori-mana.com\/index.php\/produit\/lampe-luminotherapie-4-couleurs\/","name":"LAMPE LUMINOTH\u00c9RAPIE - 4 COULEURS - mori-mana.com","isPartOf":{"@id":"https:\/\/mori-mana.com\/#website"},"primaryImageOfPage":{"@id":"https:\/\/mori-mana.com\/index.php\/produit\/lampe-luminotherapie-4-couleurs\/#primaryimage"},"image":{"@id":"https:\/\/mori-mana.com\/index.php\/produit\/lampe-luminotherapie-4-couleurs\/#primaryimage"},"thumbnailUrl":"https:\/\/mori-mana.com\/wp-content\/uploads\/2025\/01\/23.png","datePublished":"2024-12-27T23:07:33+00:00","dateModified":"2025-02-12T21:01:07+00:00","description":"D\u00e9couvrez une gamme \u00e9tendue de soins avec la LAMPE LUMINOTH\u00c9RAPIE \u2013 4 COULEURS, offrant des options personnalis\u00e9es pour votre bien-\u00eatre.","breadcrumb":{"@id":"https:\/\/mori-mana.com\/index.php\/produit\/lampe-luminotherapie-4-couleurs\/#breadcrumb"},"inLanguage":"fr-FR","potentialAction":[{"@type":"ReadAction","target":["https:\/\/mori-mana.com\/index.php\/produit\/lampe-luminotherapie-4-couleurs\/"]}]},{"@type":"ImageObject","inLanguage":"fr-FR","@id":"https:\/\/mori-mana.com\/index.php\/produit\/lampe-luminotherapie-4-couleurs\/#primaryimage","url":"https:\/\/mori-mana.com\/wp-content\/uploads\/2025\/01\/23.png","contentUrl":"https:\/\/mori-mana.com\/wp-content\/uploads\/2025\/01\/23.png","width":1000,"height":1000},{"@type":"BreadcrumbList","@id":"https:\/\/mori-mana.com\/index.php\/produit\/lampe-luminotherapie-4-couleurs\/#breadcrumb","itemListElement":[{"@type":"ListItem","position":1,"name":"Home","item":"https:\/\/mori-mana.com\/"},{"@type":"ListItem","position":2,"name":"NOS PRODUITS","item":"https:\/\/mori-mana.com\/index.php\/nos-produits\/"},{"@type":"ListItem","position":3,"name":"LAMPE LUMINOTH\u00c9RAPIE &#8211; 4 COULEURS"}]},{"@type":"WebSite","@id":"https:\/\/mori-mana.com\/#website","url":"https:\/\/mori-mana.com\/","name":"mori-mana.com","description":"Le bien \u00eatre dans le corps et l\u2019esprit par la lumi\u00e8re.","publisher":{"@id":"https:\/\/mori-mana.com\/#organization"},"potentialAction":[{"@type":"SearchAction","target":{"@type":"EntryPoint","urlTemplate":"https:\/\/mori-mana.com\/?s={search_term_string}"},"query-input":{"@type":"PropertyValueSpecification","valueRequired":true,"valueName":"search_term_string"}}],"inLanguage":"fr-FR"},{"@type":"Organization","@id":"https:\/\/mori-mana.com\/#organization","name":"mori-mana.com","url":"https:\/\/mori-mana.com\/","logo":{"@type":"ImageObject","inLanguage":"fr-FR","@id":"https:\/\/mori-mana.com\/#\/schema\/logo\/image\/","url":"https:\/\/mori-mana.com\/wp-content\/uploads\/2024\/10\/cropped-Icone-blanc-MORI-MANA.png","contentUrl":"https:\/\/mori-mana.com\/wp-content\/uploads\/2024\/10\/cropped-Icone-blanc-MORI-MANA.png","width":512,"height":512,"caption":"mori-mana.com"},"image":{"@id":"https:\/\/mori-mana.com\/#\/schema\/logo\/image\/"},"sameAs":["https:\/\/www.facebook.com\/share\/1ETiANG9SL\/?mibextid=wwXIfr"]}]}},"jetpack_sharing_enabled":true,"_links":{"self":[{"href":"https:\/\/mori-mana.com\/index.php\/wp-json\/wp\/v2\/product\/590","targetHints":{"allow":["GET"]}}],"collection":[{"href":"https:\/\/mori-mana.com\/index.php\/wp-json\/wp\/v2\/product"}],"about":[{"href":"https:\/\/mori-mana.com\/index.php\/wp-json\/wp\/v2\/types\/product"}],"wp:featuredmedia":[{"embeddable":true,"href":"https:\/\/mori-mana.com\/index.php\/wp-json\/wp\/v2\/media\/1283"}],"wp:attachment":[{"href":"https:\/\/mori-mana.com\/index.php\/wp-json\/wp\/v2\/media?parent=590"}],"wp:term":[{"taxonomy":"product_brand","embeddable":true,"href":"https:\/\/mori-mana.com\/index.php\/wp-json\/wp\/v2\/product_brand?post=590"},{"taxonomy":"product_cat","embeddable":true,"href":"https:\/\/mori-mana.com\/index.php\/wp-json\/wp\/v2\/product_cat?post=590"},{"taxonomy":"product_tag","embeddable":true,"href":"https:\/\/mori-mana.com\/index.php\/wp-json\/wp\/v2\/product_tag?post=590"}],"curies":[{"name":"wp","href":"https:\/\/api.w.org\/{rel}","templated":true}]}}