{"id":594,"date":"2024-12-27T23:06:47","date_gmt":"2024-12-27T23:06:47","guid":{"rendered":"https:\/\/mori-mana.com\/?post_type=product&#038;p=594"},"modified":"2025-02-12T11:04:21","modified_gmt":"2025-02-12T21:04:21","slug":"montre-de-therapie-au-laser-led","status":"publish","type":"product","link":"https:\/\/mori-mana.com\/index.php\/produit\/montre-de-therapie-au-laser-led\/","title":{"rendered":"MONTRE DE TH\u00c9RAPIE AU LASER LED + KIT NASAL\/PAD POUR MONTRE"},"content":{"rendered":"<p class=\"cvGsUA direction-ltr align-justify para-style-body\"><span class=\"OYPEnA font-feature-liga-off font-feature-clig-off font-feature-calt-off text-decoration-none text-strikethrough-none\">La montre de th\u00e9rapie laser est un appareil 3-en-1 innovant, bas\u00e9 sur les derni\u00e8res avanc\u00e9es en th\u00e9rapie laser de bas niveau. Elle est principalement con\u00e7ue pour r\u00e9duire l&rsquo;hyperglyc\u00e9mie, l&rsquo;hypertension, l&rsquo;hyperlipid\u00e9mie, et traiter les maladies cardiovasculaires et c\u00e9r\u00e9brovasculaires. Combinant acupuncture, th\u00e9rapie de la douleur locale et irradiation sanguine externe, cette montre devient votre compagnon id\u00e9al, que vous soyez chez vous, au travail ou en d\u00e9placement.<\/span><\/p>\n<p class=\"cvGsUA direction-ltr align-justify para-style-body\"><span class=\"OYPEnA font-feature-liga-off font-feature-clig-off font-feature-calt-off text-decoration-none text-strikethrough-none\">Elle est fournie avec un tampon (mini pad) pour l&rsquo;irradiation des zones douloureuses, un applicateur auriculaire (pour les acouph\u00e8nes, par exemple) et un applicateur nasal (pour la rhinite, les allergies, etc.).<\/span><\/p>\n<p>&nbsp;<\/p>\n<p><span style=\"text-decoration: underline;\"><strong>FONCTION<\/strong><\/span> :<\/p>\n<ul>\n<li><span class=\"OYPEnA font-feature-liga-off font-feature-clig-off font-feature-calt-off text-decoration-none text-strikethrough-none\">R\u00e9duction de la viscosit\u00e9 sanguine : L&rsquo;injection de lumi\u00e8re monochrome \u00e0 faible \u00e9nergie dans le sang am\u00e9liore la d\u00e9formabilit\u00e9 des globules rouges et la capacit\u00e9 de transport de l&rsquo;oxyg\u00e8ne, aidant \u00e0 dissocier les globules rouges agr\u00e9g\u00e9s et \u00e0 fluidifier le sang.<\/span><\/li>\n<li><span class=\"OYPEnA font-feature-liga-off font-feature-clig-off font-feature-calt-off text-decoration-none text-strikethrough-none\">R\u00e9duction des lipides sanguins : La lumi\u00e8re active des enzymes qui d\u00e9composent les graisses exc\u00e9dentaires, r\u00e9duisant ainsi le cholest\u00e9rol et les lipides sanguins tout en augmentant l&rsquo;oxyg\u00e9nation.<\/span><\/li>\n<li><span class=\"OYPEnA font-feature-liga-off font-feature-clig-off font-feature-calt-off text-decoration-none text-strikethrough-none\">Pr\u00e9vention des thrombus : Elle r\u00e9duit les substances vasoactives et les agents formant des caillots, pr\u00e9venant ainsi les thromboses c\u00e9r\u00e9brales et cardiaques, comme l&rsquo;infarctus ou l&rsquo;AVC.<\/span><\/li>\n<li><span class=\"OYPEnA font-feature-liga-off font-feature-clig-off font-feature-calt-off text-decoration-none text-strikethrough-none\">Traitement de l&rsquo;hypertension : La lumi\u00e8re am\u00e9liore l&rsquo;\u00e9lasticit\u00e9 des vaisseaux sanguins, diminue la r\u00e9sistance p\u00e9riph\u00e9rique et favorise le retour \u00e0 une pression art\u00e9rielle normale.<\/span><\/li>\n<li><span class=\"OYPEnA font-feature-liga-off font-feature-clig-off font-feature-calt-off text-decoration-none text-strikethrough-none\">Soulagement de la douleur : L&rsquo;irradiation non invasive avec des lumi\u00e8res rouges et bleues p\u00e9n\u00e8tre les zones douloureuses, soulage l&rsquo;inflammation et favorise la gu\u00e9rison de maladies comme l&rsquo;arthrite ou la spondylose cervicale.<\/span><\/li>\n<li><span class=\"OYPEnA font-feature-liga-off font-feature-clig-off font-feature-calt-off text-decoration-none text-strikethrough-none\">Am\u00e9lioration cognitive : En augmentant l&rsquo;oxyg\u00e9nation du sang, la lumi\u00e8re assure un apport \u00e9nerg\u00e9tique optimal au cerveau, am\u00e9liorant ainsi la m\u00e9moire et la concentration.<\/span><\/li>\n<li><span class=\"OYPEnA font-feature-liga-off font-feature-clig-off font-feature-calt-off text-decoration-none text-strikethrough-none\">Am\u00e9lioration des sympt\u00f4mes cliniques : La th\u00e9rapie acc\u00e9l\u00e8re la circulation sanguine, soulage les sympt\u00f4mes des maladies cardiovasculaires et c\u00e9r\u00e9brovasculaires (vertiges, maux de t\u00eate, essoufflement), et augmente la tol\u00e9rance \u00e0 l&rsquo;effort.<\/span><\/li>\n<\/ul>\n<p>&nbsp;<\/p>\n<p><span class=\"OYPEnA font-feature-liga-off font-feature-clig-off font-feature-calt-off text-decoration-underline text-strikethrough-none\"><span style=\"text-decoration: underline;\"><strong>ACCESSOIRES<\/strong><\/span>\u00a0:\u00a0<\/span><\/p>\n<ul>\n<li><span class=\"OYPEnA font-feature-liga-off font-feature-clig-off font-feature-calt-off text-decoration-none text-strikethrough-none\">Montre, tampon (mini pad), applicateur auriculaire et applicateur nasal,<\/span><\/li>\n<li>Guide d&rsquo;utilisation,<\/li>\n<li><span class=\"OYPEnA font-feature-liga-off font-feature-clig-off font-feature-calt-off text-decoration-none text-strikethrough-none\">Sac de protection pour la montre et les accessoires,<\/span><\/li>\n<li><span class=\"OYPEnA font-feature-liga-off font-feature-clig-off font-feature-calt-off text-decoration-none text-strikethrough-none\">C\u00e2ble d\u2019alimentation.<\/span><\/li>\n<\/ul>\n","protected":false},"excerpt":{"rendered":"<p class=\"cvGsUA direction-ltr align-justify para-style-body\"><span class=\"OYPEnA font-feature-liga-off font-feature-clig-off font-feature-calt-off text-decoration-none text-strikethrough-none\">La montre de th\u00e9rapie laser est un appareil 3-en-1 innovant, bas\u00e9 sur les derni\u00e8res avanc\u00e9es en th\u00e9rapie laser de bas niveau. Elle est principalement con\u00e7ue pour r\u00e9duire l&rsquo;hyperglyc\u00e9mie, l&rsquo;hypertension, l&rsquo;hyperlipid\u00e9mie, et traiter les maladies cardiovasculaires et c\u00e9r\u00e9brovasculaires. Combinant acupuncture, th\u00e9rapie de la douleur locale et irradiation sanguine externe, cette montre devient votre compagnon id\u00e9al, que vous soyez chez vous, au travail ou en d\u00e9placement.<\/span><\/p>\n<p class=\"cvGsUA direction-ltr align-justify para-style-body\"><span class=\"OYPEnA font-feature-liga-off font-feature-clig-off font-feature-calt-off text-decoration-none text-strikethrough-none\">Elle est fournie avec un tampon (mini pad) pour l&rsquo;irradiation des zones douloureuses, un applicateur auriculaire (pour les acouph\u00e8nes, par exemple) et un applicateur nasal (pour la rhinite, les allergies, etc.).<\/span><\/p>\n","protected":false},"featured_media":1276,"template":"","meta":{"_eb_attr":"","ocean_post_layout":"","ocean_both_sidebars_style":"","ocean_both_sidebars_content_width":0,"ocean_both_sidebars_sidebars_width":0,"ocean_sidebar":"0","ocean_second_sidebar":"0","ocean_disable_margins":"enable","ocean_add_body_class":"","ocean_shortcode_before_top_bar":"","ocean_shortcode_after_top_bar":"","ocean_shortcode_before_header":"","ocean_shortcode_after_header":"","ocean_has_shortcode":"","ocean_shortcode_after_title":"","ocean_shortcode_before_footer_widgets":"","ocean_shortcode_after_footer_widgets":"","ocean_shortcode_before_footer_bottom":"","ocean_shortcode_after_footer_bottom":"","ocean_display_top_bar":"default","ocean_display_header":"default","ocean_header_style":"","ocean_center_header_left_menu":"0","ocean_custom_header_template":"0","ocean_custom_logo":0,"ocean_custom_retina_logo":0,"ocean_custom_logo_max_width":0,"ocean_custom_logo_tablet_max_width":0,"ocean_custom_logo_mobile_max_width":0,"ocean_custom_logo_max_height":0,"ocean_custom_logo_tablet_max_height":0,"ocean_custom_logo_mobile_max_height":0,"ocean_header_custom_menu":"0","ocean_menu_typo_font_family":"0","ocean_menu_typo_font_subset":"","ocean_menu_typo_font_size":0,"ocean_menu_typo_font_size_tablet":0,"ocean_menu_typo_font_size_mobile":0,"ocean_menu_typo_font_size_unit":"px","ocean_menu_typo_font_weight":"","ocean_menu_typo_font_weight_tablet":"","ocean_menu_typo_font_weight_mobile":"","ocean_menu_typo_transform":"","ocean_menu_typo_transform_tablet":"","ocean_menu_typo_transform_mobile":"","ocean_menu_typo_line_height":0,"ocean_menu_typo_line_height_tablet":0,"ocean_menu_typo_line_height_mobile":0,"ocean_menu_typo_line_height_unit":"","ocean_menu_typo_spacing":0,"ocean_menu_typo_spacing_tablet":0,"ocean_menu_typo_spacing_mobile":0,"ocean_menu_typo_spacing_unit":"","ocean_menu_link_color":"","ocean_menu_link_color_hover":"","ocean_menu_link_color_active":"","ocean_menu_link_background":"","ocean_menu_link_hover_background":"","ocean_menu_link_active_background":"","ocean_menu_social_links_bg":"","ocean_menu_social_hover_links_bg":"","ocean_menu_social_links_color":"","ocean_menu_social_hover_links_color":"","ocean_disable_title":"default","ocean_disable_heading":"default","ocean_post_title":"","ocean_post_subheading":"","ocean_post_title_style":"","ocean_post_title_background_color":"","ocean_post_title_background":0,"ocean_post_title_bg_image_position":"","ocean_post_title_bg_image_attachment":"","ocean_post_title_bg_image_repeat":"","ocean_post_title_bg_image_size":"","ocean_post_title_height":0,"ocean_post_title_bg_overlay":0.5,"ocean_post_title_bg_overlay_color":"","ocean_disable_breadcrumbs":"default","ocean_breadcrumbs_color":"","ocean_breadcrumbs_separator_color":"","ocean_breadcrumbs_links_color":"","ocean_breadcrumbs_links_hover_color":"","ocean_display_footer_widgets":"default","ocean_display_footer_bottom":"default","ocean_custom_footer_template":"0"},"product_brand":[],"product_cat":[28],"product_tag":[],"class_list":{"0":"post-594","1":"product","2":"type-product","3":"status-publish","4":"has-post-thumbnail","6":"product_cat-vitalite-bien-etre","8":"entry","9":"has-media","11":"first","12":"instock","13":"taxable","14":"shipping-taxable","15":"purchasable","16":"product-type-simple","17":"col","18":"span_1_of_4","19":"owp-content-center","20":"owp-thumbs-layout-horizontal","21":"owp-btn-big","22":"owp-tabs-layout-horizontal"},"yoast_head":"<!-- This site is optimized with the Yoast SEO plugin v27.2 - https:\/\/yoast.com\/product\/yoast-seo-wordpress\/ -->\n<title>MONTRE DE TH\u00c9RAPIE AU LASER LED + KIT NASAL\/PAD POUR MONTRE - mori-mana.com<\/title>\n<meta name=\"description\" content=\"Am\u00e9liorez votre bien-\u00eatre g\u00e9n\u00e9ral avec la MONTRE DE TH\u00c9RAPIE AU LASER LED, accompagn\u00e9e de son kit nasal et pad pour une utilisation polyvalente.\" \/>\n<meta name=\"robots\" content=\"index, follow, max-snippet:-1, max-image-preview:large, max-video-preview:-1\" \/>\n<link rel=\"canonical\" href=\"https:\/\/mori-mana.com\/index.php\/produit\/montre-de-therapie-au-laser-led\/\" \/>\n<meta property=\"og:locale\" content=\"fr_FR\" \/>\n<meta property=\"og:type\" content=\"article\" \/>\n<meta property=\"og:title\" content=\"MONTRE DE TH\u00c9RAPIE AU LASER LED + KIT NASAL\/PAD POUR MONTRE - mori-mana.com\" \/>\n<meta property=\"og:description\" content=\"Am\u00e9liorez votre bien-\u00eatre g\u00e9n\u00e9ral avec la MONTRE DE TH\u00c9RAPIE AU LASER LED, accompagn\u00e9e de son kit nasal et pad pour une utilisation polyvalente.\" \/>\n<meta property=\"og:url\" content=\"https:\/\/mori-mana.com\/index.php\/produit\/montre-de-therapie-au-laser-led\/\" \/>\n<meta property=\"og:site_name\" content=\"mori-mana.com\" \/>\n<meta property=\"article:publisher\" content=\"https:\/\/www.facebook.com\/share\/1ETiANG9SL\/?mibextid=wwXIfr\" \/>\n<meta property=\"article:modified_time\" content=\"2025-02-12T21:04:21+00:00\" \/>\n<meta property=\"og:image\" content=\"https:\/\/mori-mana.com\/wp-content\/uploads\/2025\/01\/30.png\" \/>\n\t<meta property=\"og:image:width\" content=\"1000\" \/>\n\t<meta property=\"og:image:height\" content=\"1000\" \/>\n\t<meta property=\"og:image:type\" content=\"image\/png\" \/>\n<meta name=\"twitter:card\" content=\"summary_large_image\" \/>\n<meta name=\"twitter:label1\" content=\"Dur\u00e9e de lecture estim\u00e9e\" \/>\n\t<meta name=\"twitter:data1\" content=\"2 minutes\" \/>\n<script type=\"application\/ld+json\" class=\"yoast-schema-graph\">{\"@context\":\"https:\/\/schema.org\",\"@graph\":[{\"@type\":\"WebPage\",\"@id\":\"https:\/\/mori-mana.com\/index.php\/produit\/montre-de-therapie-au-laser-led\/\",\"url\":\"https:\/\/mori-mana.com\/index.php\/produit\/montre-de-therapie-au-laser-led\/\",\"name\":\"MONTRE DE TH\u00c9RAPIE AU LASER LED + KIT NASAL\/PAD POUR MONTRE - mori-mana.com\",\"isPartOf\":{\"@id\":\"https:\/\/mori-mana.com\/#website\"},\"primaryImageOfPage\":{\"@id\":\"https:\/\/mori-mana.com\/index.php\/produit\/montre-de-therapie-au-laser-led\/#primaryimage\"},\"image\":{\"@id\":\"https:\/\/mori-mana.com\/index.php\/produit\/montre-de-therapie-au-laser-led\/#primaryimage\"},\"thumbnailUrl\":\"https:\/\/mori-mana.com\/wp-content\/uploads\/2025\/01\/30.png\",\"datePublished\":\"2024-12-27T23:06:47+00:00\",\"dateModified\":\"2025-02-12T21:04:21+00:00\",\"description\":\"Am\u00e9liorez votre bien-\u00eatre g\u00e9n\u00e9ral avec la MONTRE DE TH\u00c9RAPIE AU LASER LED, accompagn\u00e9e de son kit nasal et pad pour une utilisation polyvalente.\",\"breadcrumb\":{\"@id\":\"https:\/\/mori-mana.com\/index.php\/produit\/montre-de-therapie-au-laser-led\/#breadcrumb\"},\"inLanguage\":\"fr-FR\",\"potentialAction\":[{\"@type\":\"ReadAction\",\"target\":[\"https:\/\/mori-mana.com\/index.php\/produit\/montre-de-therapie-au-laser-led\/\"]}]},{\"@type\":\"ImageObject\",\"inLanguage\":\"fr-FR\",\"@id\":\"https:\/\/mori-mana.com\/index.php\/produit\/montre-de-therapie-au-laser-led\/#primaryimage\",\"url\":\"https:\/\/mori-mana.com\/wp-content\/uploads\/2025\/01\/30.png\",\"contentUrl\":\"https:\/\/mori-mana.com\/wp-content\/uploads\/2025\/01\/30.png\",\"width\":1000,\"height\":1000},{\"@type\":\"BreadcrumbList\",\"@id\":\"https:\/\/mori-mana.com\/index.php\/produit\/montre-de-therapie-au-laser-led\/#breadcrumb\",\"itemListElement\":[{\"@type\":\"ListItem\",\"position\":1,\"name\":\"Home\",\"item\":\"https:\/\/mori-mana.com\/\"},{\"@type\":\"ListItem\",\"position\":2,\"name\":\"NOS PRODUITS\",\"item\":\"https:\/\/mori-mana.com\/index.php\/nos-produits\/\"},{\"@type\":\"ListItem\",\"position\":3,\"name\":\"MONTRE DE TH\u00c9RAPIE AU LASER LED + KIT NASAL\/PAD POUR MONTRE\"}]},{\"@type\":\"WebSite\",\"@id\":\"https:\/\/mori-mana.com\/#website\",\"url\":\"https:\/\/mori-mana.com\/\",\"name\":\"mori-mana.com\",\"description\":\"Le bien \u00eatre dans le corps et l\u2019esprit par la lumi\u00e8re.\",\"publisher\":{\"@id\":\"https:\/\/mori-mana.com\/#organization\"},\"potentialAction\":[{\"@type\":\"SearchAction\",\"target\":{\"@type\":\"EntryPoint\",\"urlTemplate\":\"https:\/\/mori-mana.com\/?s={search_term_string}\"},\"query-input\":{\"@type\":\"PropertyValueSpecification\",\"valueRequired\":true,\"valueName\":\"search_term_string\"}}],\"inLanguage\":\"fr-FR\"},{\"@type\":\"Organization\",\"@id\":\"https:\/\/mori-mana.com\/#organization\",\"name\":\"mori-mana.com\",\"url\":\"https:\/\/mori-mana.com\/\",\"logo\":{\"@type\":\"ImageObject\",\"inLanguage\":\"fr-FR\",\"@id\":\"https:\/\/mori-mana.com\/#\/schema\/logo\/image\/\",\"url\":\"https:\/\/mori-mana.com\/wp-content\/uploads\/2024\/10\/cropped-Icone-blanc-MORI-MANA.png\",\"contentUrl\":\"https:\/\/mori-mana.com\/wp-content\/uploads\/2024\/10\/cropped-Icone-blanc-MORI-MANA.png\",\"width\":512,\"height\":512,\"caption\":\"mori-mana.com\"},\"image\":{\"@id\":\"https:\/\/mori-mana.com\/#\/schema\/logo\/image\/\"},\"sameAs\":[\"https:\/\/www.facebook.com\/share\/1ETiANG9SL\/?mibextid=wwXIfr\"]}]}<\/script>\n<!-- \/ Yoast SEO plugin. -->","yoast_head_json":{"title":"MONTRE DE TH\u00c9RAPIE AU LASER LED + KIT NASAL\/PAD POUR MONTRE - mori-mana.com","description":"Am\u00e9liorez votre bien-\u00eatre g\u00e9n\u00e9ral avec la MONTRE DE TH\u00c9RAPIE AU LASER LED, accompagn\u00e9e de son kit nasal et pad pour une utilisation polyvalente.","robots":{"index":"index","follow":"follow","max-snippet":"max-snippet:-1","max-image-preview":"max-image-preview:large","max-video-preview":"max-video-preview:-1"},"canonical":"https:\/\/mori-mana.com\/index.php\/produit\/montre-de-therapie-au-laser-led\/","og_locale":"fr_FR","og_type":"article","og_title":"MONTRE DE TH\u00c9RAPIE AU LASER LED + KIT NASAL\/PAD POUR MONTRE - mori-mana.com","og_description":"Am\u00e9liorez votre bien-\u00eatre g\u00e9n\u00e9ral avec la MONTRE DE TH\u00c9RAPIE AU LASER LED, accompagn\u00e9e de son kit nasal et pad pour une utilisation polyvalente.","og_url":"https:\/\/mori-mana.com\/index.php\/produit\/montre-de-therapie-au-laser-led\/","og_site_name":"mori-mana.com","article_publisher":"https:\/\/www.facebook.com\/share\/1ETiANG9SL\/?mibextid=wwXIfr","article_modified_time":"2025-02-12T21:04:21+00:00","og_image":[{"width":1000,"height":1000,"url":"https:\/\/mori-mana.com\/wp-content\/uploads\/2025\/01\/30.png","type":"image\/png"}],"twitter_card":"summary_large_image","twitter_misc":{"Dur\u00e9e de lecture estim\u00e9e":"2 minutes"},"schema":{"@context":"https:\/\/schema.org","@graph":[{"@type":"WebPage","@id":"https:\/\/mori-mana.com\/index.php\/produit\/montre-de-therapie-au-laser-led\/","url":"https:\/\/mori-mana.com\/index.php\/produit\/montre-de-therapie-au-laser-led\/","name":"MONTRE DE TH\u00c9RAPIE AU LASER LED + KIT NASAL\/PAD POUR MONTRE - mori-mana.com","isPartOf":{"@id":"https:\/\/mori-mana.com\/#website"},"primaryImageOfPage":{"@id":"https:\/\/mori-mana.com\/index.php\/produit\/montre-de-therapie-au-laser-led\/#primaryimage"},"image":{"@id":"https:\/\/mori-mana.com\/index.php\/produit\/montre-de-therapie-au-laser-led\/#primaryimage"},"thumbnailUrl":"https:\/\/mori-mana.com\/wp-content\/uploads\/2025\/01\/30.png","datePublished":"2024-12-27T23:06:47+00:00","dateModified":"2025-02-12T21:04:21+00:00","description":"Am\u00e9liorez votre bien-\u00eatre g\u00e9n\u00e9ral avec la MONTRE DE TH\u00c9RAPIE AU LASER LED, accompagn\u00e9e de son kit nasal et pad pour une utilisation polyvalente.","breadcrumb":{"@id":"https:\/\/mori-mana.com\/index.php\/produit\/montre-de-therapie-au-laser-led\/#breadcrumb"},"inLanguage":"fr-FR","potentialAction":[{"@type":"ReadAction","target":["https:\/\/mori-mana.com\/index.php\/produit\/montre-de-therapie-au-laser-led\/"]}]},{"@type":"ImageObject","inLanguage":"fr-FR","@id":"https:\/\/mori-mana.com\/index.php\/produit\/montre-de-therapie-au-laser-led\/#primaryimage","url":"https:\/\/mori-mana.com\/wp-content\/uploads\/2025\/01\/30.png","contentUrl":"https:\/\/mori-mana.com\/wp-content\/uploads\/2025\/01\/30.png","width":1000,"height":1000},{"@type":"BreadcrumbList","@id":"https:\/\/mori-mana.com\/index.php\/produit\/montre-de-therapie-au-laser-led\/#breadcrumb","itemListElement":[{"@type":"ListItem","position":1,"name":"Home","item":"https:\/\/mori-mana.com\/"},{"@type":"ListItem","position":2,"name":"NOS PRODUITS","item":"https:\/\/mori-mana.com\/index.php\/nos-produits\/"},{"@type":"ListItem","position":3,"name":"MONTRE DE TH\u00c9RAPIE AU LASER LED + KIT NASAL\/PAD POUR MONTRE"}]},{"@type":"WebSite","@id":"https:\/\/mori-mana.com\/#website","url":"https:\/\/mori-mana.com\/","name":"mori-mana.com","description":"Le bien \u00eatre dans le corps et l\u2019esprit par la lumi\u00e8re.","publisher":{"@id":"https:\/\/mori-mana.com\/#organization"},"potentialAction":[{"@type":"SearchAction","target":{"@type":"EntryPoint","urlTemplate":"https:\/\/mori-mana.com\/?s={search_term_string}"},"query-input":{"@type":"PropertyValueSpecification","valueRequired":true,"valueName":"search_term_string"}}],"inLanguage":"fr-FR"},{"@type":"Organization","@id":"https:\/\/mori-mana.com\/#organization","name":"mori-mana.com","url":"https:\/\/mori-mana.com\/","logo":{"@type":"ImageObject","inLanguage":"fr-FR","@id":"https:\/\/mori-mana.com\/#\/schema\/logo\/image\/","url":"https:\/\/mori-mana.com\/wp-content\/uploads\/2024\/10\/cropped-Icone-blanc-MORI-MANA.png","contentUrl":"https:\/\/mori-mana.com\/wp-content\/uploads\/2024\/10\/cropped-Icone-blanc-MORI-MANA.png","width":512,"height":512,"caption":"mori-mana.com"},"image":{"@id":"https:\/\/mori-mana.com\/#\/schema\/logo\/image\/"},"sameAs":["https:\/\/www.facebook.com\/share\/1ETiANG9SL\/?mibextid=wwXIfr"]}]}},"jetpack_sharing_enabled":true,"_links":{"self":[{"href":"https:\/\/mori-mana.com\/index.php\/wp-json\/wp\/v2\/product\/594","targetHints":{"allow":["GET"]}}],"collection":[{"href":"https:\/\/mori-mana.com\/index.php\/wp-json\/wp\/v2\/product"}],"about":[{"href":"https:\/\/mori-mana.com\/index.php\/wp-json\/wp\/v2\/types\/product"}],"wp:featuredmedia":[{"embeddable":true,"href":"https:\/\/mori-mana.com\/index.php\/wp-json\/wp\/v2\/media\/1276"}],"wp:attachment":[{"href":"https:\/\/mori-mana.com\/index.php\/wp-json\/wp\/v2\/media?parent=594"}],"wp:term":[{"taxonomy":"product_brand","embeddable":true,"href":"https:\/\/mori-mana.com\/index.php\/wp-json\/wp\/v2\/product_brand?post=594"},{"taxonomy":"product_cat","embeddable":true,"href":"https:\/\/mori-mana.com\/index.php\/wp-json\/wp\/v2\/product_cat?post=594"},{"taxonomy":"product_tag","embeddable":true,"href":"https:\/\/mori-mana.com\/index.php\/wp-json\/wp\/v2\/product_tag?post=594"}],"curies":[{"name":"wp","href":"https:\/\/api.w.org\/{rel}","templated":true}]}}