{"id":595,"date":"2024-12-27T23:06:23","date_gmt":"2024-12-27T23:06:23","guid":{"rendered":"https:\/\/mori-mana.com\/?post_type=product&#038;p=595"},"modified":"2025-02-12T11:16:20","modified_gmt":"2025-02-12T21:16:20","slug":"casque-de-therapie-led","status":"publish","type":"product","link":"https:\/\/mori-mana.com\/index.php\/produit\/casque-de-therapie-led\/","title":{"rendered":"CASQUE DE TH\u00c9RAPIE LED"},"content":{"rendered":"<p><span class=\"OYPEnA font-feature-liga-off font-feature-clig-off font-feature-calt-off text-decoration-none text-strikethrough-none\">La photobiomodulation (PBM) utilise la lumi\u00e8re rouge ou infrarouge pour stimuler, gu\u00e9rir, r\u00e9g\u00e9n\u00e9rer et prot\u00e9ger les tissus endommag\u00e9s, d\u00e9g\u00e9n\u00e9ratifs ou en risque de n\u00e9crose. Les troubles c\u00e9r\u00e9braux se r\u00e9partissent en trois grandes cat\u00e9gories : les \u00e9v\u00e9nements traumatiques (AVC, l\u00e9sions c\u00e9r\u00e9brales, isch\u00e9mie), les maladies d\u00e9g\u00e9n\u00e9ratives (d\u00e9mence, Alzheimer, Parkinson) et les troubles psychiatriques (d\u00e9pression, anxi\u00e9t\u00e9, stress post-traumatique). Des \u00e9tudes montrent que l\u2019application de lumi\u00e8re sur la t\u00eate peut avoir des effets b\u00e9n\u00e9fiques pour ces conditions. La PBM pourrait m\u00eame am\u00e9liorer les capacit\u00e9s cognitives des individus en bonne sant\u00e9.<\/span><\/p>\n<ul>\n<li><span class=\"OYPEnA font-feature-liga-off font-feature-clig-off font-feature-calt-off text-decoration-none text-strikethrough-none\">Contr\u00f4le : \u00c9cran tactile permettant de r\u00e9gler la dur\u00e9e (6 \u00e0 30 minutes), l&rsquo;intensit\u00e9 (25% \u00e0 100%) et la fr\u00e9quence (1 \u00e0 20 000 Hz),<\/span><\/li>\n<li><span class=\"OYPEnA font-feature-liga-off font-feature-clig-off font-feature-calt-off text-decoration-none text-strikethrough-none\">256 LED infrarouges pour la th\u00e9rapie, plus 4 LED rouges indicatives,<\/span><\/li>\n<li><span class=\"OYPEnA font-feature-liga-off font-feature-clig-off font-feature-calt-off text-decoration-none text-strikethrough-none\">Une longueur d\u2019onde de 810 nm* de lumi\u00e8re infrarouge,<\/span><\/li>\n<li><span class=\"OYPEnA font-feature-liga-off font-feature-clig-off font-feature-calt-off text-decoration-none text-strikethrough-none\">\u00c9cran tactile intelligent, la fr\u00e9quence est de 1 \u00e0 20 000 Hz r\u00e9glable,<\/span><\/li>\n<li><span class=\"OYPEnA font-feature-liga-off font-feature-clig-off font-feature-calt-off text-decoration-none text-strikethrough-none\">Dimensions : 56 \u00d7 46 x 36 cm.<\/span><\/li>\n<\/ul>\n<p>&nbsp;<\/p>\n<p><span style=\"text-decoration: underline;\"><strong>FONCTION<\/strong><\/span> :<\/p>\n<ul>\n<li><span class=\"OYPEnA font-feature-liga-off font-feature-clig-off font-feature-calt-off text-decoration-none text-strikethrough-none\">Stimuler l&rsquo;activit\u00e9 c\u00e9r\u00e9brale : aide \u00e0 am\u00e9liorer la m\u00e9moire et la concentration.<\/span><\/li>\n<li><span class=\"OYPEnA font-feature-liga-off font-feature-clig-off font-feature-calt-off text-decoration-none text-strikethrough-none\">Favoriser la r\u00e9cup\u00e9ration cognitive : soutient les fonctions mentales et l&rsquo;\u00e9quilibre \u00e9motionnel.<\/span><\/li>\n<li><span class=\"OYPEnA font-feature-liga-off font-feature-clig-off font-feature-calt-off text-decoration-none text-strikethrough-none\">Apaiser les tensions mentales : contribue \u00e0 r\u00e9duire le stress et \u00e0 am\u00e9liorer le bien-\u00eatre.<\/span><\/li>\n<li><span class=\"OYPEnA font-feature-liga-off font-feature-clig-off font-feature-calt-off text-decoration-none text-strikethrough-none\">Am\u00e9liorer la circulation sanguine : favorise un meilleur apport en oxyg\u00e8ne au cerveau.<\/span><\/li>\n<li><span class=\"OYPEnA font-feature-liga-off font-feature-clig-off font-feature-calt-off text-decoration-none text-strikethrough-none\">R\u00e9duire l\u2019inflammation : aide \u00e0 limiter les tensions internes et les inconforts.<\/span><\/li>\n<\/ul>\n<p>&nbsp;<\/p>\n<p><span class=\"OYPEnA font-feature-liga-off font-feature-clig-off font-feature-calt-off text-decoration-underline text-strikethrough-none\"><span style=\"text-decoration: underline;\"><strong>ACCESSOIRES<\/strong><\/span> :<\/span><\/p>\n<ul>\n<li><span class=\"OYPEnA font-feature-liga-off font-feature-clig-off font-feature-calt-off text-decoration-none text-strikethrough-none\">Casque principal,<\/span><\/li>\n<li><span class=\"OYPEnA font-feature-liga-off font-feature-clig-off font-feature-calt-off text-decoration-none text-strikethrough-none\">\u00c9cran tactile de contr\u00f4le,<\/span><\/li>\n<li><span class=\"OYPEnA font-feature-liga-off font-feature-clig-off font-feature-calt-off text-decoration-none text-strikethrough-none\">Adaptateur secteur,<\/span><\/li>\n<li><span class=\"OYPEnA font-feature-liga-off font-feature-clig-off font-feature-calt-off text-decoration-none text-strikethrough-none\">Lunettes de protection,<\/span><\/li>\n<li><span class=\"OYPEnA font-feature-liga-off font-feature-clig-off font-feature-calt-off text-decoration-none text-strikethrough-none\">Manuel d&rsquo;utilisation.<\/span><\/li>\n<\/ul>\n<p>&nbsp;<\/p>\n<p><span style=\"font-size: 14px;\"><em><span class=\"OYPEnA font-feature-liga-off font-feature-clig-off font-feature-calt-off text-decoration-none text-strikethrough-none\">*En luminoth\u00e9rapie, \u00ab nm \u00bb signifie nanom\u00e8tre, une unit\u00e9 de mesure utilis\u00e9e pour d\u00e9crire la longueur d\u2019onde de la lumi\u00e8re.<\/span><\/em><\/span><\/p>\n","protected":false},"excerpt":{"rendered":"<p><span class=\"OYPEnA font-feature-liga-off font-feature-clig-off font-feature-calt-off text-decoration-none text-strikethrough-none\">La photobiomodulation (PBM) utilise la lumi\u00e8re rouge ou infrarouge pour stimuler, gu\u00e9rir, r\u00e9g\u00e9n\u00e9rer et prot\u00e9ger les tissus endommag\u00e9s, d\u00e9g\u00e9n\u00e9ratifs ou en risque de n\u00e9crose. Les troubles c\u00e9r\u00e9braux se r\u00e9partissent en trois grandes cat\u00e9gories : les \u00e9v\u00e9nements traumatiques (AVC, l\u00e9sions c\u00e9r\u00e9brales, isch\u00e9mie), les maladies d\u00e9g\u00e9n\u00e9ratives (d\u00e9mence, Alzheimer, Parkinson) et les troubles psychiatriques (d\u00e9pression, anxi\u00e9t\u00e9, stress post-traumatique). Des \u00e9tudes montrent que l\u2019application de lumi\u00e8re sur la t\u00eate peut avoir des effets b\u00e9n\u00e9fiques pour ces conditions. La PBM pourrait m\u00eame am\u00e9liorer les capacit\u00e9s cognitives des individus en bonne sant\u00e9.<\/span><\/p>\n<ul>\n<li><span class=\"OYPEnA font-feature-liga-off font-feature-clig-off font-feature-calt-off text-decoration-none text-strikethrough-none\">Minuterie r\u00e9glable : 6, 12, 18, 24<\/span><span class=\"OYPEnA font-feature-liga-off font-feature-clig-off font-feature-calt-off text-decoration-none text-strikethrough-none white-space-prewrap\">\u00a0<\/span><span class=\"OYPEnA font-feature-liga-off font-feature-clig-off font-feature-calt-off text-decoration-none text-strikethrough-none\">et 30 minutes,<\/span><\/li>\n<li><span class=\"OYPEnA font-feature-liga-off font-feature-clig-off font-feature-calt-off text-decoration-none text-strikethrough-none\">La lumi\u00e8re proche infrarouge (850nm),<\/span><\/li>\n<li><span class=\"OYPEnA font-feature-liga-off font-feature-clig-off font-feature-calt-off text-decoration-none text-strikethrough-none\">\u00c9cran tactile intelligent, la fr\u00e9quence est de 1 \u00e0 20 000 Hz r\u00e9glable,<\/span><\/li>\n<li><span class=\"OYPEnA font-feature-liga-off font-feature-clig-off font-feature-calt-off text-decoration-none text-strikethrough-none\">Poids : 2,4 kg,<\/span><\/li>\n<li><span class=\"OYPEnA font-feature-liga-off font-feature-clig-off font-feature-calt-off text-decoration-none text-strikethrough-none\">Dimensions : 56 \u00d7 46 x 36 cm.<\/span><\/li>\n<\/ul>\n","protected":false},"featured_media":1272,"template":"","meta":{"_eb_attr":"","ocean_post_layout":"","ocean_both_sidebars_style":"","ocean_both_sidebars_content_width":0,"ocean_both_sidebars_sidebars_width":0,"ocean_sidebar":"0","ocean_second_sidebar":"0","ocean_disable_margins":"enable","ocean_add_body_class":"","ocean_shortcode_before_top_bar":"","ocean_shortcode_after_top_bar":"","ocean_shortcode_before_header":"","ocean_shortcode_after_header":"","ocean_has_shortcode":"","ocean_shortcode_after_title":"","ocean_shortcode_before_footer_widgets":"","ocean_shortcode_after_footer_widgets":"","ocean_shortcode_before_footer_bottom":"","ocean_shortcode_after_footer_bottom":"","ocean_display_top_bar":"default","ocean_display_header":"default","ocean_header_style":"","ocean_center_header_left_menu":"0","ocean_custom_header_template":"0","ocean_custom_logo":0,"ocean_custom_retina_logo":0,"ocean_custom_logo_max_width":0,"ocean_custom_logo_tablet_max_width":0,"ocean_custom_logo_mobile_max_width":0,"ocean_custom_logo_max_height":0,"ocean_custom_logo_tablet_max_height":0,"ocean_custom_logo_mobile_max_height":0,"ocean_header_custom_menu":"0","ocean_menu_typo_font_family":"0","ocean_menu_typo_font_subset":"","ocean_menu_typo_font_size":0,"ocean_menu_typo_font_size_tablet":0,"ocean_menu_typo_font_size_mobile":0,"ocean_menu_typo_font_size_unit":"px","ocean_menu_typo_font_weight":"","ocean_menu_typo_font_weight_tablet":"","ocean_menu_typo_font_weight_mobile":"","ocean_menu_typo_transform":"","ocean_menu_typo_transform_tablet":"","ocean_menu_typo_transform_mobile":"","ocean_menu_typo_line_height":0,"ocean_menu_typo_line_height_tablet":0,"ocean_menu_typo_line_height_mobile":0,"ocean_menu_typo_line_height_unit":"","ocean_menu_typo_spacing":0,"ocean_menu_typo_spacing_tablet":0,"ocean_menu_typo_spacing_mobile":0,"ocean_menu_typo_spacing_unit":"","ocean_menu_link_color":"","ocean_menu_link_color_hover":"","ocean_menu_link_color_active":"","ocean_menu_link_background":"","ocean_menu_link_hover_background":"","ocean_menu_link_active_background":"","ocean_menu_social_links_bg":"","ocean_menu_social_hover_links_bg":"","ocean_menu_social_links_color":"","ocean_menu_social_hover_links_color":"","ocean_disable_title":"default","ocean_disable_heading":"default","ocean_post_title":"","ocean_post_subheading":"","ocean_post_title_style":"","ocean_post_title_background_color":"","ocean_post_title_background":0,"ocean_post_title_bg_image_position":"","ocean_post_title_bg_image_attachment":"","ocean_post_title_bg_image_repeat":"","ocean_post_title_bg_image_size":"","ocean_post_title_height":0,"ocean_post_title_bg_overlay":0.5,"ocean_post_title_bg_overlay_color":"","ocean_disable_breadcrumbs":"default","ocean_breadcrumbs_color":"","ocean_breadcrumbs_separator_color":"","ocean_breadcrumbs_links_color":"","ocean_breadcrumbs_links_hover_color":"","ocean_display_footer_widgets":"default","ocean_display_footer_bottom":"default","ocean_custom_footer_template":"0"},"product_brand":[],"product_cat":[28],"product_tag":[],"class_list":{"0":"post-595","1":"product","2":"type-product","3":"status-publish","4":"has-post-thumbnail","6":"product_cat-vitalite-bien-etre","8":"entry","9":"has-media","11":"first","12":"instock","13":"taxable","14":"shipping-taxable","15":"purchasable","16":"product-type-simple","17":"col","18":"span_1_of_4","19":"owp-content-center","20":"owp-thumbs-layout-horizontal","21":"owp-btn-big","22":"owp-tabs-layout-horizontal"},"yoast_head":"<!-- This site is optimized with the Yoast SEO plugin v27.2 - https:\/\/yoast.com\/product\/yoast-seo-wordpress\/ -->\n<title>CASQUE DE TH\u00c9RAPIE LED - mori-mana.com<\/title>\n<meta name=\"robots\" content=\"index, follow, max-snippet:-1, max-image-preview:large, max-video-preview:-1\" \/>\n<link rel=\"canonical\" href=\"https:\/\/mori-mana.com\/index.php\/produit\/casque-de-therapie-led\/\" \/>\n<meta property=\"og:locale\" content=\"fr_FR\" \/>\n<meta property=\"og:type\" content=\"article\" \/>\n<meta property=\"og:title\" content=\"CASQUE DE TH\u00c9RAPIE LED - mori-mana.com\" \/>\n<meta property=\"og:description\" content=\"La photobiomodulation (PBM) utilise la lumi\u00e8re rouge ou infrarouge pour stimuler, gu\u00e9rir, r\u00e9g\u00e9n\u00e9rer et prot\u00e9ger les tissus endommag\u00e9s, d\u00e9g\u00e9n\u00e9ratifs ou en risque de n\u00e9crose. Les troubles c\u00e9r\u00e9braux se r\u00e9partissent en trois grandes cat\u00e9gories : les \u00e9v\u00e9nements traumatiques (AVC, l\u00e9sions c\u00e9r\u00e9brales, isch\u00e9mie), les maladies d\u00e9g\u00e9n\u00e9ratives (d\u00e9mence, Alzheimer, Parkinson) et les troubles psychiatriques (d\u00e9pression, anxi\u00e9t\u00e9, stress post-traumatique). Des \u00e9tudes montrent que l\u2019application de lumi\u00e8re sur la t\u00eate peut avoir des effets b\u00e9n\u00e9fiques pour ces conditions. La PBM pourrait m\u00eame am\u00e9liorer les capacit\u00e9s cognitives des individus en bonne sant\u00e9.   Minuterie r\u00e9glable : 6, 12, 18, 24\u00a0et 30 minutes,  La lumi\u00e8re proche infrarouge (850nm),  \u00c9cran tactile intelligent, la fr\u00e9quence est de 1 \u00e0 20 000 Hz r\u00e9glable,  Poids : 2,4 kg,  Dimensions : 56 \u00d7 46 x 36 cm.\" \/>\n<meta property=\"og:url\" content=\"https:\/\/mori-mana.com\/index.php\/produit\/casque-de-therapie-led\/\" \/>\n<meta property=\"og:site_name\" content=\"mori-mana.com\" \/>\n<meta property=\"article:publisher\" content=\"https:\/\/www.facebook.com\/share\/1ETiANG9SL\/?mibextid=wwXIfr\" \/>\n<meta property=\"article:modified_time\" content=\"2025-02-12T21:16:20+00:00\" \/>\n<meta property=\"og:image\" content=\"https:\/\/mori-mana.com\/wp-content\/uploads\/2025\/01\/34.png\" \/>\n\t<meta property=\"og:image:width\" content=\"1000\" \/>\n\t<meta property=\"og:image:height\" content=\"1000\" \/>\n\t<meta property=\"og:image:type\" content=\"image\/png\" \/>\n<meta name=\"twitter:card\" content=\"summary_large_image\" \/>\n<meta name=\"twitter:label1\" content=\"Dur\u00e9e de lecture estim\u00e9e\" \/>\n\t<meta name=\"twitter:data1\" content=\"2 minutes\" \/>\n<script type=\"application\/ld+json\" class=\"yoast-schema-graph\">{\"@context\":\"https:\/\/schema.org\",\"@graph\":[{\"@type\":\"WebPage\",\"@id\":\"https:\/\/mori-mana.com\/index.php\/produit\/casque-de-therapie-led\/\",\"url\":\"https:\/\/mori-mana.com\/index.php\/produit\/casque-de-therapie-led\/\",\"name\":\"CASQUE DE TH\u00c9RAPIE LED - mori-mana.com\",\"isPartOf\":{\"@id\":\"https:\/\/mori-mana.com\/#website\"},\"primaryImageOfPage\":{\"@id\":\"https:\/\/mori-mana.com\/index.php\/produit\/casque-de-therapie-led\/#primaryimage\"},\"image\":{\"@id\":\"https:\/\/mori-mana.com\/index.php\/produit\/casque-de-therapie-led\/#primaryimage\"},\"thumbnailUrl\":\"https:\/\/mori-mana.com\/wp-content\/uploads\/2025\/01\/34.png\",\"datePublished\":\"2024-12-27T23:06:23+00:00\",\"dateModified\":\"2025-02-12T21:16:20+00:00\",\"breadcrumb\":{\"@id\":\"https:\/\/mori-mana.com\/index.php\/produit\/casque-de-therapie-led\/#breadcrumb\"},\"inLanguage\":\"fr-FR\",\"potentialAction\":[{\"@type\":\"ReadAction\",\"target\":[\"https:\/\/mori-mana.com\/index.php\/produit\/casque-de-therapie-led\/\"]}]},{\"@type\":\"ImageObject\",\"inLanguage\":\"fr-FR\",\"@id\":\"https:\/\/mori-mana.com\/index.php\/produit\/casque-de-therapie-led\/#primaryimage\",\"url\":\"https:\/\/mori-mana.com\/wp-content\/uploads\/2025\/01\/34.png\",\"contentUrl\":\"https:\/\/mori-mana.com\/wp-content\/uploads\/2025\/01\/34.png\",\"width\":1000,\"height\":1000},{\"@type\":\"BreadcrumbList\",\"@id\":\"https:\/\/mori-mana.com\/index.php\/produit\/casque-de-therapie-led\/#breadcrumb\",\"itemListElement\":[{\"@type\":\"ListItem\",\"position\":1,\"name\":\"Home\",\"item\":\"https:\/\/mori-mana.com\/\"},{\"@type\":\"ListItem\",\"position\":2,\"name\":\"NOS PRODUITS\",\"item\":\"https:\/\/mori-mana.com\/index.php\/nos-produits\/\"},{\"@type\":\"ListItem\",\"position\":3,\"name\":\"CASQUE DE TH\u00c9RAPIE LED\"}]},{\"@type\":\"WebSite\",\"@id\":\"https:\/\/mori-mana.com\/#website\",\"url\":\"https:\/\/mori-mana.com\/\",\"name\":\"mori-mana.com\",\"description\":\"Le bien \u00eatre dans le corps et l\u2019esprit par la lumi\u00e8re.\",\"publisher\":{\"@id\":\"https:\/\/mori-mana.com\/#organization\"},\"potentialAction\":[{\"@type\":\"SearchAction\",\"target\":{\"@type\":\"EntryPoint\",\"urlTemplate\":\"https:\/\/mori-mana.com\/?s={search_term_string}\"},\"query-input\":{\"@type\":\"PropertyValueSpecification\",\"valueRequired\":true,\"valueName\":\"search_term_string\"}}],\"inLanguage\":\"fr-FR\"},{\"@type\":\"Organization\",\"@id\":\"https:\/\/mori-mana.com\/#organization\",\"name\":\"mori-mana.com\",\"url\":\"https:\/\/mori-mana.com\/\",\"logo\":{\"@type\":\"ImageObject\",\"inLanguage\":\"fr-FR\",\"@id\":\"https:\/\/mori-mana.com\/#\/schema\/logo\/image\/\",\"url\":\"https:\/\/mori-mana.com\/wp-content\/uploads\/2024\/10\/cropped-Icone-blanc-MORI-MANA.png\",\"contentUrl\":\"https:\/\/mori-mana.com\/wp-content\/uploads\/2024\/10\/cropped-Icone-blanc-MORI-MANA.png\",\"width\":512,\"height\":512,\"caption\":\"mori-mana.com\"},\"image\":{\"@id\":\"https:\/\/mori-mana.com\/#\/schema\/logo\/image\/\"},\"sameAs\":[\"https:\/\/www.facebook.com\/share\/1ETiANG9SL\/?mibextid=wwXIfr\"]}]}<\/script>\n<!-- \/ Yoast SEO plugin. -->","yoast_head_json":{"title":"CASQUE DE TH\u00c9RAPIE LED - mori-mana.com","robots":{"index":"index","follow":"follow","max-snippet":"max-snippet:-1","max-image-preview":"max-image-preview:large","max-video-preview":"max-video-preview:-1"},"canonical":"https:\/\/mori-mana.com\/index.php\/produit\/casque-de-therapie-led\/","og_locale":"fr_FR","og_type":"article","og_title":"CASQUE DE TH\u00c9RAPIE LED - mori-mana.com","og_description":"La photobiomodulation (PBM) utilise la lumi\u00e8re rouge ou infrarouge pour stimuler, gu\u00e9rir, r\u00e9g\u00e9n\u00e9rer et prot\u00e9ger les tissus endommag\u00e9s, d\u00e9g\u00e9n\u00e9ratifs ou en risque de n\u00e9crose. Les troubles c\u00e9r\u00e9braux se r\u00e9partissent en trois grandes cat\u00e9gories : les \u00e9v\u00e9nements traumatiques (AVC, l\u00e9sions c\u00e9r\u00e9brales, isch\u00e9mie), les maladies d\u00e9g\u00e9n\u00e9ratives (d\u00e9mence, Alzheimer, Parkinson) et les troubles psychiatriques (d\u00e9pression, anxi\u00e9t\u00e9, stress post-traumatique). Des \u00e9tudes montrent que l\u2019application de lumi\u00e8re sur la t\u00eate peut avoir des effets b\u00e9n\u00e9fiques pour ces conditions. La PBM pourrait m\u00eame am\u00e9liorer les capacit\u00e9s cognitives des individus en bonne sant\u00e9.   Minuterie r\u00e9glable : 6, 12, 18, 24\u00a0et 30 minutes,  La lumi\u00e8re proche infrarouge (850nm),  \u00c9cran tactile intelligent, la fr\u00e9quence est de 1 \u00e0 20 000 Hz r\u00e9glable,  Poids : 2,4 kg,  Dimensions : 56 \u00d7 46 x 36 cm.","og_url":"https:\/\/mori-mana.com\/index.php\/produit\/casque-de-therapie-led\/","og_site_name":"mori-mana.com","article_publisher":"https:\/\/www.facebook.com\/share\/1ETiANG9SL\/?mibextid=wwXIfr","article_modified_time":"2025-02-12T21:16:20+00:00","og_image":[{"width":1000,"height":1000,"url":"https:\/\/mori-mana.com\/wp-content\/uploads\/2025\/01\/34.png","type":"image\/png"}],"twitter_card":"summary_large_image","twitter_misc":{"Dur\u00e9e de lecture estim\u00e9e":"2 minutes"},"schema":{"@context":"https:\/\/schema.org","@graph":[{"@type":"WebPage","@id":"https:\/\/mori-mana.com\/index.php\/produit\/casque-de-therapie-led\/","url":"https:\/\/mori-mana.com\/index.php\/produit\/casque-de-therapie-led\/","name":"CASQUE DE TH\u00c9RAPIE LED - mori-mana.com","isPartOf":{"@id":"https:\/\/mori-mana.com\/#website"},"primaryImageOfPage":{"@id":"https:\/\/mori-mana.com\/index.php\/produit\/casque-de-therapie-led\/#primaryimage"},"image":{"@id":"https:\/\/mori-mana.com\/index.php\/produit\/casque-de-therapie-led\/#primaryimage"},"thumbnailUrl":"https:\/\/mori-mana.com\/wp-content\/uploads\/2025\/01\/34.png","datePublished":"2024-12-27T23:06:23+00:00","dateModified":"2025-02-12T21:16:20+00:00","breadcrumb":{"@id":"https:\/\/mori-mana.com\/index.php\/produit\/casque-de-therapie-led\/#breadcrumb"},"inLanguage":"fr-FR","potentialAction":[{"@type":"ReadAction","target":["https:\/\/mori-mana.com\/index.php\/produit\/casque-de-therapie-led\/"]}]},{"@type":"ImageObject","inLanguage":"fr-FR","@id":"https:\/\/mori-mana.com\/index.php\/produit\/casque-de-therapie-led\/#primaryimage","url":"https:\/\/mori-mana.com\/wp-content\/uploads\/2025\/01\/34.png","contentUrl":"https:\/\/mori-mana.com\/wp-content\/uploads\/2025\/01\/34.png","width":1000,"height":1000},{"@type":"BreadcrumbList","@id":"https:\/\/mori-mana.com\/index.php\/produit\/casque-de-therapie-led\/#breadcrumb","itemListElement":[{"@type":"ListItem","position":1,"name":"Home","item":"https:\/\/mori-mana.com\/"},{"@type":"ListItem","position":2,"name":"NOS PRODUITS","item":"https:\/\/mori-mana.com\/index.php\/nos-produits\/"},{"@type":"ListItem","position":3,"name":"CASQUE DE TH\u00c9RAPIE LED"}]},{"@type":"WebSite","@id":"https:\/\/mori-mana.com\/#website","url":"https:\/\/mori-mana.com\/","name":"mori-mana.com","description":"Le bien \u00eatre dans le corps et l\u2019esprit par la lumi\u00e8re.","publisher":{"@id":"https:\/\/mori-mana.com\/#organization"},"potentialAction":[{"@type":"SearchAction","target":{"@type":"EntryPoint","urlTemplate":"https:\/\/mori-mana.com\/?s={search_term_string}"},"query-input":{"@type":"PropertyValueSpecification","valueRequired":true,"valueName":"search_term_string"}}],"inLanguage":"fr-FR"},{"@type":"Organization","@id":"https:\/\/mori-mana.com\/#organization","name":"mori-mana.com","url":"https:\/\/mori-mana.com\/","logo":{"@type":"ImageObject","inLanguage":"fr-FR","@id":"https:\/\/mori-mana.com\/#\/schema\/logo\/image\/","url":"https:\/\/mori-mana.com\/wp-content\/uploads\/2024\/10\/cropped-Icone-blanc-MORI-MANA.png","contentUrl":"https:\/\/mori-mana.com\/wp-content\/uploads\/2024\/10\/cropped-Icone-blanc-MORI-MANA.png","width":512,"height":512,"caption":"mori-mana.com"},"image":{"@id":"https:\/\/mori-mana.com\/#\/schema\/logo\/image\/"},"sameAs":["https:\/\/www.facebook.com\/share\/1ETiANG9SL\/?mibextid=wwXIfr"]}]}},"jetpack_sharing_enabled":true,"_links":{"self":[{"href":"https:\/\/mori-mana.com\/index.php\/wp-json\/wp\/v2\/product\/595","targetHints":{"allow":["GET"]}}],"collection":[{"href":"https:\/\/mori-mana.com\/index.php\/wp-json\/wp\/v2\/product"}],"about":[{"href":"https:\/\/mori-mana.com\/index.php\/wp-json\/wp\/v2\/types\/product"}],"wp:featuredmedia":[{"embeddable":true,"href":"https:\/\/mori-mana.com\/index.php\/wp-json\/wp\/v2\/media\/1272"}],"wp:attachment":[{"href":"https:\/\/mori-mana.com\/index.php\/wp-json\/wp\/v2\/media?parent=595"}],"wp:term":[{"taxonomy":"product_brand","embeddable":true,"href":"https:\/\/mori-mana.com\/index.php\/wp-json\/wp\/v2\/product_brand?post=595"},{"taxonomy":"product_cat","embeddable":true,"href":"https:\/\/mori-mana.com\/index.php\/wp-json\/wp\/v2\/product_cat?post=595"},{"taxonomy":"product_tag","embeddable":true,"href":"https:\/\/mori-mana.com\/index.php\/wp-json\/wp\/v2\/product_tag?post=595"}],"curies":[{"name":"wp","href":"https:\/\/api.w.org\/{rel}","templated":true}]}}