{"id":597,"date":"2024-12-27T23:06:36","date_gmt":"2024-12-27T23:06:36","guid":{"rendered":"https:\/\/mori-mana.com\/?post_type=product&#038;p=597"},"modified":"2025-02-12T11:05:39","modified_gmt":"2025-02-12T21:05:39","slug":"dispositif-laser-portable","status":"publish","type":"product","link":"https:\/\/mori-mana.com\/index.php\/produit\/dispositif-laser-portable\/","title":{"rendered":"DISPOSITIF LASER PORTABLE"},"content":{"rendered":"<p class=\"cvGsUA direction-ltr align-justify para-style-body\"><span class=\"OYPEnA font-feature-liga-off font-feature-clig-off font-feature-calt-off text-decoration-none text-strikethrough-none\">Appareil de bien-\u00eatre par luminoth\u00e9rapie, con\u00e7u pour cibler les zones n\u00e9cessitant un soulagement. Utilisant une lumi\u00e8re rouge de 660 nm* et un infrarouge de 850 nm, cette technologie p\u00e9n\u00e8tre en profondeur jusqu&rsquo;aux muscles et aux os, activant les cellules de d\u00e9fense, r\u00e9duisant l&rsquo;inflammation et le stress oxydatif. Elle soulage les douleurs musculaires et articulaires, stimule la production de collag\u00e8ne et acc\u00e9l\u00e8re la gu\u00e9rison des zones trait\u00e9es. Elle favorise \u00e9galement la relaxation et renforce les capillaires, am\u00e9liorant la circulation sanguine, l&rsquo;oxyg\u00e9nation et la d\u00e9toxification de la peau.<\/span><\/p>\n<p class=\"cvGsUA direction-ltr align-justify para-style-body\"><span class=\"OYPEnA font-feature-liga-off font-feature-clig-off font-feature-calt-off text-decoration-none text-strikethrough-none\">Cet appareil est aussi adapt\u00e9 aux animaux de compagnie.<\/span><\/p>\n<div class=\"flex max-w-full flex-col flex-grow\">\n<div class=\"min-h-8 text-message flex w-full flex-col items-end gap-2 whitespace-normal break-words text-start [.text-message+&amp;]:mt-5\" dir=\"auto\" data-message-author-role=\"assistant\" data-message-id=\"7c1d8c35-fd7c-4b88-afae-958650ed13d8\" data-message-model-slug=\"gpt-4o\">\n<div class=\"flex w-full flex-col gap-1 empty:hidden first:pt-[3px]\">\n<div class=\"markdown prose w-full break-words dark:prose-invert light\">\n<ul>\n<li><span class=\"OYPEnA font-feature-liga-off font-feature-clig-off font-feature-calt-off text-decoration-none text-strikethrough-none\">Portable et rechargeable (sans-fil et batterie),<\/span><\/li>\n<li><span class=\"OYPEnA font-feature-liga-off font-feature-clig-off font-feature-calt-off text-decoration-none text-strikethrough-none\">10 modes de programmation,<\/span><\/li>\n<li><span class=\"OYPEnA font-feature-liga-off font-feature-clig-off font-feature-calt-off text-decoration-none text-strikethrough-none\">Dimensions : 126 \u00d7 43 mm,\u00a0<\/span><\/li>\n<li>Adapt\u00e9 aux animaux de compagnie,<\/li>\n<li><span class=\"OYPEnA font-feature-liga-off font-feature-clig-off font-feature-calt-off text-decoration-none text-strikethrough-none\">Poids : 500 grammes.<\/span><\/li>\n<\/ul>\n<p>&nbsp;<\/p>\n<\/div>\n<p><span style=\"text-decoration: underline;\"><strong>FONCTION<\/strong><\/span> :<\/p>\n<\/div>\n<ul>\n<li><span class=\"OYPEnA font-feature-liga-off font-feature-clig-off font-feature-calt-off text-decoration-none text-strikethrough-none\">Portable et rechargeable (sans-fil et batterie),<\/span><\/li>\n<li><span class=\"OYPEnA font-feature-liga-off font-feature-clig-off font-feature-calt-off text-decoration-none text-strikethrough-none\">R\u00e9glage de la dur\u00e9e : 5 \u00e0 30 minutes, par incr\u00e9ments de 5 minutes,<\/span><\/li>\n<li><span class=\"OYPEnA font-feature-liga-off font-feature-clig-off font-feature-calt-off text-decoration-none text-strikethrough-none\">10 modes de programmation,<\/span><\/li>\n<li><span class=\"OYPEnA font-feature-liga-off font-feature-clig-off font-feature-calt-off text-decoration-none text-strikethrough-none\">Dimensions : 126 \u00d7 43 mm<\/span><\/li>\n<li><span class=\"OYPEnA font-feature-liga-off font-feature-clig-off font-feature-calt-off text-decoration-none text-strikethrough-none\">Poids : 500 grammes.<\/span><\/li>\n<\/ul>\n<p>&nbsp;<\/p>\n<div class=\"flex w-full flex-col gap-1 empty:hidden first:pt-[3px]\">\n<div class=\"markdown prose w-full break-words dark:prose-invert light\">\n<p><span class=\"OYPEnA font-feature-liga-off font-feature-clig-off font-feature-calt-off text-decoration-underline text-strikethrough-none\"><span style=\"text-decoration: underline;\"><strong>ACCESSOIRES<\/strong><\/span>\u00a0:\u00a0<\/span><\/p>\n<\/div>\n<ul>\n<li><span class=\"OYPEnA font-feature-liga-off font-feature-clig-off font-feature-calt-off text-decoration-none text-strikethrough-none\">Appareil principal (\u00e9quip\u00e9 de diodes),<\/span><\/li>\n<li><span class=\"OYPEnA font-feature-liga-off font-feature-clig-off font-feature-calt-off text-decoration-none text-strikethrough-none\">Chargeur et c\u00e2ble,<\/span><\/li>\n<li><span class=\"OYPEnA font-feature-liga-off font-feature-clig-off font-feature-calt-off text-decoration-none text-strikethrough-none\">Manuel d&rsquo;utilisation.<\/span><\/li>\n<\/ul>\n<\/div>\n<\/div>\n<\/div>\n<p>&nbsp;<\/p>\n<p><span style=\"font-size: 14px;\"><em><span class=\"OYPEnA font-feature-liga-off font-feature-clig-off font-feature-calt-off text-decoration-none text-strikethrough-none\">*En luminoth\u00e9rapie, \u00ab nm \u00bb signifie nanom\u00e8tre, une unit\u00e9 de mesure utilis\u00e9e pour d\u00e9crire la longueur d\u2019onde de la lumi\u00e8re.<\/span><\/em><\/span><\/p>\n","protected":false},"excerpt":{"rendered":"<p class=\"cvGsUA direction-ltr align-justify para-style-body\"><span class=\"OYPEnA font-feature-liga-off font-feature-clig-off font-feature-calt-off text-decoration-none text-strikethrough-none\">Appareil de bien-\u00eatre par luminoth\u00e9rapie, con\u00e7u pour cibler les zones n\u00e9cessitant un soulagement. Utilisant une lumi\u00e8re rouge de 660 nm* et un infrarouge de 850 nm, cette technologie p\u00e9n\u00e8tre en profondeur jusqu&rsquo;aux muscles et aux os, activant les cellules de d\u00e9fense, r\u00e9duisant l&rsquo;inflammation et le stress oxydatif. Elle soulage les douleurs musculaires et articulaires, stimule la production de collag\u00e8ne et acc\u00e9l\u00e8re la gu\u00e9rison des zones trait\u00e9es. Elle favorise \u00e9galement la relaxation et renforce les capillaires, am\u00e9liorant la circulation sanguine, l&rsquo;oxyg\u00e9nation et la d\u00e9toxification de la peau.<\/span><\/p>\n<p class=\"cvGsUA direction-ltr align-justify para-style-body\"><span class=\"OYPEnA font-feature-liga-off font-feature-clig-off font-feature-calt-off text-decoration-none text-strikethrough-none\">Cet appareil est aussi adapt\u00e9 aux animaux de compagnie.<\/span><\/p>\n<div class=\"flex max-w-full flex-col flex-grow\">\n<div class=\"min-h-8 text-message flex w-full flex-col items-end gap-2 whitespace-normal break-words text-start [.text-message+&amp;]:mt-5\" dir=\"auto\" data-message-author-role=\"assistant\" data-message-id=\"7c1d8c35-fd7c-4b88-afae-958650ed13d8\" data-message-model-slug=\"gpt-4o\">\n<div class=\"flex w-full flex-col gap-1 empty:hidden first:pt-[3px]\">\n<div class=\"markdown prose w-full break-words dark:prose-invert light\">\n<ul>\n<li><span class=\"OYPEnA font-feature-liga-off font-feature-clig-off font-feature-calt-off text-decoration-none text-strikethrough-none\">Portable et rechargeable (sans-fil et batterie),<\/span><\/li>\n<li><span class=\"OYPEnA font-feature-liga-off font-feature-clig-off font-feature-calt-off text-decoration-none text-strikethrough-none\">10 modes de programmation,<\/span><\/li>\n<li><span class=\"OYPEnA font-feature-liga-off font-feature-clig-off font-feature-calt-off text-decoration-none text-strikethrough-none\">Dimensions : 126 \u00d7 43 mm,\u00a0<\/span><\/li>\n<li>Adapt\u00e9 aux animaux de compagnie,<\/li>\n<li><span class=\"OYPEnA font-feature-liga-off font-feature-clig-off font-feature-calt-off text-decoration-none text-strikethrough-none\">Poids : 500 grammes.<\/span><\/li>\n<\/ul>\n<\/div>\n<\/div>\n<\/div>\n<\/div>\n","protected":false},"featured_media":1270,"template":"","meta":{"_eb_attr":"","ocean_post_layout":"","ocean_both_sidebars_style":"","ocean_both_sidebars_content_width":0,"ocean_both_sidebars_sidebars_width":0,"ocean_sidebar":"0","ocean_second_sidebar":"0","ocean_disable_margins":"enable","ocean_add_body_class":"","ocean_shortcode_before_top_bar":"","ocean_shortcode_after_top_bar":"","ocean_shortcode_before_header":"","ocean_shortcode_after_header":"","ocean_has_shortcode":"","ocean_shortcode_after_title":"","ocean_shortcode_before_footer_widgets":"","ocean_shortcode_after_footer_widgets":"","ocean_shortcode_before_footer_bottom":"","ocean_shortcode_after_footer_bottom":"","ocean_display_top_bar":"default","ocean_display_header":"default","ocean_header_style":"","ocean_center_header_left_menu":"0","ocean_custom_header_template":"0","ocean_custom_logo":0,"ocean_custom_retina_logo":0,"ocean_custom_logo_max_width":0,"ocean_custom_logo_tablet_max_width":0,"ocean_custom_logo_mobile_max_width":0,"ocean_custom_logo_max_height":0,"ocean_custom_logo_tablet_max_height":0,"ocean_custom_logo_mobile_max_height":0,"ocean_header_custom_menu":"0","ocean_menu_typo_font_family":"0","ocean_menu_typo_font_subset":"","ocean_menu_typo_font_size":0,"ocean_menu_typo_font_size_tablet":0,"ocean_menu_typo_font_size_mobile":0,"ocean_menu_typo_font_size_unit":"px","ocean_menu_typo_font_weight":"","ocean_menu_typo_font_weight_tablet":"","ocean_menu_typo_font_weight_mobile":"","ocean_menu_typo_transform":"","ocean_menu_typo_transform_tablet":"","ocean_menu_typo_transform_mobile":"","ocean_menu_typo_line_height":0,"ocean_menu_typo_line_height_tablet":0,"ocean_menu_typo_line_height_mobile":0,"ocean_menu_typo_line_height_unit":"","ocean_menu_typo_spacing":0,"ocean_menu_typo_spacing_tablet":0,"ocean_menu_typo_spacing_mobile":0,"ocean_menu_typo_spacing_unit":"","ocean_menu_link_color":"","ocean_menu_link_color_hover":"","ocean_menu_link_color_active":"","ocean_menu_link_background":"","ocean_menu_link_hover_background":"","ocean_menu_link_active_background":"","ocean_menu_social_links_bg":"","ocean_menu_social_hover_links_bg":"","ocean_menu_social_links_color":"","ocean_menu_social_hover_links_color":"","ocean_disable_title":"default","ocean_disable_heading":"default","ocean_post_title":"","ocean_post_subheading":"","ocean_post_title_style":"","ocean_post_title_background_color":"","ocean_post_title_background":0,"ocean_post_title_bg_image_position":"","ocean_post_title_bg_image_attachment":"","ocean_post_title_bg_image_repeat":"","ocean_post_title_bg_image_size":"","ocean_post_title_height":0,"ocean_post_title_bg_overlay":0.5,"ocean_post_title_bg_overlay_color":"","ocean_disable_breadcrumbs":"default","ocean_breadcrumbs_color":"","ocean_breadcrumbs_separator_color":"","ocean_breadcrumbs_links_color":"","ocean_breadcrumbs_links_hover_color":"","ocean_display_footer_widgets":"default","ocean_display_footer_bottom":"default","ocean_custom_footer_template":"0"},"product_brand":[],"product_cat":[28],"product_tag":[],"class_list":{"0":"post-597","1":"product","2":"type-product","3":"status-publish","4":"has-post-thumbnail","6":"product_cat-vitalite-bien-etre","8":"entry","9":"has-media","11":"first","12":"instock","13":"taxable","14":"shipping-taxable","15":"purchasable","16":"product-type-simple","17":"col","18":"span_1_of_4","19":"owp-content-center","20":"owp-thumbs-layout-horizontal","21":"owp-btn-big","22":"owp-tabs-layout-horizontal"},"yoast_head":"<!-- This site is optimized with the Yoast SEO plugin v27.2 - https:\/\/yoast.com\/product\/yoast-seo-wordpress\/ -->\n<title>DISPOSITIF LASER PORTABLE - mori-mana.com<\/title>\n<meta name=\"description\" content=\"D\u00e9couvrez le DISPOSITIF LASER PORTABLE pour des applications laser pratiques et efficaces o\u00f9 que vous soyez. Utilisation rapide et efficace.\" \/>\n<meta name=\"robots\" content=\"index, follow, max-snippet:-1, max-image-preview:large, max-video-preview:-1\" \/>\n<link rel=\"canonical\" href=\"https:\/\/mori-mana.com\/index.php\/produit\/dispositif-laser-portable\/\" \/>\n<meta property=\"og:locale\" content=\"fr_FR\" \/>\n<meta property=\"og:type\" content=\"article\" \/>\n<meta property=\"og:title\" content=\"DISPOSITIF LASER PORTABLE - mori-mana.com\" \/>\n<meta property=\"og:description\" content=\"D\u00e9couvrez le DISPOSITIF LASER PORTABLE pour des applications laser pratiques et efficaces o\u00f9 que vous soyez. Utilisation rapide et efficace.\" \/>\n<meta property=\"og:url\" content=\"https:\/\/mori-mana.com\/index.php\/produit\/dispositif-laser-portable\/\" \/>\n<meta property=\"og:site_name\" content=\"mori-mana.com\" \/>\n<meta property=\"article:publisher\" content=\"https:\/\/www.facebook.com\/share\/1ETiANG9SL\/?mibextid=wwXIfr\" \/>\n<meta property=\"article:modified_time\" content=\"2025-02-12T21:05:39+00:00\" \/>\n<meta property=\"og:image\" content=\"https:\/\/mori-mana.com\/wp-content\/uploads\/2025\/01\/36.png\" \/>\n\t<meta property=\"og:image:width\" content=\"1000\" \/>\n\t<meta property=\"og:image:height\" content=\"1000\" \/>\n\t<meta property=\"og:image:type\" content=\"image\/png\" \/>\n<meta name=\"twitter:card\" content=\"summary_large_image\" \/>\n<meta name=\"twitter:label1\" content=\"Dur\u00e9e de lecture estim\u00e9e\" \/>\n\t<meta name=\"twitter:data1\" content=\"2 minutes\" \/>\n<script type=\"application\/ld+json\" class=\"yoast-schema-graph\">{\"@context\":\"https:\/\/schema.org\",\"@graph\":[{\"@type\":\"WebPage\",\"@id\":\"https:\/\/mori-mana.com\/index.php\/produit\/dispositif-laser-portable\/\",\"url\":\"https:\/\/mori-mana.com\/index.php\/produit\/dispositif-laser-portable\/\",\"name\":\"DISPOSITIF LASER PORTABLE - mori-mana.com\",\"isPartOf\":{\"@id\":\"https:\/\/mori-mana.com\/#website\"},\"primaryImageOfPage\":{\"@id\":\"https:\/\/mori-mana.com\/index.php\/produit\/dispositif-laser-portable\/#primaryimage\"},\"image\":{\"@id\":\"https:\/\/mori-mana.com\/index.php\/produit\/dispositif-laser-portable\/#primaryimage\"},\"thumbnailUrl\":\"https:\/\/mori-mana.com\/wp-content\/uploads\/2025\/01\/36.png\",\"datePublished\":\"2024-12-27T23:06:36+00:00\",\"dateModified\":\"2025-02-12T21:05:39+00:00\",\"description\":\"D\u00e9couvrez le DISPOSITIF LASER PORTABLE pour des applications laser pratiques et efficaces o\u00f9 que vous soyez. Utilisation rapide et efficace.\",\"breadcrumb\":{\"@id\":\"https:\/\/mori-mana.com\/index.php\/produit\/dispositif-laser-portable\/#breadcrumb\"},\"inLanguage\":\"fr-FR\",\"potentialAction\":[{\"@type\":\"ReadAction\",\"target\":[\"https:\/\/mori-mana.com\/index.php\/produit\/dispositif-laser-portable\/\"]}]},{\"@type\":\"ImageObject\",\"inLanguage\":\"fr-FR\",\"@id\":\"https:\/\/mori-mana.com\/index.php\/produit\/dispositif-laser-portable\/#primaryimage\",\"url\":\"https:\/\/mori-mana.com\/wp-content\/uploads\/2025\/01\/36.png\",\"contentUrl\":\"https:\/\/mori-mana.com\/wp-content\/uploads\/2025\/01\/36.png\",\"width\":1000,\"height\":1000},{\"@type\":\"BreadcrumbList\",\"@id\":\"https:\/\/mori-mana.com\/index.php\/produit\/dispositif-laser-portable\/#breadcrumb\",\"itemListElement\":[{\"@type\":\"ListItem\",\"position\":1,\"name\":\"Home\",\"item\":\"https:\/\/mori-mana.com\/\"},{\"@type\":\"ListItem\",\"position\":2,\"name\":\"NOS PRODUITS\",\"item\":\"https:\/\/mori-mana.com\/index.php\/nos-produits\/\"},{\"@type\":\"ListItem\",\"position\":3,\"name\":\"DISPOSITIF LASER PORTABLE\"}]},{\"@type\":\"WebSite\",\"@id\":\"https:\/\/mori-mana.com\/#website\",\"url\":\"https:\/\/mori-mana.com\/\",\"name\":\"mori-mana.com\",\"description\":\"Le bien \u00eatre dans le corps et l\u2019esprit par la lumi\u00e8re.\",\"publisher\":{\"@id\":\"https:\/\/mori-mana.com\/#organization\"},\"potentialAction\":[{\"@type\":\"SearchAction\",\"target\":{\"@type\":\"EntryPoint\",\"urlTemplate\":\"https:\/\/mori-mana.com\/?s={search_term_string}\"},\"query-input\":{\"@type\":\"PropertyValueSpecification\",\"valueRequired\":true,\"valueName\":\"search_term_string\"}}],\"inLanguage\":\"fr-FR\"},{\"@type\":\"Organization\",\"@id\":\"https:\/\/mori-mana.com\/#organization\",\"name\":\"mori-mana.com\",\"url\":\"https:\/\/mori-mana.com\/\",\"logo\":{\"@type\":\"ImageObject\",\"inLanguage\":\"fr-FR\",\"@id\":\"https:\/\/mori-mana.com\/#\/schema\/logo\/image\/\",\"url\":\"https:\/\/mori-mana.com\/wp-content\/uploads\/2024\/10\/cropped-Icone-blanc-MORI-MANA.png\",\"contentUrl\":\"https:\/\/mori-mana.com\/wp-content\/uploads\/2024\/10\/cropped-Icone-blanc-MORI-MANA.png\",\"width\":512,\"height\":512,\"caption\":\"mori-mana.com\"},\"image\":{\"@id\":\"https:\/\/mori-mana.com\/#\/schema\/logo\/image\/\"},\"sameAs\":[\"https:\/\/www.facebook.com\/share\/1ETiANG9SL\/?mibextid=wwXIfr\"]}]}<\/script>\n<!-- \/ Yoast SEO plugin. -->","yoast_head_json":{"title":"DISPOSITIF LASER PORTABLE - mori-mana.com","description":"D\u00e9couvrez le DISPOSITIF LASER PORTABLE pour des applications laser pratiques et efficaces o\u00f9 que vous soyez. Utilisation rapide et efficace.","robots":{"index":"index","follow":"follow","max-snippet":"max-snippet:-1","max-image-preview":"max-image-preview:large","max-video-preview":"max-video-preview:-1"},"canonical":"https:\/\/mori-mana.com\/index.php\/produit\/dispositif-laser-portable\/","og_locale":"fr_FR","og_type":"article","og_title":"DISPOSITIF LASER PORTABLE - mori-mana.com","og_description":"D\u00e9couvrez le DISPOSITIF LASER PORTABLE pour des applications laser pratiques et efficaces o\u00f9 que vous soyez. Utilisation rapide et efficace.","og_url":"https:\/\/mori-mana.com\/index.php\/produit\/dispositif-laser-portable\/","og_site_name":"mori-mana.com","article_publisher":"https:\/\/www.facebook.com\/share\/1ETiANG9SL\/?mibextid=wwXIfr","article_modified_time":"2025-02-12T21:05:39+00:00","og_image":[{"width":1000,"height":1000,"url":"https:\/\/mori-mana.com\/wp-content\/uploads\/2025\/01\/36.png","type":"image\/png"}],"twitter_card":"summary_large_image","twitter_misc":{"Dur\u00e9e de lecture estim\u00e9e":"2 minutes"},"schema":{"@context":"https:\/\/schema.org","@graph":[{"@type":"WebPage","@id":"https:\/\/mori-mana.com\/index.php\/produit\/dispositif-laser-portable\/","url":"https:\/\/mori-mana.com\/index.php\/produit\/dispositif-laser-portable\/","name":"DISPOSITIF LASER PORTABLE - mori-mana.com","isPartOf":{"@id":"https:\/\/mori-mana.com\/#website"},"primaryImageOfPage":{"@id":"https:\/\/mori-mana.com\/index.php\/produit\/dispositif-laser-portable\/#primaryimage"},"image":{"@id":"https:\/\/mori-mana.com\/index.php\/produit\/dispositif-laser-portable\/#primaryimage"},"thumbnailUrl":"https:\/\/mori-mana.com\/wp-content\/uploads\/2025\/01\/36.png","datePublished":"2024-12-27T23:06:36+00:00","dateModified":"2025-02-12T21:05:39+00:00","description":"D\u00e9couvrez le DISPOSITIF LASER PORTABLE pour des applications laser pratiques et efficaces o\u00f9 que vous soyez. Utilisation rapide et efficace.","breadcrumb":{"@id":"https:\/\/mori-mana.com\/index.php\/produit\/dispositif-laser-portable\/#breadcrumb"},"inLanguage":"fr-FR","potentialAction":[{"@type":"ReadAction","target":["https:\/\/mori-mana.com\/index.php\/produit\/dispositif-laser-portable\/"]}]},{"@type":"ImageObject","inLanguage":"fr-FR","@id":"https:\/\/mori-mana.com\/index.php\/produit\/dispositif-laser-portable\/#primaryimage","url":"https:\/\/mori-mana.com\/wp-content\/uploads\/2025\/01\/36.png","contentUrl":"https:\/\/mori-mana.com\/wp-content\/uploads\/2025\/01\/36.png","width":1000,"height":1000},{"@type":"BreadcrumbList","@id":"https:\/\/mori-mana.com\/index.php\/produit\/dispositif-laser-portable\/#breadcrumb","itemListElement":[{"@type":"ListItem","position":1,"name":"Home","item":"https:\/\/mori-mana.com\/"},{"@type":"ListItem","position":2,"name":"NOS PRODUITS","item":"https:\/\/mori-mana.com\/index.php\/nos-produits\/"},{"@type":"ListItem","position":3,"name":"DISPOSITIF LASER PORTABLE"}]},{"@type":"WebSite","@id":"https:\/\/mori-mana.com\/#website","url":"https:\/\/mori-mana.com\/","name":"mori-mana.com","description":"Le bien \u00eatre dans le corps et l\u2019esprit par la lumi\u00e8re.","publisher":{"@id":"https:\/\/mori-mana.com\/#organization"},"potentialAction":[{"@type":"SearchAction","target":{"@type":"EntryPoint","urlTemplate":"https:\/\/mori-mana.com\/?s={search_term_string}"},"query-input":{"@type":"PropertyValueSpecification","valueRequired":true,"valueName":"search_term_string"}}],"inLanguage":"fr-FR"},{"@type":"Organization","@id":"https:\/\/mori-mana.com\/#organization","name":"mori-mana.com","url":"https:\/\/mori-mana.com\/","logo":{"@type":"ImageObject","inLanguage":"fr-FR","@id":"https:\/\/mori-mana.com\/#\/schema\/logo\/image\/","url":"https:\/\/mori-mana.com\/wp-content\/uploads\/2024\/10\/cropped-Icone-blanc-MORI-MANA.png","contentUrl":"https:\/\/mori-mana.com\/wp-content\/uploads\/2024\/10\/cropped-Icone-blanc-MORI-MANA.png","width":512,"height":512,"caption":"mori-mana.com"},"image":{"@id":"https:\/\/mori-mana.com\/#\/schema\/logo\/image\/"},"sameAs":["https:\/\/www.facebook.com\/share\/1ETiANG9SL\/?mibextid=wwXIfr"]}]}},"jetpack_sharing_enabled":true,"_links":{"self":[{"href":"https:\/\/mori-mana.com\/index.php\/wp-json\/wp\/v2\/product\/597","targetHints":{"allow":["GET"]}}],"collection":[{"href":"https:\/\/mori-mana.com\/index.php\/wp-json\/wp\/v2\/product"}],"about":[{"href":"https:\/\/mori-mana.com\/index.php\/wp-json\/wp\/v2\/types\/product"}],"wp:featuredmedia":[{"embeddable":true,"href":"https:\/\/mori-mana.com\/index.php\/wp-json\/wp\/v2\/media\/1270"}],"wp:attachment":[{"href":"https:\/\/mori-mana.com\/index.php\/wp-json\/wp\/v2\/media?parent=597"}],"wp:term":[{"taxonomy":"product_brand","embeddable":true,"href":"https:\/\/mori-mana.com\/index.php\/wp-json\/wp\/v2\/product_brand?post=597"},{"taxonomy":"product_cat","embeddable":true,"href":"https:\/\/mori-mana.com\/index.php\/wp-json\/wp\/v2\/product_cat?post=597"},{"taxonomy":"product_tag","embeddable":true,"href":"https:\/\/mori-mana.com\/index.php\/wp-json\/wp\/v2\/product_tag?post=597"}],"curies":[{"name":"wp","href":"https:\/\/api.w.org\/{rel}","templated":true}]}}